{"id":4156,"date":"2026-04-04T03:21:18","date_gmt":"2026-04-04T03:21:18","guid":{"rendered":"https:\/\/lyfilter.com\/"},"modified":"2026-04-04T03:21:18","modified_gmt":"2026-04-04T03:21:18","slug":"7-stage-resin-softener-reverse-osmosis-water-purifiers-purificadores-de-agua-osmosis-inversa","status":"publish","type":"product","link":"https:\/\/lyfilter.com\/fr\/7-stage-resin-softener-reverse-osmosis-water-purifiers-purificadores-de-agua-osmosis-inversa\/","title":{"rendered":"7 Stage Resin Softener Reverse Osmosis Water Purifiers \/ Purificadores De Agua Osmosis Inversa"},"content":{"rendered":"<p>Con\u00e7u pour les foyers qui ont besoin d'une eau plus propre et plus douce, ce purificateur par osmose inverse \u00e0 7 \u00e9tapes combine l'adoucissement par r\u00e9sine et la filtration en couches pour r\u00e9duire les impuret\u00e9s, am\u00e9liorer le go\u00fbt et fournir de l'eau fra\u00eeche pour la boisson et la cuisine de tous les jours.<\/p>","protected":false},"excerpt":{"rendered":"<table>\n<thead>\n<tr>\n<th>Attribut<\/th>\n<th>Valeur<\/th>\n<th>Attribut<\/th>\n<th>Valeur<\/th>\n<\/tr>\n<\/thead>\n<tbody>\n<tr>\n<td>Lieu d'origine<\/td>\n<td>Guangdong, Chine<\/td>\n<td>Nom de la marque<\/td>\n<td>LvYuan \/ OEM<\/td>\n<\/tr>\n<tr>\n<td>Num\u00e9ro de mod\u00e8le<\/td>\n<td>LY-RO-111<\/td>\n<td>Puissance (W)<\/td>\n<td>24<\/td>\n<\/tr>\n<tr>\n<td>Tension (V)<\/td>\n<td>220<\/td>\n<td>Type<\/td>\n<td>Osmose inverse<\/td>\n<\/tr>\n<tr>\n<td>Certification<\/td>\n<td>CB, ce, GS, RoHS<\/td>\n<td>Utilisation<\/td>\n<td>Sous l'\u00e9vier<\/td>\n<\/tr>\n<tr>\n<td>Nom du produit<\/td>\n<td>purificateurs d'eau osmos\u00e9e invers\u00e9s<\/td>\n<td>Membrane RO<\/td>\n<td>Vontron, CSM, DOW<\/td>\n<\/tr>\n<tr>\n<td>Adoucisseur d'eau<\/td>\n<td>R\u00e9sine 500mL<\/td>\n<td>Eau applicable<\/td>\n<td>eau du robinet municipal<\/td>\n<\/tr>\n<tr>\n<td>D\u00e9bit<\/td>\n<td>50GDP, 75GDP, 100GDP<\/td>\n<td>Pompe<\/td>\n<td>Dengyuan\/Grandforest\/E-CHEN<\/td>\n<\/tr>\n<tr>\n<td>Type de pompe<\/td>\n<td>Pompe de surpression\/pompe auto-amor\u00e7ante<\/td>\n<td>Capacit\u00e9 du r\u00e9servoir<\/td>\n<td>3.2G, 4G<\/td>\n<\/tr>\n<tr>\n<td>Tension<\/td>\n<td>110V \u00e0 240V<\/td>\n<td>Stade<\/td>\n<td>5\/6\/7\/8 Stade de l'option<\/td>\n<\/tr>\n<tr>\n<td>Capacit\u00e9 d'approvisionnement<\/td>\n<td>5000 Piece\/Pieces par jour purificateurs d'eau par osmose inverse<\/td>\n<td><\/td>\n<td><\/td>\n<\/tr>\n<\/tbody>\n<\/table>","protected":false},"featured_media":4158,"comment_status":"open","ping_status":"closed","template":"","meta":{"_gspb_post_css":""},"product_brand":[],"product_cat":[1470],"product_tag":[1471,1474,1472,1473,1136,1286],"class_list":{"0":"post-4156","1":"product","2":"type-product","3":"status-publish","4":"has-post-thumbnail","6":"product_cat-under-sink-ro-water-purifier","7":"product_tag-7-stage-water-purifier","8":"product_tag-purificadores-de-agua-osmosis-inversa","9":"product_tag-resin-softener-water-filter","10":"product_tag-reverse-osmosis-purifier","11":"product_tag-water-filter-locks","12":"product_tag-water-purification-system","14":"first","15":"instock","16":"shipping-taxable","17":"product-type-simple"},"_links":{"self":[{"href":"https:\/\/lyfilter.com\/fr\/wp-json\/wp\/v2\/product\/4156","targetHints":{"allow":["GET"]}}],"collection":[{"href":"https:\/\/lyfilter.com\/fr\/wp-json\/wp\/v2\/product"}],"about":[{"href":"https:\/\/lyfilter.com\/fr\/wp-json\/wp\/v2\/types\/product"}],"replies":[{"embeddable":true,"href":"https:\/\/lyfilter.com\/fr\/wp-json\/wp\/v2\/comments?post=4156"}],"wp:featuredmedia":[{"embeddable":true,"href":"https:\/\/lyfilter.com\/fr\/wp-json\/wp\/v2\/media\/4158"}],"wp:attachment":[{"href":"https:\/\/lyfilter.com\/fr\/wp-json\/wp\/v2\/media?parent=4156"}],"wp:term":[{"taxonomy":"product_brand","embeddable":true,"href":"https:\/\/lyfilter.com\/fr\/wp-json\/wp\/v2\/product_brand?post=4156"},{"taxonomy":"product_cat","embeddable":true,"href":"https:\/\/lyfilter.com\/fr\/wp-json\/wp\/v2\/product_cat?post=4156"},{"taxonomy":"product_tag","embeddable":true,"href":"https:\/\/lyfilter.com\/fr\/wp-json\/wp\/v2\/product_tag?post=4156"}],"curies":[{"name":"wp","href":"https:\/\/api.w.org\/{rel}","templated":true}]}}