{"id":4143,"date":"2026-04-04T03:12:27","date_gmt":"2026-04-04T03:12:27","guid":{"rendered":"https:\/\/lyfilter.com\/"},"modified":"2026-04-04T03:12:27","modified_gmt":"2026-04-04T03:12:27","slug":"good-sellingpleated-water-filters-for-water-purification","status":"publish","type":"product","link":"https:\/\/lyfilter.com\/fr\/good-sellingpleated-water-filters-for-water-purification\/","title":{"rendered":"Filtres \u00e0 eau pour la purification de l'eau"},"content":{"rendered":"<p>Con\u00e7u pour une purification de l'eau propre et constante, ce bo\u00eetier de filtre \u00e0 cartouches multiples Doe 222 UF est fabriqu\u00e9 en acier inoxydable SS 304 de qualit\u00e9 alimentaire. Il fonctionne parfaitement avec les filtres \u00e0 eau pliss\u00e9s, offrant une durabilit\u00e9 durable, un d\u00e9bit r\u00e9gulier et une utilisation quotidienne pratique.<\/p>","protected":false},"excerpt":{"rendered":"<table>\n<thead>\n<tr>\n<th>Attribut<\/th>\n<th>Valeur<\/th>\n<th>Attribut<\/th>\n<th>Valeur<\/th>\n<\/tr>\n<\/thead>\n<tbody>\n<tr>\n<td>Industries concern\u00e9es<\/td>\n<td>Usine de fabrication, usine de produits alimentaires et de boissons, traitement de l'eau<\/td>\n<td>Lieu d'origine<\/td>\n<td>Guangdong, Chine<\/td>\n<\/tr>\n<tr>\n<td>Nom de la marque<\/td>\n<td>Lvyuan, OEM, ODM<\/td>\n<td>Mat\u00e9riau<\/td>\n<td>membrane en nylon6<\/td>\n<\/tr>\n<tr>\n<td>Poids<\/td>\n<td>personnalis\u00e9<\/td>\n<td>Taille<\/td>\n<td>personnalis\u00e9<\/td>\n<\/tr>\n<tr>\n<td>Puissance<\/td>\n<td>0<\/td>\n<td>Garantie<\/td>\n<td>Indisponible<\/td>\n<\/tr>\n<tr>\n<td>Fonctionnalit\u00e9<\/td>\n<td>augmentation de la surface de filtration<\/td>\n<td>Longueur<\/td>\n<td>10\/20\/30\/40 pouces<\/td>\n<\/tr>\n<tr>\n<td>Certification<\/td>\n<td>SGS<\/td>\n<td>Forme<\/td>\n<td>cylindre<\/td>\n<\/tr>\n<tr>\n<td>Utilisation<\/td>\n<td>traitement de l'eau<\/td>\n<td>Application<\/td>\n<td>l'industrie<\/td>\n<\/tr>\n<tr>\n<td>Couleur<\/td>\n<td>blanc<\/td>\n<td>Emballage<\/td>\n<td>bo\u00eete en papier<\/td>\n<\/tr>\n<tr>\n<td>Autre nom<\/td>\n<td>cartouche filtrante pliante<\/td>\n<td>OD<\/td>\n<td>69 mm<\/td>\n<\/tr>\n<tr>\n<td>Service apr\u00e8s-vente<\/td>\n<td>Service de maintenance et de r\u00e9paration sur le terrain, Assistance en ligne<\/td>\n<td>Capacit\u00e9 d'approvisionnement<\/td>\n<td>5000 pi\u00e8ces par mois<\/td>\n<\/tr>\n<\/tbody>\n<\/table>","protected":false},"featured_media":4149,"comment_status":"open","ping_status":"closed","template":"","meta":{"_gspb_post_css":""},"product_brand":[],"product_cat":[1095],"product_tag":[1458,1460,1463,1464,1462,1136],"class_list":{"0":"post-4143","1":"product","2":"type-product","3":"status-publish","4":"has-post-thumbnail","6":"product_cat-string-wound-filter-cartridge","7":"product_tag-doe-222-filter-housing","8":"product_tag-food-grade-ss-304-housing","9":"product_tag-multi-cartridge-filter-housing","10":"product_tag-pleated-water-filters","11":"product_tag-uf-filter-housing","12":"product_tag-water-filter-locks","14":"first","15":"instock","16":"shipping-taxable","17":"product-type-simple"},"_links":{"self":[{"href":"https:\/\/lyfilter.com\/fr\/wp-json\/wp\/v2\/product\/4143","targetHints":{"allow":["GET"]}}],"collection":[{"href":"https:\/\/lyfilter.com\/fr\/wp-json\/wp\/v2\/product"}],"about":[{"href":"https:\/\/lyfilter.com\/fr\/wp-json\/wp\/v2\/types\/product"}],"replies":[{"embeddable":true,"href":"https:\/\/lyfilter.com\/fr\/wp-json\/wp\/v2\/comments?post=4143"}],"wp:featuredmedia":[{"embeddable":true,"href":"https:\/\/lyfilter.com\/fr\/wp-json\/wp\/v2\/media\/4149"}],"wp:attachment":[{"href":"https:\/\/lyfilter.com\/fr\/wp-json\/wp\/v2\/media?parent=4143"}],"wp:term":[{"taxonomy":"product_brand","embeddable":true,"href":"https:\/\/lyfilter.com\/fr\/wp-json\/wp\/v2\/product_brand?post=4143"},{"taxonomy":"product_cat","embeddable":true,"href":"https:\/\/lyfilter.com\/fr\/wp-json\/wp\/v2\/product_cat?post=4143"},{"taxonomy":"product_tag","embeddable":true,"href":"https:\/\/lyfilter.com\/fr\/wp-json\/wp\/v2\/product_tag?post=4143"}],"curies":[{"name":"wp","href":"https:\/\/api.w.org\/{rel}","templated":true}]}}