{"id":4140,"date":"2026-04-04T03:09:09","date_gmt":"2026-04-04T03:09:09","guid":{"rendered":"https:\/\/lyfilter.com\/"},"modified":"2026-04-04T03:09:09","modified_gmt":"2026-04-04T03:09:09","slug":"doe-222-uf-food-grade-ss-304-multi-cartridge-filter-housing","status":"publish","type":"product","link":"https:\/\/lyfilter.com\/fr\/doe-222-uf-food-grade-ss-304-multi-cartridge-filter-housing\/","title":{"rendered":"Doe 222 Uf Food Grade SS 304 Multi Cartridge Filter Housing"},"content":{"rendered":"<div class=\"unit-detail-html-tabs__content-attr\">\n<div class=\"unit-product-attrparam\">\n<div class=\"unit-product-attrparam__items row\">\n<div class=\"col-12 col-md-6\">\n<div class=\"unit-product-attrparam__item\"><\/div>\n<\/div>\n<div class=\"col-12 col-md-6\">\n<div class=\"unit-product-attrparam__item\"><\/div>\n<\/div>\n<\/div>\n<\/div>\n<\/div>\n<div class=\"unit-detail-html-tabs__content-html\">\n<div>\n<p><strong>cartouche en acier inoxydable\u00a0<a href=\"https:\/\/lyfilter.com\/fr\/stainless-steel-filter-housing.html\/\">bo\u00eetier du filtre \u00e0 eau<\/a>\u00a0Introduction<\/strong><br \/>\nLes\u00a0<a href=\"https:\/\/lyfilter.com\/fr\/stainless-steel-filter-housing.html\/\">bo\u00eetier de filtre en acier inoxydable<\/a>\u00a0peut \u00eatre utilis\u00e9 avec diff\u00e9rents types de cartouches. Les surfaces int\u00e9rieures et ext\u00e9rieures sont polies, la structure est raisonnable et il n'y a pas d'angle mort. Il est facile \u00e0 installer et \u00e0 nettoyer, et peut atteindre les effets de filtration requis par les clients. Sa conception est conforme aux normes GMP de l'industrie m\u00e9dicale. Le filtre comprend un filtre \u00e0 liquide et un filtre \u00e0 gaz.<\/p>\n<p>&nbsp;<\/p>\n<p><strong>Bo\u00eetier de filtre \u00e0 eau \u00e0 cartouche en acier inoxydable Param\u00e8tres<\/strong><\/p>\n<div class=\"table-responsive\">\n<table>\n<tbody>\n<tr class=\"firstRow\">\n<td valign=\"center\" width=\"210\"><strong>mat\u00e9riel<\/strong><\/td>\n<td valign=\"center\" width=\"353\">SS304 ou SS316<\/td>\n<\/tr>\n<tr>\n<td valign=\"center\" width=\"210\"><strong>longueur de la cartouche<\/strong><\/td>\n<td valign=\"center\" width=\"353\">10\u2033, 20\u2033 ,30\u2033 ,40\u2033<\/td>\n<\/tr>\n<tr>\n<td valign=\"center\" width=\"210\"><strong>noyau de la cartouche<\/strong><\/td>\n<td valign=\"center\" width=\"353\">une ou plusieurs cartouches<\/td>\n<\/tr>\n<tr>\n<td valign=\"center\" width=\"210\"><strong>Quantit\u00e9 de cartouches<\/strong><\/td>\n<td valign=\"center\" width=\"353\"><strong>1 \u00e0 160 pi\u00e8ces en option<\/strong><\/td>\n<\/tr>\n<tr>\n<td valign=\"center\" width=\"210\"><strong>traitement de surface<\/strong><\/td>\n<td valign=\"center\" width=\"353\">Ext\u00e9rieur poli ou sabl\u00e9<\/td>\n<\/tr>\n<tr>\n<td valign=\"center\" width=\"210\"><strong>Type d'installation du bouchon sup\u00e9rieur<\/strong><\/td>\n<td valign=\"center\" width=\"353\">type de boulons de levage, type de bride, type de collier,<\/td>\n<\/tr>\n<tr>\n<td valign=\"center\" width=\"210\"><strong>connexion entr\u00e9e\/sortie<\/strong><\/td>\n<td valign=\"center\" width=\"353\">type de filetage, type de bride, type de pogode<\/td>\n<\/tr>\n<tr>\n<td valign=\"center\" width=\"210\"><strong>joint torique<\/strong><\/td>\n<td valign=\"center\" width=\"353\">silicone, NBR, EPDM, Viton<\/td>\n<\/tr>\n<tr>\n<td valign=\"center\" width=\"210\"><strong>utilisation<\/strong><\/td>\n<td valign=\"center\" width=\"353\">Filtre pour liquides et gaz<\/td>\n<\/tr>\n<tr>\n<td valign=\"center\" width=\"210\"><strong>accepter<\/strong><strong>t<\/strong><\/td>\n<td valign=\"center\" width=\"353\">OEM<\/td>\n<\/tr>\n<\/tbody>\n<\/table>\n<\/div>\n<\/div>\n<\/div>","protected":false},"excerpt":{"rendered":"<table>\n<thead>\n<tr>\n<th>Attribut<\/th>\n<th>Valeur<\/th>\n<th>Attribut<\/th>\n<th>Valeur<\/th>\n<\/tr>\n<\/thead>\n<tbody>\n<tr>\n<td>Condition<\/td>\n<td>Nouveau<\/td>\n<td>Mod\u00e8le<\/td>\n<td>LY-HFPL<\/td>\n<\/tr>\n<tr>\n<td>Industries concern\u00e9es<\/td>\n<td>H\u00f4tels, magasins de v\u00eatements, magasins de mat\u00e9riaux de construction, usines de fabrication, ateliers de r\u00e9paration de machines, usines de produits alimentaires et de boissons, fermes, restaurants, usage domestique, commerce de d\u00e9tail, magasins d'alimentation, imprimeries, travaux de construction, \u00e9nergie et mines, magasins de produits alimentaires et de boissons, soci\u00e9t\u00e9s de publicit\u00e9.<\/td>\n<td>Marque<\/td>\n<td>OEM\/Lvyuan<\/td>\n<\/tr>\n<tr>\n<td>Service apr\u00e8s-vente<\/td>\n<td>Soutien en ligne<\/td>\n<td>Lieu d'origine<\/td>\n<td>Guangdong, Chine<\/td>\n<\/tr>\n<tr>\n<td>Lieu de service local<\/td>\n<td>aucun<\/td>\n<td>Port de d\u00e9part<\/td>\n<td>Guangzhou<\/td>\n<\/tr>\n<tr>\n<td>Emplacement de la salle d'exposition<\/td>\n<td>aucun<\/td>\n<td>Mat\u00e9riau<\/td>\n<td>Pliss\u00e9<\/td>\n<\/tr>\n<tr>\n<td>Poids<\/td>\n<td>0<\/td>\n<td>Diam\u00e8tre<\/td>\n<td>70mm\/OEM<\/td>\n<\/tr>\n<tr>\n<td>Taille<\/td>\n<td>10\u2033\/20\u2033\/30\u2033\/40\u2033\/50\u2033\/60\u2033<\/td>\n<td>Longueur<\/td>\n<td>5 \/ 10 \/ 20 \/ 30 \/ 40 \/ 50 \/ 60 pouces<\/td>\n<\/tr>\n<tr>\n<td>Puissance<\/td>\n<td>0<\/td>\n<td>Noyau interne<\/td>\n<td>PP\/SS\/OEM<\/td>\n<\/tr>\n<tr>\n<td>Garantie<\/td>\n<td>Indisponible<\/td>\n<td>Mat\u00e9riau de la membrane filtrante<\/td>\n<td>PP\/PVDF\/PTFE\/PES\/Nylon<\/td>\n<\/tr>\n<tr>\n<td>Nom<\/td>\n<td>Cartouche filtrante pliss\u00e9e industrielle en polypropyl\u00e8ne PP<\/td>\n<td>Conecteur<\/td>\n<td>Fin\/222\/226\/215\/DOE\/Thread<\/td>\n<\/tr>\n<tr>\n<td>Micron<\/td>\n<td>0.22\/0.5\/1\/3\/5\/10\/25\/50\/75\/100\/150<\/td>\n<td>Mat\u00e9riau du joint torique<\/td>\n<td>EPDM\/Viton\/Silicone\/Te flon<\/td>\n<\/tr>\n<tr>\n<td>M\u00e9thode de scellement<\/td>\n<td>Soudage par fusion \u00e0 chaud<\/td>\n<td>MOQ<\/td>\n<td>1 pi\u00e8ce<\/td>\n<\/tr>\n<tr>\n<td>Paiement<\/td>\n<td>T\/T, Western Union, Alibaba Trade Assurance<\/td>\n<td>D\u00e9lai de livraison<\/td>\n<td>Dans les 7 jours ouvrables<\/td>\n<\/tr>\n<tr>\n<td>Certification<\/td>\n<td>ISO 9001<\/td>\n<td>Capacit\u00e9 de production<\/td>\n<td>10000 unit\u00e9s\/mois<\/td>\n<\/tr>\n<tr>\n<td>Capacit\u00e9 d'approvisionnement<\/td>\n<td>500 pi\u00e8ces par jour<\/td>\n<td><\/td>\n<td><\/td>\n<\/tr>\n<\/tbody>\n<\/table>","protected":false},"featured_media":4142,"comment_status":"open","ping_status":"closed","template":"","meta":{"_gspb_post_css":""},"product_brand":[],"product_cat":[15],"product_tag":[1458,1460,1264,1461,1459,1136],"class_list":{"0":"post-4140","1":"product","2":"type-product","3":"status-publish","4":"has-post-thumbnail","6":"product_cat-stainless-steel-filter-housing","7":"product_tag-doe-222-filter-housing","8":"product_tag-food-grade-ss-304-housing","9":"product_tag-industrial-water-filter-housing","10":"product_tag-multi-cartridge-stainless-filter","11":"product_tag-uf-cartridge-filter-housing","12":"product_tag-water-filter-locks","14":"first","15":"instock","16":"shipping-taxable","17":"product-type-simple"},"_links":{"self":[{"href":"https:\/\/lyfilter.com\/fr\/wp-json\/wp\/v2\/product\/4140","targetHints":{"allow":["GET"]}}],"collection":[{"href":"https:\/\/lyfilter.com\/fr\/wp-json\/wp\/v2\/product"}],"about":[{"href":"https:\/\/lyfilter.com\/fr\/wp-json\/wp\/v2\/types\/product"}],"replies":[{"embeddable":true,"href":"https:\/\/lyfilter.com\/fr\/wp-json\/wp\/v2\/comments?post=4140"}],"wp:featuredmedia":[{"embeddable":true,"href":"https:\/\/lyfilter.com\/fr\/wp-json\/wp\/v2\/media\/4142"}],"wp:attachment":[{"href":"https:\/\/lyfilter.com\/fr\/wp-json\/wp\/v2\/media?parent=4140"}],"wp:term":[{"taxonomy":"product_brand","embeddable":true,"href":"https:\/\/lyfilter.com\/fr\/wp-json\/wp\/v2\/product_brand?post=4140"},{"taxonomy":"product_cat","embeddable":true,"href":"https:\/\/lyfilter.com\/fr\/wp-json\/wp\/v2\/product_cat?post=4140"},{"taxonomy":"product_tag","embeddable":true,"href":"https:\/\/lyfilter.com\/fr\/wp-json\/wp\/v2\/product_tag?post=4140"}],"curies":[{"name":"wp","href":"https:\/\/api.w.org\/{rel}","templated":true}]}}