{"id":4119,"date":"2026-04-03T10:54:26","date_gmt":"2026-04-03T10:54:26","guid":{"rendered":"https:\/\/lyfilter.com\/"},"modified":"2026-04-03T10:54:26","modified_gmt":"2026-04-03T10:54:26","slug":"high-temperature-resistance-100-micron-water-mesh-filter-stainless-steel-cartridge-10-inch","status":"publish","type":"product","link":"https:\/\/lyfilter.com\/fr\/high-temperature-resistance-100-micron-water-mesh-filter-stainless-steel-cartridge-10-inch\/","title":{"rendered":"R\u00e9sistance aux temp\u00e9ratures \u00e9lev\u00e9es Filtre \u00e0 eau 100 microns Cartouche en acier inoxydable 10 pouces"},"content":{"rendered":"<p>Con\u00e7ue pour la filtration, cette cartouche filtrante en acier inoxydable de 10 pouces offre un contr\u00f4le de 100 microns et une r\u00e9sistance aux temp\u00e9ratures \u00e9lev\u00e9es. Elle permet de maintenir le d\u00e9bit, de prot\u00e9ger les \u00e9quipements et d'assurer un traitement fiable de l'eau pendant les journ\u00e9es de travail.<\/p>","protected":false},"excerpt":{"rendered":"<table>\n<thead>\n<tr>\n<th>Objet<\/th>\n<th>Valeur<\/th>\n<th>Objet<\/th>\n<th>Valeur<\/th>\n<\/tr>\n<\/thead>\n<tbody>\n<tr>\n<td>Condition<\/td>\n<td>Nouveau<\/td>\n<td>Garantie<\/td>\n<td>6 mois<\/td>\n<\/tr>\n<tr>\n<td>Industries concern\u00e9es<\/td>\n<td>H\u00f4tels ; magasins de v\u00eatements ; magasins de mat\u00e9riaux de construction ; usines de fabrication ; ateliers de r\u00e9paration de machines ; usines de produits alimentaires et de boissons ; fermes ; restaurants ; usage domestique ; commerce de d\u00e9tail ; magasins d'alimentation ; imprimeries ; travaux de construction ; \u00e9nergie et mines ; magasins de produits alimentaires et de boissons<\/td>\n<td>Service apr\u00e8s-vente<\/td>\n<td>Soutien en ligne<\/td>\n<\/tr>\n<tr>\n<td>Lieu de service local<\/td>\n<td>aucun<\/td>\n<td>Emplacement de la salle d'exposition<\/td>\n<td>aucun<\/td>\n<\/tr>\n<tr>\n<td>Vid\u00e9o de l'inspection de sortie<\/td>\n<td>Fourni<\/td>\n<td>Rapport d'essai des machines<\/td>\n<td>Fourni<\/td>\n<\/tr>\n<tr>\n<td>Type de marketing<\/td>\n<td>Produit ordinaire<\/td>\n<td>Garantie des composants de base<\/td>\n<td>1 an<\/td>\n<\/tr>\n<tr>\n<td>Composants essentiels<\/td>\n<td>R\u00e9servoir sous pression<\/td>\n<td>Lieu d'origine<\/td>\n<td>Guangdong, Chine<\/td>\n<\/tr>\n<tr>\n<td>Nom de la marque<\/td>\n<td>Lvyuan\/OEM<\/td>\n<td>Utilisation<\/td>\n<td>Filtre \u00e0 liquide ; traitement de l'eau<\/td>\n<\/tr>\n<tr>\n<td>Type<\/td>\n<td>\u00c9l\u00e9ments filtrants<\/td>\n<td>Mat\u00e9riau<\/td>\n<td>Fibre m\u00e9tallique ; maille en acier inoxydable<\/td>\n<\/tr>\n<tr>\n<td>Fonctionnalit\u00e9<\/td>\n<td>bonne perm\u00e9abilit\u00e9<\/td>\n<td>Longueur<\/td>\n<td>10\/20\/30\/40 pouces ou sur mesure<\/td>\n<\/tr>\n<tr>\n<td>Forme<\/td>\n<td>cylindre<\/td>\n<td>Application<\/td>\n<td>l'industrie<\/td>\n<\/tr>\n<tr>\n<td>Couleur<\/td>\n<td>argent liquide<\/td>\n<td>Emballage<\/td>\n<td>bo\u00eete en papier<\/td>\n<\/tr>\n<tr>\n<td>taux d'\u00e9limination<\/td>\n<td>2 \u00e0 200\u03bcm<\/td>\n<td>Avantage<\/td>\n<td>r\u00e9utilisation<\/td>\n<\/tr>\n<tr>\n<td>Capacit\u00e9 d'approvisionnement<\/td>\n<td>1000 pi\u00e8ces par mois<\/td>\n<td><\/td>\n<td><\/td>\n<\/tr>\n<\/tbody>\n<\/table>","protected":false},"featured_media":4120,"comment_status":"open","ping_status":"closed","template":"","meta":{"_gspb_post_css":""},"product_brand":[],"product_cat":[1205],"product_tag":[887,1444,1445,743,1257,1446],"class_list":{"0":"post-4119","1":"product","2":"type-product","3":"status-publish","4":"has-post-thumbnail","6":"product_cat-stainless-steel-sintered-filter-cartridge","7":"product_tag-10-inch-water-filter-cartridge","8":"product_tag-100-micron-water-mesh-filter","9":"product_tag-high-temperature-resistant-filter","10":"product_tag-industrial-water-filter-cartridge","11":"product_tag-stainless-steel-cartridge-filter","12":"product_tag-stainless-steel-mesh-filter","14":"first","15":"instock","16":"shipping-taxable","17":"product-type-simple"},"_links":{"self":[{"href":"https:\/\/lyfilter.com\/fr\/wp-json\/wp\/v2\/product\/4119","targetHints":{"allow":["GET"]}}],"collection":[{"href":"https:\/\/lyfilter.com\/fr\/wp-json\/wp\/v2\/product"}],"about":[{"href":"https:\/\/lyfilter.com\/fr\/wp-json\/wp\/v2\/types\/product"}],"replies":[{"embeddable":true,"href":"https:\/\/lyfilter.com\/fr\/wp-json\/wp\/v2\/comments?post=4119"}],"wp:featuredmedia":[{"embeddable":true,"href":"https:\/\/lyfilter.com\/fr\/wp-json\/wp\/v2\/media\/4120"}],"wp:attachment":[{"href":"https:\/\/lyfilter.com\/fr\/wp-json\/wp\/v2\/media?parent=4119"}],"wp:term":[{"taxonomy":"product_brand","embeddable":true,"href":"https:\/\/lyfilter.com\/fr\/wp-json\/wp\/v2\/product_brand?post=4119"},{"taxonomy":"product_cat","embeddable":true,"href":"https:\/\/lyfilter.com\/fr\/wp-json\/wp\/v2\/product_cat?post=4119"},{"taxonomy":"product_tag","embeddable":true,"href":"https:\/\/lyfilter.com\/fr\/wp-json\/wp\/v2\/product_tag?post=4119"}],"curies":[{"name":"wp","href":"https:\/\/api.w.org\/{rel}","templated":true}]}}