{"id":4113,"date":"2026-04-03T10:20:13","date_gmt":"2026-04-03T10:20:13","guid":{"rendered":"https:\/\/lyfilter.com\/"},"modified":"2026-04-03T10:20:13","modified_gmt":"2026-04-03T10:20:13","slug":"stainless-steel-water-filter-housing-guangzhou-lvyuan-filter","status":"publish","type":"product","link":"https:\/\/lyfilter.com\/fr\/stainless-steel-water-filter-housing-guangzhou-lvyuan-filter\/","title":{"rendered":"Bo\u00eetier de filtre \u00e0 eau en acier inoxydable Guangzhou - - Lvyuan Filter"},"content":{"rendered":"<p><b>D\u00e9tails du produit\u00a0<a href=\"https:\/\/lyfilter.com\/fr\/stainless-steel-filter-housing.html\/\">bo\u00eetier de filtre \u00e0 eau en acier inoxydable<\/a><\/b><\/p>\n<p>&nbsp;<\/p>\n<p><b>Sp\u00e9cification du produit<\/b><\/p>\n<p>Mat\u00e9riau : Acier inoxydable<\/p>\n<p>&nbsp;<\/p>\n<p><b>Description du produit<\/b><\/p>\n<p>R\u00e9pondre aux divers besoins des clients,\u00a0<a href=\"https:\/\/lyfilter.com\/fr\/\">Filtre Lvyuan<\/a>\u00a0Le bo\u00eetier de filtre \u00e0 eau en acier inoxydable est con\u00e7u avec diff\u00e9rents styles. Il est mis au point en suivant de pr\u00e8s les tendances internationales en mati\u00e8re de technologie et de d\u00e9veloppement avanc\u00e9s. . En traitant les employ\u00e9s avec un respect mutuel, le personnel de Lvyuan Filter fournit toujours le meilleur service aux clients.<\/p>\n<p><strong>Cartouche unique\u00a0<a href=\"https:\/\/lyfilter.com\/fr\/stainless-steel-filter-housing.html\/\">Bo\u00eetier de filtre en acier inoxydable<\/a><\/strong><\/p>\n<p>Le filtre \u00e0 noyau unique est divis\u00e9 en deux types : filtration des liquides et des gaz, et la taille peut \u00eatre divis\u00e9e en 5\u2033, 10\u2033, 20\u2033, 30\u2033 et 40\u2033, etc. La pression de travail est g\u00e9n\u00e9ralement comprise entre 0,1 et 0,4 Mpa. En raison des diff\u00e9rentes tailles de pores des\u00a0<a href=\"https:\/\/lyfilter.com\/fr\/products.html\/\">\u00e9l\u00e9ment filtrant<\/a>les d\u00e9bits sont \u00e9galement diff\u00e9rents. Par exemple, la norme pour la filtration 0,2um-0,4um de l'eau chaotique est de 300-500kg\/h. Pour filtrer 5 t\/h d'eau st\u00e9rile, vous pouvez par exemple choisir un filtre \u00e0 7 \u00e9l\u00e9ments de 0,2 um et 30 pouces. S'il y a beaucoup d'impuret\u00e9s dans le filtre et qu'il y a de la viscosit\u00e9, un dispositif de pr\u00e9filtration doit \u00eatre ajout\u00e9. La filtration des gaz est l\u00e9g\u00e8rement diff\u00e9rente de celle des liquides, et son volume de filtration est calcul\u00e9 en volume de gaz par minute. \u00c9l\u00e9ment filtrant de 10 pouces, diam\u00e8tre des pores \u03c60,22 um, pression de 0,12 Mpa, diff\u00e9rence de pression de 0,01 Mpa, d\u00e9bit de 4-6m3\/min, largement utilis\u00e9 dans l'industrie de la fermentation.<\/p>","protected":false},"excerpt":{"rendered":"<table>\n<thead>\n<tr>\n<th>Objet<\/th>\n<th>Valeur<\/th>\n<th>Objet<\/th>\n<th>Valeur<\/th>\n<\/tr>\n<\/thead>\n<tbody>\n<tr>\n<td>Port de d\u00e9part<\/td>\n<td>Guangzhou<\/td>\n<td>Capacit\u00e9 de production<\/td>\n<td>10000 unit\u00e9s\/mois<\/td>\n<\/tr>\n<tr>\n<td>Paiement<\/td>\n<td>T\/T ; Alibaba Trade Assurance ; paypal<\/td>\n<td>D\u00e9lai de livraison<\/td>\n<td>Dans les 7 jours ouvrables<\/td>\n<\/tr>\n<\/tbody>\n<\/table>","protected":false},"featured_media":4118,"comment_status":"open","ping_status":"closed","template":"","meta":{"_gspb_post_css":""},"product_brand":[],"product_cat":[15],"product_tag":[1441,1084,1186,1442,1440,1443],"class_list":{"0":"post-4113","1":"product","2":"type-product","3":"status-publish","4":"has-post-thumbnail","6":"product_cat-stainless-steel-filter-housing","7":"product_tag-guangzhou-water-filter-housing","8":"product_tag-industrial-filter-housing","9":"product_tag-lvyuan-filter-housing","10":"product_tag-stainless-steel-filter-vessel","11":"product_tag-stainless-steel-water-filter-housing","12":"product_tag-water-filtration-housing","14":"first","15":"instock","16":"shipping-taxable","17":"product-type-simple"},"_links":{"self":[{"href":"https:\/\/lyfilter.com\/fr\/wp-json\/wp\/v2\/product\/4113","targetHints":{"allow":["GET"]}}],"collection":[{"href":"https:\/\/lyfilter.com\/fr\/wp-json\/wp\/v2\/product"}],"about":[{"href":"https:\/\/lyfilter.com\/fr\/wp-json\/wp\/v2\/types\/product"}],"replies":[{"embeddable":true,"href":"https:\/\/lyfilter.com\/fr\/wp-json\/wp\/v2\/comments?post=4113"}],"wp:featuredmedia":[{"embeddable":true,"href":"https:\/\/lyfilter.com\/fr\/wp-json\/wp\/v2\/media\/4118"}],"wp:attachment":[{"href":"https:\/\/lyfilter.com\/fr\/wp-json\/wp\/v2\/media?parent=4113"}],"wp:term":[{"taxonomy":"product_brand","embeddable":true,"href":"https:\/\/lyfilter.com\/fr\/wp-json\/wp\/v2\/product_brand?post=4113"},{"taxonomy":"product_cat","embeddable":true,"href":"https:\/\/lyfilter.com\/fr\/wp-json\/wp\/v2\/product_cat?post=4113"},{"taxonomy":"product_tag","embeddable":true,"href":"https:\/\/lyfilter.com\/fr\/wp-json\/wp\/v2\/product_tag?post=4113"}],"curies":[{"name":"wp","href":"https:\/\/api.w.org\/{rel}","templated":true}]}}