{"id":4111,"date":"2026-04-03T10:12:31","date_gmt":"2026-04-03T10:12:31","guid":{"rendered":"https:\/\/lyfilter.com\/"},"modified":"2026-04-03T10:12:31","modified_gmt":"2026-04-03T10:12:31","slug":"sintered-filter-cartridge-oem-lvyuan-lvyuan-filter","status":"publish","type":"product","link":"https:\/\/lyfilter.com\/fr\/sintered-filter-cartridge-oem-lvyuan-lvyuan-filter\/","title":{"rendered":"Cartouche filtrante fritt\u00e9e OEM\/Lvyuan - - Lvyuan Filter"},"content":{"rendered":"<p><b>Sp\u00e9cification du produit<\/b><\/p>\n<p>Mat\u00e9riau : pe<\/p>\n<p>&nbsp;<\/p>\n<p><b>Pr\u00e9sentation du produit<\/b><\/p>\n<p>Notre\u00a0<a href=\"https:\/\/lyfilter.com\/fr\/\">Filtre Lvyuan<\/a>\u00a0La cartouche filtrante fritt\u00e9e est con\u00e7ue et fabriqu\u00e9e conform\u00e9ment aux exigences en constante \u00e9volution des clients. La cartouche filtrante fritt\u00e9e atteint le niveau avanc\u00e9 de l'industrie. Le service client\u00e8le de Guangzhou Lvyuan Water Purification Equipment Co. a la capacit\u00e9 de ravaler sa fiert\u00e9 et d'accepter les reproches ou les commentaires n\u00e9gatifs.<\/p>\n<p>&nbsp;<\/p>\n<p><strong><a href=\"https:\/\/lyfilter.com\/fr\/sintered-porous-plastic.html\/\">Plastique poreux fritt\u00e9<\/a>\u00a0filtre en PE PA PTFE PVDF<\/strong><\/p>\n<p>Notre soci\u00e9t\u00e9 fabrique des filtres fritt\u00e9s en poly\u00e9thyl\u00e8ne ultra-haut mol\u00e9culaire, dont le poids mol\u00e9culaire est sup\u00e9rieur \u00e0 3 millions de particules de frittage. Les \u00e9l\u00e9ments filtrants fritt\u00e9s sont largement utilis\u00e9s dans les secteurs de la chimie, du p\u00e9trole, de la m\u00e9tallurgie, de l'a\u00e9ronautique, du gaz, de l'\u00e9lectronique, de la pharmacie, de la pneumatique, des composants de r\u00e9gulateurs d'air, de la pression, etc.\u00a0<a href=\"https:\/\/lyfilter.com\/fr\/products.html\/\">\u00e9l\u00e9ment filtrant<\/a>les filtres \u00e0 air et d'autres domaines.<\/p>","protected":false},"excerpt":{"rendered":"<table>\n<thead>\n<tr>\n<th>Objet<\/th>\n<th>Valeur<\/th>\n<th>Objet<\/th>\n<th>Valeur<\/th>\n<\/tr>\n<\/thead>\n<tbody>\n<tr>\n<td>Port de d\u00e9part<\/td>\n<td>Guangzhou<\/td>\n<td>Capacit\u00e9 de production<\/td>\n<td>10000 unit\u00e9s\/mois<\/td>\n<\/tr>\n<tr>\n<td>Paiement<\/td>\n<td>L\/C ; T\/T ; Western Union ; Alibaba Trade Assurance ; PayPal<\/td>\n<td>Marque<\/td>\n<td>OEM\/Lvyuan<\/td>\n<\/tr>\n<\/tbody>\n<\/table>","protected":false},"featured_media":4112,"comment_status":"open","ping_status":"closed","template":"","meta":{"_gspb_post_css":""},"product_brand":[],"product_cat":[22],"product_tag":[1346,1242,1439,810,1438,1237],"class_list":{"0":"post-4111","1":"product","2":"type-product","3":"status-publish","4":"has-post-thumbnail","6":"product_cat-sintered-filter-cartridge","7":"product_tag-industrial-sintered-filter","8":"product_tag-lvyuan-filter","9":"product_tag-metal-filter-element","10":"product_tag-oem-filter-cartridge","11":"product_tag-reusable-filter-cartridge","12":"product_tag-sintered-filter-cartridge","14":"first","15":"instock","16":"shipping-taxable","17":"product-type-simple"},"_links":{"self":[{"href":"https:\/\/lyfilter.com\/fr\/wp-json\/wp\/v2\/product\/4111","targetHints":{"allow":["GET"]}}],"collection":[{"href":"https:\/\/lyfilter.com\/fr\/wp-json\/wp\/v2\/product"}],"about":[{"href":"https:\/\/lyfilter.com\/fr\/wp-json\/wp\/v2\/types\/product"}],"replies":[{"embeddable":true,"href":"https:\/\/lyfilter.com\/fr\/wp-json\/wp\/v2\/comments?post=4111"}],"wp:featuredmedia":[{"embeddable":true,"href":"https:\/\/lyfilter.com\/fr\/wp-json\/wp\/v2\/media\/4112"}],"wp:attachment":[{"href":"https:\/\/lyfilter.com\/fr\/wp-json\/wp\/v2\/media?parent=4111"}],"wp:term":[{"taxonomy":"product_brand","embeddable":true,"href":"https:\/\/lyfilter.com\/fr\/wp-json\/wp\/v2\/product_brand?post=4111"},{"taxonomy":"product_cat","embeddable":true,"href":"https:\/\/lyfilter.com\/fr\/wp-json\/wp\/v2\/product_cat?post=4111"},{"taxonomy":"product_tag","embeddable":true,"href":"https:\/\/lyfilter.com\/fr\/wp-json\/wp\/v2\/product_tag?post=4111"}],"curies":[{"name":"wp","href":"https:\/\/api.w.org\/{rel}","templated":true}]}}