{"id":4109,"date":"2026-04-03T08:46:53","date_gmt":"2026-04-03T08:46:53","guid":{"rendered":"https:\/\/lyfilter.com\/"},"modified":"2026-04-03T08:46:54","modified_gmt":"2026-04-03T08:46:54","slug":"soe-222-226-227-fin-10-20-30-40-50-inch-20-microns-filter-string-pp-water-filter-cartridge-for-stainless-steel-housing-filter","status":"publish","type":"product","link":"https:\/\/lyfilter.com\/fr\/soe-222-226-227-fin-10-20-30-40-50-inch-20-microns-filter-string-pp-water-filter-cartridge-for-stainless-steel-housing-filter\/","title":{"rendered":"SOE 222 226 227 Fin 10\/20\/30\/40\/50 Inch 20 Microns Filter String PP Water Filter Cartridge For Stainless Steel Housing Filter"},"content":{"rendered":"<p>Con\u00e7ue pour les syst\u00e8mes de logement en acier inoxydable, cette cartouche filtrante SOE PP offre une filtration de 20 microns avec des options d'ailettes 222, 226 et 227. Elle permet un d\u00e9bit d'eau propre, une production r\u00e9guli\u00e8re et un dimensionnement flexible de 10 \u00e0 50 pouces.<\/p>","protected":false},"excerpt":{"rendered":"<table>\n<thead>\n<tr>\n<th>Objet<\/th>\n<th>Valeur<\/th>\n<th>Objet<\/th>\n<th>Valeur<\/th>\n<\/tr>\n<\/thead>\n<tbody>\n<tr>\n<td>Port de d\u00e9part<\/td>\n<td>Huangpu\/Nansha<\/td>\n<td>Capacit\u00e9 de production<\/td>\n<td>10000pcs\/mois<\/td>\n<\/tr>\n<tr>\n<td>Lieu d'origine<\/td>\n<td>Guangzhou\/Shenzhen<\/td>\n<td>Paiement<\/td>\n<td>T\/T ; Alibaba Trade Assurance ; paypal<\/td>\n<\/tr>\n<tr>\n<td>MOQ<\/td>\n<td>1 pi\u00e8ce<\/td>\n<td>D\u00e9lai de livraison<\/td>\n<td>5-10 jours<\/td>\n<\/tr>\n<tr>\n<td>Certification<\/td>\n<td>SGS<\/td>\n<td>Marque<\/td>\n<td>OEM\/Lvyuan<\/td>\n<\/tr>\n<\/tbody>\n<\/table>","protected":false},"featured_media":4110,"comment_status":"open","ping_status":"closed","template":"","meta":{"_gspb_post_css":""},"product_brand":[],"product_cat":[23],"product_tag":[1437,1435,1436,632,1434,292],"class_list":{"0":"post-4109","1":"product","2":"type-product","3":"status-publish","4":"has-post-thumbnail","6":"product_cat-pp-filter-cartridge","7":"product_tag-10-20-30-40-50-inch-filter","8":"product_tag-20-micron-string-filter","9":"product_tag-222-226-227-fin-filter","10":"product_tag-pp-water-filter-cartridge","11":"product_tag-soe-pp-water-filter-cartridge","12":"product_tag-stainless-steel-housing-filter","14":"first","15":"instock","16":"shipping-taxable","17":"product-type-simple"},"_links":{"self":[{"href":"https:\/\/lyfilter.com\/fr\/wp-json\/wp\/v2\/product\/4109","targetHints":{"allow":["GET"]}}],"collection":[{"href":"https:\/\/lyfilter.com\/fr\/wp-json\/wp\/v2\/product"}],"about":[{"href":"https:\/\/lyfilter.com\/fr\/wp-json\/wp\/v2\/types\/product"}],"replies":[{"embeddable":true,"href":"https:\/\/lyfilter.com\/fr\/wp-json\/wp\/v2\/comments?post=4109"}],"wp:featuredmedia":[{"embeddable":true,"href":"https:\/\/lyfilter.com\/fr\/wp-json\/wp\/v2\/media\/4110"}],"wp:attachment":[{"href":"https:\/\/lyfilter.com\/fr\/wp-json\/wp\/v2\/media?parent=4109"}],"wp:term":[{"taxonomy":"product_brand","embeddable":true,"href":"https:\/\/lyfilter.com\/fr\/wp-json\/wp\/v2\/product_brand?post=4109"},{"taxonomy":"product_cat","embeddable":true,"href":"https:\/\/lyfilter.com\/fr\/wp-json\/wp\/v2\/product_cat?post=4109"},{"taxonomy":"product_tag","embeddable":true,"href":"https:\/\/lyfilter.com\/fr\/wp-json\/wp\/v2\/product_tag?post=4109"}],"curies":[{"name":"wp","href":"https:\/\/api.w.org\/{rel}","templated":true}]}}