{"id":4102,"date":"2026-04-03T08:43:21","date_gmt":"2026-04-03T08:43:21","guid":{"rendered":"https:\/\/lyfilter.com\/"},"modified":"2026-04-03T08:43:21","modified_gmt":"2026-04-03T08:43:21","slug":"lvyuan-filter-hot-sale-pp-sediment-filter-quality-assurance-for-industry","status":"publish","type":"product","link":"https:\/\/lyfilter.com\/fr\/lvyuan-filter-hot-sale-pp-sediment-filter-quality-assurance-for-industry\/","title":{"rendered":"Lvyuan Filter Hot Sale PP Sediment Filter Quality Assurance For Industry (Filtre \u00e0 s\u00e9diments en PP pour l'industrie)"},"content":{"rendered":"<p>Con\u00e7u pour la filtration industrielle, ce filtre \u00e0 s\u00e9diments Lvyuan Filter PP capture les particules en suspension tout en maintenant un d\u00e9bit r\u00e9gulier. C'est un choix pratique pour les installations qui veulent des performances fiables et un traitement plus propre chaque jour.<\/p>","protected":false},"excerpt":{"rendered":"<table>\n<thead>\n<tr>\n<th>Objet<\/th>\n<th>Valeur<\/th>\n<th>Objet<\/th>\n<th>Valeur<\/th>\n<\/tr>\n<\/thead>\n<tbody>\n<tr>\n<td>Industries concern\u00e9es<\/td>\n<td>Usine de fabrication ; usine de produits alimentaires et de boissons ; usage domestique ; traitement de l'eau<\/td>\n<td>Lieu d'origine<\/td>\n<td>Guangdong, Chine<\/td>\n<\/tr>\n<tr>\n<td>Nom de la marque<\/td>\n<td>Lvyuan ; OEM ; ODM<\/td>\n<td>Mat\u00e9riau<\/td>\n<td>pp<\/td>\n<\/tr>\n<tr>\n<td>Poids<\/td>\n<td>Personnalis\u00e9<\/td>\n<td>Taille<\/td>\n<td>Personnalis\u00e9<\/td>\n<\/tr>\n<tr>\n<td>Puissance<\/td>\n<td>0<\/td>\n<td>Garantie<\/td>\n<td>Indisponible<\/td>\n<\/tr>\n<tr>\n<td>Fonctionnalit\u00e9<\/td>\n<td>taille et logo personnalis\u00e9s acier en acier<\/td>\n<td>Certification<\/td>\n<td>SGS<\/td>\n<\/tr>\n<tr>\n<td>Forme<\/td>\n<td>cylindre<\/td>\n<td>Utilisation<\/td>\n<td>traitement de l'eau<\/td>\n<\/tr>\n<tr>\n<td>Application<\/td>\n<td>l'industrie<\/td>\n<td>Couleur<\/td>\n<td>blanc<\/td>\n<\/tr>\n<tr>\n<td>Emballage<\/td>\n<td>bo\u00eete en papier<\/td>\n<td>Mati\u00e8res premi\u00e8res<\/td>\n<td>pp fibre<\/td>\n<\/tr>\n<tr>\n<td>Apparence<\/td>\n<td>gaufr\u00e9 ; brillant ; etc<\/td>\n<td>Longueur<\/td>\n<td>5\/10\/20\/30\/40 pouces ou sur mesure<\/td>\n<\/tr>\n<tr>\n<td>Service apr\u00e8s-vente<\/td>\n<td>Soutien en ligne<\/td>\n<td>Capacit\u00e9 d'approvisionnement<\/td>\n<td>5000 pi\u00e8ces par semaine<\/td>\n<\/tr>\n<\/tbody>\n<\/table>","protected":false},"featured_media":4103,"comment_status":"open","ping_status":"closed","template":"","meta":{"_gspb_post_css":""},"product_brand":[],"product_cat":[23],"product_tag":[1170,811,1433,662,1347,878],"class_list":{"0":"post-4102","1":"product","2":"type-product","3":"status-publish","4":"has-post-thumbnail","6":"product_cat-pp-filter-cartridge","7":"product_tag-industrial-filtration-cartridge","8":"product_tag-industrial-sediment-filter","9":"product_tag-lvyuan-filter-pp-sediment-filter","10":"product_tag-pp-sediment-filter","11":"product_tag-quality-assurance-filter","12":"product_tag-water-treatment-filter-cartridge","14":"first","15":"instock","16":"shipping-taxable","17":"product-type-simple"},"_links":{"self":[{"href":"https:\/\/lyfilter.com\/fr\/wp-json\/wp\/v2\/product\/4102","targetHints":{"allow":["GET"]}}],"collection":[{"href":"https:\/\/lyfilter.com\/fr\/wp-json\/wp\/v2\/product"}],"about":[{"href":"https:\/\/lyfilter.com\/fr\/wp-json\/wp\/v2\/types\/product"}],"replies":[{"embeddable":true,"href":"https:\/\/lyfilter.com\/fr\/wp-json\/wp\/v2\/comments?post=4102"}],"wp:featuredmedia":[{"embeddable":true,"href":"https:\/\/lyfilter.com\/fr\/wp-json\/wp\/v2\/media\/4103"}],"wp:attachment":[{"href":"https:\/\/lyfilter.com\/fr\/wp-json\/wp\/v2\/media?parent=4102"}],"wp:term":[{"taxonomy":"product_brand","embeddable":true,"href":"https:\/\/lyfilter.com\/fr\/wp-json\/wp\/v2\/product_brand?post=4102"},{"taxonomy":"product_cat","embeddable":true,"href":"https:\/\/lyfilter.com\/fr\/wp-json\/wp\/v2\/product_cat?post=4102"},{"taxonomy":"product_tag","embeddable":true,"href":"https:\/\/lyfilter.com\/fr\/wp-json\/wp\/v2\/product_tag?post=4102"}],"curies":[{"name":"wp","href":"https:\/\/api.w.org\/{rel}","templated":true}]}}