{"id":4095,"date":"2026-04-03T08:35:19","date_gmt":"2026-04-03T08:35:19","guid":{"rendered":"https:\/\/lyfilter.com\/"},"modified":"2026-04-03T08:35:19","modified_gmt":"2026-04-03T08:35:19","slug":"222-226-flat-fin-doe-pp-ptfe-pvdf-pleated-cartridge-nitrogen-gas-filter","status":"publish","type":"product","link":"https:\/\/lyfilter.com\/fr\/222-226-flat-fin-doe-pp-ptfe-pvdf-pleated-cartridge-nitrogen-gas-filter\/","title":{"rendered":"222\/226\/Flat\/Fin\/DOE PP PTFE PVDF Cartouche pliss\u00e9e Filtre \u00e0 azote gazeux"},"content":{"rendered":"<h3>222\/226\/Flat\/Fin\/Doe Ptfe Pvdf Cartouche pliss\u00e9e Filtre \u00e0 gaz d'azote<\/h3>\n<div id=\"kcc3w\">\n<div id=\"kcc3w\">\nLes m\u00e9dias de filtration des filtres \u00e0 azote sont des membranes hydrophobes en PP PTFE PVDF. Notre cartouche de filtre \u00e0 azote pr\u00e9sente d'excellentes caract\u00e9ristiques de fonctionnement, et ses sp\u00e9cifications de s\u00e9curit\u00e9 et de contr\u00f4le thermique sont conformes aux exigences de l'USP des \u00c9tats-Unis. Chaque filtre \u00e0 azote\u00a0<a href=\"https:\/\/lyfilter.com\/fr\/products.html\/\">\u00e9l\u00e9ment filtrant<\/a>\u00a0a pass\u00e9 le test d'int\u00e9grit\u00e9 100% concernant le point de bulle et le d\u00e9bit d'expansion, ce qui lui permet de r\u00e9pondre aux exigences de r\u00e9tention bact\u00e9rienne de l'USA HIME.<\/div>\n<div id=\"kcc3w\"><\/div>\n<div id=\"kcc3w\">La conception pliss\u00e9e des filtres \u00e0 azote gazeux maximise la surface du filtre, ce qui am\u00e9liore l'efficacit\u00e9 de la filtration et prolonge la dur\u00e9e de vie. Ces filtres peuvent \u00e9liminer des particules aussi petites que 0,3 micron avec une grande efficacit\u00e9, ce qui les rend id\u00e9aux pour les besoins de filtration ultrafine, tels que les cartouches filtrantes 222 et 226, etc. Sp\u00e9cifiquement con\u00e7us pour la purification de l'azote gazeux, ces filtres excellent dans l'\u00e9limination des particules, des a\u00e9rosols et de l'humidit\u00e9, garantissant la fourniture d'un gaz propre et sec essentiel pour les industries telles que la fabrication \u00e9lectronique, les produits pharmaceutiques et les environnements de laboratoire.<\/div>\n<\/div>","protected":false},"excerpt":{"rendered":"<p>Le filtre \u00e0 azote \u00e0 cartouche pliss\u00e9e \u00e0 ailettes plates de Lvyuan Filter est con\u00e7u pour les applications critiques de purification des gaz. Fabriqu\u00e9s \u00e0 partir de mat\u00e9riaux tels que le polypropyl\u00e8ne (PP), le polyt\u00e9trafluoro\u00e9thyl\u00e8ne (PTFE) et le fluorure de polyvinylid\u00e8ne (PVDF), ces \u00e9l\u00e9ments filtrants pour l'azote offrent une r\u00e9sistance chimique et une durabilit\u00e9 exceptionnelles. Ces cartouches filtrantes pliss\u00e9es pour l'azote sont disponibles dans diff\u00e9rentes configurations - cartouche filtrante 222, cartouche filtrante 226, plate, \u00e0 ailettes et DOE - afin de r\u00e9pondre aux diff\u00e9rentes exigences d'installation et d'assurer des performances optimales.<\/p>","protected":false},"featured_media":4099,"comment_status":"open","ping_status":"closed","template":"","meta":{"_gspb_post_css":""},"product_brand":[],"product_cat":[24,26],"product_tag":[1430,1431,1427,1428,1432,1429],"class_list":{"0":"post-4095","1":"product","2":"type-product","3":"status-publish","4":"has-post-thumbnail","6":"product_cat-sintered-porous-plastic","7":"product_cat-plastic-silencer","8":"product_tag-222-226-doe-filter","9":"product_tag-industrial-gas-filter","10":"product_tag-nitrogen-gas-filter","11":"product_tag-pleated-cartridge-filter","12":"product_tag-pleated-membrane-cartridge","13":"product_tag-pp-ptfe-pvdf-filter","15":"first","16":"instock","17":"shipping-taxable","18":"product-type-simple"},"_links":{"self":[{"href":"https:\/\/lyfilter.com\/fr\/wp-json\/wp\/v2\/product\/4095","targetHints":{"allow":["GET"]}}],"collection":[{"href":"https:\/\/lyfilter.com\/fr\/wp-json\/wp\/v2\/product"}],"about":[{"href":"https:\/\/lyfilter.com\/fr\/wp-json\/wp\/v2\/types\/product"}],"replies":[{"embeddable":true,"href":"https:\/\/lyfilter.com\/fr\/wp-json\/wp\/v2\/comments?post=4095"}],"wp:featuredmedia":[{"embeddable":true,"href":"https:\/\/lyfilter.com\/fr\/wp-json\/wp\/v2\/media\/4099"}],"wp:attachment":[{"href":"https:\/\/lyfilter.com\/fr\/wp-json\/wp\/v2\/media?parent=4095"}],"wp:term":[{"taxonomy":"product_brand","embeddable":true,"href":"https:\/\/lyfilter.com\/fr\/wp-json\/wp\/v2\/product_brand?post=4095"},{"taxonomy":"product_cat","embeddable":true,"href":"https:\/\/lyfilter.com\/fr\/wp-json\/wp\/v2\/product_cat?post=4095"},{"taxonomy":"product_tag","embeddable":true,"href":"https:\/\/lyfilter.com\/fr\/wp-json\/wp\/v2\/product_tag?post=4095"}],"curies":[{"name":"wp","href":"https:\/\/api.w.org\/{rel}","templated":true}]}}