{"id":4087,"date":"2026-04-03T08:31:02","date_gmt":"2026-04-03T08:31:02","guid":{"rendered":"https:\/\/lyfilter.com\/"},"modified":"2026-04-03T08:31:02","modified_gmt":"2026-04-03T08:31:02","slug":"stainless-steel-bag-filter-manufacturing-for-beverage-industry","status":"publish","type":"product","link":"https:\/\/lyfilter.com\/fr\/stainless-steel-bag-filter-manufacturing-for-beverage-industry\/","title":{"rendered":"Fabrication de filtres \u00e0 poches en acier inoxydable pour l'industrie des boissons"},"content":{"rendered":"<p data-start=\"361\" data-end=\"628\">Con\u00e7u pour le traitement des boissons, ce filtre \u00e0 poches en acier inoxydable assure un flux de liquide propre, une capture fiable des particules et une production quotidienne r\u00e9guli\u00e8re. Sa structure durable permet de maintenir une filtration stable tout en r\u00e9duisant la pression de maintenance.<\/p>\n<p data-start=\"630\" data-end=\"902\" data-is-last-node=\"\" data-is-only-node=\"\">","protected":false},"excerpt":{"rendered":"<table>\n<thead>\n<tr>\n<th>Objet<\/th>\n<th>Valeur<\/th>\n<th>Objet<\/th>\n<th>Valeur<\/th>\n<\/tr>\n<\/thead>\n<tbody>\n<tr>\n<td>Lieu d'origine<\/td>\n<td>Guangdong, Chine<\/td>\n<td>Nom de la marque<\/td>\n<td>Lvyuan, OEM, ODM<\/td>\n<\/tr>\n<tr>\n<td>Mat\u00e9riau<\/td>\n<td>sus304 ; sus316<\/td>\n<td>Poids<\/td>\n<td>personnalis\u00e9<\/td>\n<\/tr>\n<tr>\n<td>Taille<\/td>\n<td>personnalis\u00e9<\/td>\n<td>Puissance<\/td>\n<td>0<\/td>\n<\/tr>\n<tr>\n<td>Garantie<\/td>\n<td>Indisponible<\/td>\n<td>Fonctionnalit\u00e9<\/td>\n<td>installation facile<\/td>\n<\/tr>\n<tr>\n<td>Certification<\/td>\n<td>SGS<\/td>\n<td>Forme<\/td>\n<td>cylindre<\/td>\n<\/tr>\n<tr>\n<td>Utilisation<\/td>\n<td>filtration de l'eau<\/td>\n<td>Application<\/td>\n<td>l'industrie<\/td>\n<\/tr>\n<tr>\n<td>surface<\/td>\n<td>poli<\/td>\n<td>Mod\u00e8le<\/td>\n<td>BFH-02<\/td>\n<\/tr>\n<tr>\n<td>Mati\u00e8res premi\u00e8res<\/td>\n<td>acier inoxydable<\/td>\n<td>Pression de service<\/td>\n<td>150Psi<\/td>\n<\/tr>\n<tr>\n<td>mat\u00e9riau du sac filtrant<\/td>\n<td>PE\/acier inoxydable\/pp<\/td>\n<td>Service apr\u00e8s-vente<\/td>\n<td>Soutien en ligne<\/td>\n<\/tr>\n<tr>\n<td>Unit\u00e9s de vente<\/td>\n<td>Article unique<\/td>\n<td>Taille de l'emballage unique<\/td>\n<td>35X35X70 cm<\/td>\n<\/tr>\n<tr>\n<td>Poids brut unique<\/td>\n<td>18.500 kg<\/td>\n<td>Type d'emballage<\/td>\n<td>bo\u00eete en papier et caisse en bois<\/td>\n<\/tr>\n<tr>\n<td>D\u00e9lai d'ex\u00e9cution<\/td>\n<td>1 - 10 : 15 jours ; 11 - 50 : 25 jours ; 51 - 100 : 35 jours ; &gt;100 : \u00e0 n\u00e9gocier<\/td>\n<td><\/td>\n<td><\/td>\n<\/tr>\n<\/tbody>\n<\/table>","protected":false},"featured_media":4093,"comment_status":"open","ping_status":"closed","template":"","meta":{"_gspb_post_css":""},"product_brand":[],"product_cat":[1135],"product_tag":[1425,1138,1426,1070,1320,34],"class_list":{"0":"post-4087","1":"product","2":"type-product","3":"status-publish","4":"has-post-thumbnail","6":"product_cat-stainless-steel-bag-filter-housing","7":"product_tag-beverage-industry-filter","8":"product_tag-beverage-processing-filter","9":"product_tag-industrial-bag-filter","10":"product_tag-liquid-filtration-system","11":"product_tag-stainless-steel-bag-filter","12":"product_tag-stainless-steel-filter-housing","14":"first","15":"instock","16":"shipping-taxable","17":"product-type-simple"},"_links":{"self":[{"href":"https:\/\/lyfilter.com\/fr\/wp-json\/wp\/v2\/product\/4087","targetHints":{"allow":["GET"]}}],"collection":[{"href":"https:\/\/lyfilter.com\/fr\/wp-json\/wp\/v2\/product"}],"about":[{"href":"https:\/\/lyfilter.com\/fr\/wp-json\/wp\/v2\/types\/product"}],"replies":[{"embeddable":true,"href":"https:\/\/lyfilter.com\/fr\/wp-json\/wp\/v2\/comments?post=4087"}],"wp:featuredmedia":[{"embeddable":true,"href":"https:\/\/lyfilter.com\/fr\/wp-json\/wp\/v2\/media\/4093"}],"wp:attachment":[{"href":"https:\/\/lyfilter.com\/fr\/wp-json\/wp\/v2\/media?parent=4087"}],"wp:term":[{"taxonomy":"product_brand","embeddable":true,"href":"https:\/\/lyfilter.com\/fr\/wp-json\/wp\/v2\/product_brand?post=4087"},{"taxonomy":"product_cat","embeddable":true,"href":"https:\/\/lyfilter.com\/fr\/wp-json\/wp\/v2\/product_cat?post=4087"},{"taxonomy":"product_tag","embeddable":true,"href":"https:\/\/lyfilter.com\/fr\/wp-json\/wp\/v2\/product_tag?post=4087"}],"curies":[{"name":"wp","href":"https:\/\/api.w.org\/{rel}","templated":true}]}}