{"id":4084,"date":"2026-04-03T08:28:20","date_gmt":"2026-04-03T08:28:20","guid":{"rendered":"https:\/\/lyfilter.com\/"},"modified":"2026-04-24T23:46:15","modified_gmt":"2026-04-24T23:46:15","slug":"sewage-equipment-machine-water-purification-systems","status":"publish","type":"product","link":"https:\/\/lyfilter.com\/fr\/sewage-equipment-machine-water-purification-systems\/","title":{"rendered":"Machine de traitement des eaux us\u00e9es\/Syst\u00e8mes de purification de l'eau"},"content":{"rendered":"<p>Con\u00e7ue pour le traitement des eaux us\u00e9es, cette machine permet un traitement plus propre, un d\u00e9bit r\u00e9gulier et une purification fiable. Elle aide les usines \u00e0 g\u00e9rer la qualit\u00e9 de l'eau gr\u00e2ce \u00e0 des performances durables et \u00e0 un fonctionnement quotidien plus fluide sur le site.<\/p>","protected":false},"excerpt":{"rendered":"<table>\n<thead>\n<tr>\n<th>Objet<\/th>\n<th>Valeur<\/th>\n<th>Objet<\/th>\n<th>Valeur<\/th>\n<\/tr>\n<\/thead>\n<tbody>\n<tr>\n<td>Industries concern\u00e9es<\/td>\n<td>H\u00f4tels ; Usine de produits alimentaires et de boissons ; Fermes ; Restaurant ; Magasin d'alimentation ; \u00c9nergie et mines ; Magasins de produits alimentaires et de boissons<\/td>\n<td>Service apr\u00e8s-vente<\/td>\n<td>Assistance technique vid\u00e9o<\/td>\n<\/tr>\n<tr>\n<td>Lieu de service local<\/td>\n<td>aucun<\/td>\n<td>Emplacement de la salle d'exposition<\/td>\n<td>aucun<\/td>\n<\/tr>\n<tr>\n<td>Vid\u00e9o de l'inspection de sortie<\/td>\n<td>Fourni<\/td>\n<td>Rapport d'essai des machines<\/td>\n<td>Non disponible<\/td>\n<\/tr>\n<tr>\n<td>Type de marketing<\/td>\n<td>Produit phare 2019<\/td>\n<td>Garantie des composants de base<\/td>\n<td>1 an<\/td>\n<\/tr>\n<tr>\n<td>Lieu d'origine<\/td>\n<td>Guangdong, Chine<\/td>\n<td>Nom de la marque<\/td>\n<td>Guangzhou Lvyuan<\/td>\n<\/tr>\n<tr>\n<td>Garantie<\/td>\n<td>1 an<\/td>\n<td>Service apr\u00e8s-vente<\/td>\n<td>Assistance technique vid\u00e9o<\/td>\n<\/tr>\n<tr>\n<td>Objet<\/td>\n<td>Station d'\u00e9puration des eaux us\u00e9es MBR<\/td>\n<td>Garantie<\/td>\n<td>Partie \u00e9lectrique pour un an<\/td>\n<\/tr>\n<tr>\n<td>certification<\/td>\n<td>BV<\/td>\n<td>technoloogie 1<\/td>\n<td>technologie de s\u00e9paration par membrane<\/td>\n<\/tr>\n<tr>\n<td>technoloogie 2<\/td>\n<td>technologie de traitement biologique<\/td>\n<td>technoloogie 3<\/td>\n<td>Module de membrane Alpha<\/td>\n<\/tr>\n<tr>\n<td>durable<\/td>\n<td>Longue dur\u00e9e de vie<\/td>\n<td>fonctionnement<\/td>\n<td>Simple<\/td>\n<\/tr>\n<tr>\n<td>entretien<\/td>\n<td>pratique<\/td>\n<td>qualit\u00e9<\/td>\n<td>niveau \u00e9lev\u00e9<\/td>\n<\/tr>\n<tr>\n<td>Composants essentiels<\/td>\n<td>Partie \u00e9lectronique<\/td>\n<td>Capacit\u00e9 d'approvisionnement<\/td>\n<td>5 pi\u00e8ces\/pi\u00e8ces par mois<\/td>\n<\/tr>\n<\/tbody>\n<\/table>","protected":false},"featured_media":4086,"comment_status":"open","ping_status":"closed","template":"","meta":{"_gspb_post_css":""},"product_brand":[],"product_cat":[1147],"product_tag":[636,1423,1420,1424,1422,1421],"class_list":{"0":"post-4084","1":"product","2":"type-product","3":"status-publish","4":"has-post-thumbnail","6":"product_cat-waste-water-treatment-plant","7":"product_tag-industrial-water-treatment","8":"product_tag-purification-system-machine","9":"product_tag-sewage-equipment-machine","10":"product_tag-sewage-treatment-machine","11":"product_tag-wastewater-treatment-equipment","12":"product_tag-water-purification-systems","14":"first","15":"instock","16":"shipping-taxable","17":"product-type-simple"},"_links":{"self":[{"href":"https:\/\/lyfilter.com\/fr\/wp-json\/wp\/v2\/product\/4084","targetHints":{"allow":["GET"]}}],"collection":[{"href":"https:\/\/lyfilter.com\/fr\/wp-json\/wp\/v2\/product"}],"about":[{"href":"https:\/\/lyfilter.com\/fr\/wp-json\/wp\/v2\/types\/product"}],"replies":[{"embeddable":true,"href":"https:\/\/lyfilter.com\/fr\/wp-json\/wp\/v2\/comments?post=4084"}],"wp:featuredmedia":[{"embeddable":true,"href":"https:\/\/lyfilter.com\/fr\/wp-json\/wp\/v2\/media\/4086"}],"wp:attachment":[{"href":"https:\/\/lyfilter.com\/fr\/wp-json\/wp\/v2\/media?parent=4084"}],"wp:term":[{"taxonomy":"product_brand","embeddable":true,"href":"https:\/\/lyfilter.com\/fr\/wp-json\/wp\/v2\/product_brand?post=4084"},{"taxonomy":"product_cat","embeddable":true,"href":"https:\/\/lyfilter.com\/fr\/wp-json\/wp\/v2\/product_cat?post=4084"},{"taxonomy":"product_tag","embeddable":true,"href":"https:\/\/lyfilter.com\/fr\/wp-json\/wp\/v2\/product_tag?post=4084"}],"curies":[{"name":"wp","href":"https:\/\/api.w.org\/{rel}","templated":true}]}}