{"id":4070,"date":"2026-04-03T08:20:09","date_gmt":"2026-04-03T08:20:09","guid":{"rendered":"https:\/\/lyfilter.com\/"},"modified":"2026-04-03T08:20:09","modified_gmt":"2026-04-03T08:20:09","slug":"0-2-0-45-1-micron-titanium-filter-cartridge-for-water-filter-plant","status":"publish","type":"product","link":"https:\/\/lyfilter.com\/fr\/0-2-0-45-1-micron-titanium-filter-cartridge-for-water-filter-plant\/","title":{"rendered":"0.2 0.45 1 Micron Titanium Filter Cartridge For Water Filter Plant (Cartouche de filtre en titane pour usine de filtration d'eau)"},"content":{"rendered":"<p>1.La mati\u00e8re premi\u00e8re est du titane de haute qualit\u00e9, structur\u00e9 par frittage \u00e0 haute temp\u00e9rature.<\/p>\n<p>2. structure uniforme, densit\u00e9 \u00e9lev\u00e9e des pores, faible r\u00e9sistance \u00e0 la filtration, bonne perm\u00e9abilit\u00e9<\/p>\n<p>3.Excellente r\u00e9sistance aux hautes et basses temp\u00e9ratures, r\u00e9sistance \u00e0 la corrosion, longue dur\u00e9e de vie, r\u00e9g\u00e9n\u00e9ration facile.<\/p>\n<p>4.R\u00e9sistance aux acides forts, aux alcalis forts et aux temp\u00e9ratures \u00e9lev\u00e9es.<\/p>","protected":false},"excerpt":{"rendered":"<table>\n<thead>\n<tr>\n<th>Objet<\/th>\n<th>Valeur<\/th>\n<th>Objet<\/th>\n<th>Valeur<\/th>\n<\/tr>\n<\/thead>\n<tbody>\n<tr>\n<td>Filtration Micron<\/td>\n<td>0,2 - 100um<\/td>\n<td>Longueur<\/td>\n<td>5\u201d(125mm) ; 10\u201d(250mm) ; 20\u201d(500mm) ; 30\u201d(750mm) ; 40\u201d(1000mm)<\/td>\n<\/tr>\n<tr>\n<td>Diam\u00e8tre ext\u00e9rieur<\/td>\n<td>50 mm ; 60 mm ; 70 mm<\/td>\n<td>Type de connecteur<\/td>\n<td>Type plat ; 215\/222\/226\/M20\/M30\/M42<\/td>\n<\/tr>\n<tr>\n<td>Mat\u00e9riau d'\u00e9tanch\u00e9it\u00e9<\/td>\n<td>Caoutchouc silicone ; NBR ; EPDM ; caoutchouc fluor\u00e9<\/td>\n<td>Porosit\u00e9<\/td>\n<td>28 - 50%<\/td>\n<\/tr>\n<tr>\n<td>Diam\u00e8tre ext\u00e9rieur<\/td>\n<td>60 mm ; 70 mm<\/td>\n<td>Tol\u00e9rance de temp\u00e9rature<\/td>\n<td>\u2264300\u2103<\/td>\n<\/tr>\n<tr>\n<td>Pression diff\u00e9rentielle maximale de fonctionnement<\/td>\n<td>0,6Mpa<\/td>\n<td>Diam\u00e8tre<\/td>\n<td>\u03a622mm ; \u03a630mm ; \u03a650mm ; \u03a660mm ; \u03a680mm ; \u03a6100mm ; \u03a6120mm<\/td>\n<\/tr>\n<tr>\n<td>D\u00e9bit (L\/H)<\/td>\n<td>180; 200; 250; 280; 300; 350; 500; 800; 1000; 1500; 1600<\/td>\n<td><\/td>\n<td><\/td>\n<\/tr>\n<\/tbody>\n<\/table>","protected":false},"featured_media":4071,"comment_status":"open","ping_status":"closed","template":"","meta":{"_gspb_post_css":""},"product_brand":[],"product_cat":[1141],"product_tag":[1414,1415,644,743,1413,1416],"class_list":{"0":"post-4070","1":"product","2":"type-product","3":"status-publish","4":"has-post-thumbnail","6":"product_cat-titanium-filter-cartridge","7":"product_tag-0-2-micron-filter-cartridge","8":"product_tag-0-45-micron-filter-cartridge","9":"product_tag-1-micron-filter-cartridge","10":"product_tag-industrial-water-filter-cartridge","11":"product_tag-titanium-filter-cartridge","12":"product_tag-water-filter-plant-cartridge","14":"first","15":"instock","16":"shipping-taxable","17":"product-type-simple"},"_links":{"self":[{"href":"https:\/\/lyfilter.com\/fr\/wp-json\/wp\/v2\/product\/4070","targetHints":{"allow":["GET"]}}],"collection":[{"href":"https:\/\/lyfilter.com\/fr\/wp-json\/wp\/v2\/product"}],"about":[{"href":"https:\/\/lyfilter.com\/fr\/wp-json\/wp\/v2\/types\/product"}],"replies":[{"embeddable":true,"href":"https:\/\/lyfilter.com\/fr\/wp-json\/wp\/v2\/comments?post=4070"}],"wp:featuredmedia":[{"embeddable":true,"href":"https:\/\/lyfilter.com\/fr\/wp-json\/wp\/v2\/media\/4071"}],"wp:attachment":[{"href":"https:\/\/lyfilter.com\/fr\/wp-json\/wp\/v2\/media?parent=4070"}],"wp:term":[{"taxonomy":"product_brand","embeddable":true,"href":"https:\/\/lyfilter.com\/fr\/wp-json\/wp\/v2\/product_brand?post=4070"},{"taxonomy":"product_cat","embeddable":true,"href":"https:\/\/lyfilter.com\/fr\/wp-json\/wp\/v2\/product_cat?post=4070"},{"taxonomy":"product_tag","embeddable":true,"href":"https:\/\/lyfilter.com\/fr\/wp-json\/wp\/v2\/product_tag?post=4070"}],"curies":[{"name":"wp","href":"https:\/\/api.w.org\/{rel}","templated":true}]}}