{"id":4053,"date":"2026-04-03T08:09:52","date_gmt":"2026-04-03T08:09:52","guid":{"rendered":"https:\/\/lyfilter.com\/"},"modified":"2026-04-24T23:46:37","modified_gmt":"2026-04-24T23:46:37","slug":"sintered-stainless-steel-filter-oem-by-lvyuan-filter","status":"publish","type":"product","link":"https:\/\/lyfilter.com\/fr\/sintered-stainless-steel-filter-oem-by-lvyuan-filter\/","title":{"rendered":"Filtre en acier inoxydable fritt\u00e9 OEM By Lvyuan Filter"},"content":{"rendered":"<div class=\"J_module\">\n<div class=\"detail-decorate-json-renderer-container\">\n<div class=\"magic-0\">\n<h3 class=\"magic-1\" data-id=\"title0\">Filtre \u00e0 cartouche fritt\u00e9e en plastique pour liquides Traitement industriel des eaux us\u00e9es, des gaz et de l'air<\/h3>\n<\/div>\n<\/div>\n<\/div>\n<div class=\"J_module\">\n<div class=\"detail-decorate-json-renderer-container\">\n<div class=\"magic-0\">\n<div class=\"magic-2\">\n<div class=\"magic-3\">\n<div class=\"magic-4\" data-id=\"paragraph0\">Lvyuan produit une large gamme de\u00a0<a href=\"https:\/\/lyfilter.com\/fr\/sintered-porous-plastic.html\/\">plastique poreux fritt\u00e9<\/a>\u00a0Les cartouches filtrantes fritt\u00e9es en plastique poreux comprennent des produits poreux en PE, PEHD, PTFE, PVDF, PA, Nylon 6, fibre de verre, sous forme de tube, tige, bougie, feuille, plaque, disque, b\u00e2tonnet, etc. Avec des taux de filtration, des formes et des caract\u00e9ristiques vari\u00e9s, les cartouches filtrantes en plastique poreux fritt\u00e9 sont largement utilis\u00e9es dans le traitement de l'eau, l'ing\u00e9nierie chimique, le traitement m\u00e9dical, l'automobile, la protection de l'environnement et d'autres industries, telles que le s\u00e9parateur d'huile et d'eau et le silencieux, l'alcootest, le bouchon aveugle pour le traitement m\u00e9dical, le dispositif de filtrage du sirop et de la graisse, les tranches anti-explosion pour la batterie industrielle, les tranches r\u00e9sistantes \u00e0 l'acide pour la batterie automobile, le traitement des eaux us\u00e9es, le syst\u00e8me de filtrage pour la purification de l'eau et plus encore. Les filtres platiques poreux fritt\u00e9s de Lvyuan peuvent r\u00e9pondre aux exigences de diff\u00e9rents clients. Des formes moul\u00e9es sur mesure sont disponibles.<\/div>\n<\/div>\n<\/div>\n<\/div>\n<\/div>\n<\/div>\n<p>&nbsp;<\/p>\n<div class=\"J_module\">\n<div id=\"ali-anchor-AliMagic-9dmlpd\" class=\"magic-5\" data-section=\"AliMagic-9dmlpd\" data-section-title=\"Product Feature\">Caract\u00e9ristiques du produit<\/div>\n<\/div>\n<div class=\"J_module\">\n<div class=\"detail-decorate-json-renderer-container\">\n<div class=\"magic-0\">\n<div class=\"magic-2\">\n<div class=\"magic-3\">\n<div class=\"magic-4\">1. Haute porosit\u00e9 pour assurer un plus grand d\u00e9bit par unit\u00e9 de surface ; 2. surface ext\u00e9rieure lisse, les impuret\u00e9s n'adh\u00e8rent pas facilement, le lavage \u00e0 contre-courant est facile et complet ; 3. capacit\u00e9 anti-salissure : la petite taille du filtre fait que les impuret\u00e9s ne peuvent pas \u00eatre retenues dans le corps du filtre ; 4. r\u00e9sistance \u00e0 la corrosion par les acides forts et les alcalis, r\u00e9sistance aux solvants organiques ; 5. excellentes propri\u00e9t\u00e9s m\u00e9caniques ; 6. aucune particule ne se lib\u00e8re. 7. Large gamme de produits et vaste champ d'application<\/div>\n<\/div>\n<\/div>\n<\/div>\n<\/div>\n<\/div>","protected":false},"excerpt":{"rendered":"<table>\n<thead>\n<tr>\n<th>Objet<\/th>\n<th>Valeur<\/th>\n<th>Objet<\/th>\n<th>Valeur<\/th>\n<\/tr>\n<\/thead>\n<tbody>\n<tr>\n<td>Port de d\u00e9part<\/td>\n<td>Guangzhou<\/td>\n<td>Paiement<\/td>\n<td>T\/T ; Alibaba Trade Assurance ; PayPal (<a title=\"L&#039;assurance commerciale prot\u00e8ge vos commandes sur Alibaba.com\" href=\"https:\/\/tradeassurance.alibaba.com\/?utm_source=chatgpt.com\">tradeassurance.alibaba.com<\/a>)<\/td>\n<\/tr>\n<tr>\n<td>D\u00e9lai de livraison<\/td>\n<td>Dans les 7 jours ouvrables<\/td>\n<td>Marque<\/td>\n<td>OEM\/Lvyuan<\/td>\n<\/tr>\n<\/tbody>\n<\/table>\n<table>\n<thead>\n<tr>\n<th>Objet<\/th>\n<th>Valeur<\/th>\n<th>Objet<\/th>\n<th>Valeur<\/th>\n<\/tr>\n<\/thead>\n<tbody>\n<tr>\n<td>M\u00e9dia filtrant<\/td>\n<td>PE ; HDPE ; PTFE ; PVDF ; PA\/Nylon etc.<\/td>\n<td>Taux de micron<\/td>\n<td>0,2um ; 0,5um ; 1um ; 3um ; 5um ; 10um ; 25um ; 30um ; 50um ; 75um ; 100um ; etc.<\/td>\n<\/tr>\n<tr>\n<td>Dimension de r\u00e9f\u00e9rence (mm)<\/td>\n<td>31x12x1000 ; 31x20x1000 ; 38x20x1000 ; 38x18x1000 ; 38x20x1200 ; 38x20x1300 ; 38x20x150 ; 38x20x400 ; 38x20x250 ; 38x20x200 ; 38x20x180 ; 38x20x150 ; 50x20x1000 ; 50x31x1000 ; 50x38x1000 ; 65x31x1000 ; 65x38x1000 ; 64x44x1000 ; 78x62x750mm ; etc.<\/td>\n<td>Type de connecteur<\/td>\n<td>DOE ; SOE ; plat ; insert ; filetage ; 226 ; 222 ; 215 ; M36 ; M30 ; M27 ; M25 ; M22 ; M14 ; M12 ; ou selon demande<\/td>\n<\/tr>\n<tr>\n<td>Temp\u00e9rature de fonctionnement maximale<\/td>\n<td>PE \u226482\u2103 ; PTFE \u2265200\u2103 ; PA \u2264120\u2103<\/td>\n<td><\/td>\n<td><\/td>\n<\/tr>\n<\/tbody>\n<\/table>","protected":false},"featured_media":4054,"comment_status":"open","ping_status":"closed","template":"","meta":{"_gspb_post_css":""},"product_brand":[],"product_cat":[24],"product_tag":[1071,1402,1399,1401,1403,1400],"class_list":{"0":"post-4053","1":"product","2":"type-product","3":"status-publish","4":"has-post-thumbnail","6":"product_cat-sintered-porous-plastic","7":"product_tag-corrosion-resistant-filter","8":"product_tag-industrial-metal-filter","9":"product_tag-lvyuan-sintered-stainless-steel-filter","10":"product_tag-oem-stainless-steel-filter","11":"product_tag-reusable-filtration-filter","12":"product_tag-sintered-stainless-steel-filter","14":"first","15":"instock","16":"shipping-taxable","17":"product-type-simple"},"_links":{"self":[{"href":"https:\/\/lyfilter.com\/fr\/wp-json\/wp\/v2\/product\/4053","targetHints":{"allow":["GET"]}}],"collection":[{"href":"https:\/\/lyfilter.com\/fr\/wp-json\/wp\/v2\/product"}],"about":[{"href":"https:\/\/lyfilter.com\/fr\/wp-json\/wp\/v2\/types\/product"}],"replies":[{"embeddable":true,"href":"https:\/\/lyfilter.com\/fr\/wp-json\/wp\/v2\/comments?post=4053"}],"wp:featuredmedia":[{"embeddable":true,"href":"https:\/\/lyfilter.com\/fr\/wp-json\/wp\/v2\/media\/4054"}],"wp:attachment":[{"href":"https:\/\/lyfilter.com\/fr\/wp-json\/wp\/v2\/media?parent=4053"}],"wp:term":[{"taxonomy":"product_brand","embeddable":true,"href":"https:\/\/lyfilter.com\/fr\/wp-json\/wp\/v2\/product_brand?post=4053"},{"taxonomy":"product_cat","embeddable":true,"href":"https:\/\/lyfilter.com\/fr\/wp-json\/wp\/v2\/product_cat?post=4053"},{"taxonomy":"product_tag","embeddable":true,"href":"https:\/\/lyfilter.com\/fr\/wp-json\/wp\/v2\/product_tag?post=4053"}],"curies":[{"name":"wp","href":"https:\/\/api.w.org\/{rel}","templated":true}]}}