{"id":4046,"date":"2026-04-03T08:04:43","date_gmt":"2026-04-03T08:04:43","guid":{"rendered":"https:\/\/lyfilter.com\/"},"modified":"2026-04-03T08:04:43","modified_gmt":"2026-04-03T08:04:43","slug":"factory-price-solid-perfume-tablet-car-perfume-tablet-parfum-tablets","status":"publish","type":"product","link":"https:\/\/lyfilter.com\/fr\/factory-price-solid-perfume-tablet-car-perfume-tablet-parfum-tablets\/","title":{"rendered":"Tablette de parfum solide Tablette de parfum de voiture Tablettes de parfum"},"content":{"rendered":"<p>Con\u00e7ues pour les conducteurs qui souhaitent une am\u00e9lioration simple de leur parfum, ces pastilles de parfum solides diffusent un parfum agr\u00e9able sans salissure. Elles se glissent facilement dans la voiture et contribuent \u00e0 maintenir l'habitacle frais, accueillant et confortable lors des trajets quotidiens.<\/p>","protected":false},"excerpt":{"rendered":"<table>\n<thead>\n<tr>\n<th>Objet<\/th>\n<th>Valeur<\/th>\n<th>Objet<\/th>\n<th>Valeur<\/th>\n<\/tr>\n<\/thead>\n<tbody>\n<tr>\n<td>Taille<\/td>\n<td>Taille personnalis\u00e9e<\/td>\n<td>Type<\/td>\n<td>A\u00e9rosol<\/td>\n<\/tr>\n<tr>\n<td>Lieu d'origine<\/td>\n<td>Guangdong, Chine<\/td>\n<td>Nom de la marque<\/td>\n<td>OEM<\/td>\n<\/tr>\n<tr>\n<td>Num\u00e9ro de mod\u00e8le<\/td>\n<td>LV01<\/td>\n<td>Nom<\/td>\n<td>d\u00e9sodorisant pour voiture<\/td>\n<\/tr>\n<tr>\n<td>Mat\u00e9riau<\/td>\n<td>Plastique PE<\/td>\n<td>Utilisation<\/td>\n<td>Rafra\u00eechisseur d'air<\/td>\n<\/tr>\n<tr>\n<td>Couleur<\/td>\n<td>Blanc<\/td>\n<td>Emballage<\/td>\n<td>1pc\/sac \u00e0 dos<\/td>\n<\/tr>\n<tr>\n<td>Fonctionnalit\u00e9<\/td>\n<td>D\u00e9sodorisant \u00e9cologique pour voiture<\/td>\n<td>Parfum<\/td>\n<td>lavande ; oc\u00e9an ; citron ; eau de Cologne ; mangetic<\/td>\n<\/tr>\n<tr>\n<td>MOQ<\/td>\n<td>1 jeu<\/td>\n<td>CONDITIONS DE PAIEMENT<\/td>\n<td>Assurance commerciale ; PayPal ; T\/T<\/td>\n<\/tr>\n<tr>\n<td>D\u00e9lai d'ex\u00e9cution<\/td>\n<td>3-10 jours<\/td>\n<td>Unit\u00e9s de vente<\/td>\n<td>Article unique<\/td>\n<\/tr>\n<tr>\n<td>Taille de l'emballage unique<\/td>\n<td>35X15X15 cm<\/td>\n<td>Poids brut unique<\/td>\n<td>2.000 kg<\/td>\n<\/tr>\n<tr>\n<td>Type d'emballage<\/td>\n<td>End ca\/p 334 single oring 131mm diameter 10 inch Jumbo high flow activated carbon block water filter cartridge for cto filter poly bag and carton box Dear friend, we can make different size of activated carbon filter, please send inquiry to for the best price. Merci de votre compr\u00e9hension.<\/td>\n<td>D\u00e9lai d'ex\u00e9cution (emballage et livraison)<\/td>\n<td>1 - 10000 : 15 jours ; &gt;10000 : \u00e0 n\u00e9gocier<\/td>\n<\/tr>\n<tr>\n<td>Titre du produit<\/td>\n<td>Tablette de parfum solide \u00e0 prix d'usine Tablette de parfum de voiture Tablettes de parfum<\/td>\n<td><\/td>\n<td><\/td>\n<\/tr>\n<\/tbody>\n<\/table>","protected":false},"featured_media":4052,"comment_status":"open","ping_status":"closed","template":"","meta":{"_gspb_post_css":""},"product_brand":[],"product_cat":[15],"product_tag":[1396,1394,1397,1398,1395,1393],"class_list":{"0":"post-4046","1":"product","2":"type-product","3":"status-publish","4":"has-post-thumbnail","6":"product_cat-stainless-steel-filter-housing","7":"product_tag-car-air-freshener-tablet","8":"product_tag-car-perfume-tablet","9":"product_tag-factory-price-perfume-tablet","10":"product_tag-long-lasting-car-fragrance","11":"product_tag-parfum-tablets","12":"product_tag-solid-perfume-tablet","14":"first","15":"instock","16":"shipping-taxable","17":"product-type-simple"},"_links":{"self":[{"href":"https:\/\/lyfilter.com\/fr\/wp-json\/wp\/v2\/product\/4046","targetHints":{"allow":["GET"]}}],"collection":[{"href":"https:\/\/lyfilter.com\/fr\/wp-json\/wp\/v2\/product"}],"about":[{"href":"https:\/\/lyfilter.com\/fr\/wp-json\/wp\/v2\/types\/product"}],"replies":[{"embeddable":true,"href":"https:\/\/lyfilter.com\/fr\/wp-json\/wp\/v2\/comments?post=4046"}],"wp:featuredmedia":[{"embeddable":true,"href":"https:\/\/lyfilter.com\/fr\/wp-json\/wp\/v2\/media\/4052"}],"wp:attachment":[{"href":"https:\/\/lyfilter.com\/fr\/wp-json\/wp\/v2\/media?parent=4046"}],"wp:term":[{"taxonomy":"product_brand","embeddable":true,"href":"https:\/\/lyfilter.com\/fr\/wp-json\/wp\/v2\/product_brand?post=4046"},{"taxonomy":"product_cat","embeddable":true,"href":"https:\/\/lyfilter.com\/fr\/wp-json\/wp\/v2\/product_cat?post=4046"},{"taxonomy":"product_tag","embeddable":true,"href":"https:\/\/lyfilter.com\/fr\/wp-json\/wp\/v2\/product_tag?post=4046"}],"curies":[{"name":"wp","href":"https:\/\/api.w.org\/{rel}","templated":true}]}}