{"id":4028,"date":"2026-04-03T07:49:31","date_gmt":"2026-04-03T07:49:31","guid":{"rendered":"https:\/\/lyfilter.com\/"},"modified":"2026-04-03T07:49:31","modified_gmt":"2026-04-03T07:49:31","slug":"absolute-microns-pes-material-2-5-5-inch-0-1-micron-filter-cartridge-with-pes-pleated-membrane","status":"publish","type":"product","link":"https:\/\/lyfilter.com\/fr\/absolute-microns-pes-material-2-5-5-inch-0-1-micron-filter-cartridge-with-pes-pleated-membrane\/","title":{"rendered":"Microns absolus Pes Material 2.5\/5 Inch 0.1 Micron Filter Cartridge With Pes Pleated Membrane"},"content":{"rendered":"<p>Con\u00e7ue pour une filtration pr\u00e9cise, cette cartouche \u00e0 membrane pliss\u00e9e en PES offre une performance absolue de 0,1 micron dans des formats de 2,5 et 5 pouces. Elle permet de maintenir un d\u00e9bit propre, une r\u00e9tention fiable et des r\u00e9sultats stables dans les applications liquides.<\/p>","protected":false},"excerpt":{"rendered":"<table>\n<thead>\n<tr>\n<th>Objet<\/th>\n<th>Valeur<\/th>\n<th>Objet<\/th>\n<th>Valeur<\/th>\n<\/tr>\n<\/thead>\n<tbody>\n<tr>\n<td>Industries concern\u00e9es<\/td>\n<td>H\u00f4tels ; magasins de v\u00eatements ; magasins de mat\u00e9riaux de construction ; usines de fabrication ; ateliers de r\u00e9paration de machines ; usines de produits alimentaires et de boissons ; fermes ; restaurants ; usage domestique ; commerce de d\u00e9tail ; magasins d'alimentation ; imprimeries ; travaux de construction ; \u00e9nergie et mines ; magasins de produits alimentaires et de boissons ; soci\u00e9t\u00e9s de publicit\u00e9.<\/td>\n<td>Lieu d'origine<\/td>\n<td>Guangdong, Chine<\/td>\n<\/tr>\n<tr>\n<td>Nom de la marque<\/td>\n<td>Sur mesure<\/td>\n<td>Mat\u00e9riau<\/td>\n<td>Sur mesure<\/td>\n<\/tr>\n<tr>\n<td>Poids<\/td>\n<td>Sur mesure<\/td>\n<td>Taille<\/td>\n<td>Sur mesure<\/td>\n<\/tr>\n<tr>\n<td>Puissance<\/td>\n<td>0<\/td>\n<td>Garantie<\/td>\n<td>Indisponible<\/td>\n<\/tr>\n<tr>\n<td>Nom<\/td>\n<td>Cartouche filtrante en PES 2,5\/5 pouces 0,1 micron absolu<\/td>\n<td>Mat\u00e9riau de la membrane filtrante<\/td>\n<td>PP\/PVDF\/PTFE\/PES\/Nylon<\/td>\n<\/tr>\n<tr>\n<td>Longueur<\/td>\n<td>5 \/ 10 \/ 20 \/ 30 \/ 40 \/ 50 \/ 60 pouces<\/td>\n<td>Conecteur<\/td>\n<td>Fin\/222\/226\/215\/DOE\/Thread<\/td>\n<\/tr>\n<tr>\n<td>Micron<\/td>\n<td>0.22\/0.5\/1\/3\/5\/10\/25\/50\/75\/100\/150<\/td>\n<td>Mat\u00e9riau du joint torique<\/td>\n<td>EPDM\/Viton\/Silicone\/Te-flon<\/td>\n<\/tr>\n<tr>\n<td>M\u00e9thode de scellement<\/td>\n<td>Soudage par fusion \u00e0 chaud<\/td>\n<td>Diam\u00e8tre<\/td>\n<td>70mm\/OEM<\/td>\n<\/tr>\n<tr>\n<td>Noyau interne<\/td>\n<td>PP\/SS\/OEM<\/td>\n<td>MOQ<\/td>\n<td>Actuellement pas de limitation<\/td>\n<\/tr>\n<tr>\n<td>Service apr\u00e8s-vente<\/td>\n<td>Soutien en ligne<\/td>\n<td>Unit\u00e9s de vente<\/td>\n<td>Article unique<\/td>\n<\/tr>\n<tr>\n<td>Taille de l'emballage unique<\/td>\n<td>68X40X40 cm<\/td>\n<td>Poids brut unique<\/td>\n<td>23.000 kg<\/td>\n<\/tr>\n<tr>\n<td>Type d'emballage<\/td>\n<td>Cartouche filtrante en PES 2,5\/5 pouces 0,1 micron avec membrane pliss\u00e9e en PES : 10\u2033 50PCS\/CTN, 20\u2033 25PCS\/CTN, 30\u2033 25PCS\/CTN, 40\u2033 25PCS\/CTN.<\/td>\n<td>D\u00e9lai d'ex\u00e9cution<\/td>\n<td>1 - 100 : 2 jours ; 101 - 500 : 5 jours ; 501 - 1000 : 7 jours ; &gt;1000 : \u00e0 n\u00e9gocier<\/td>\n<\/tr>\n<\/tbody>\n<\/table>","protected":false},"featured_media":4030,"comment_status":"open","ping_status":"closed","template":"","meta":{"_gspb_post_css":""},"product_brand":[],"product_cat":[21],"product_tag":[1380,1383,1384,1382,1379,1381],"class_list":{"0":"post-4028","1":"product","2":"type-product","3":"status-publish","4":"has-post-thumbnail","6":"product_cat-pleated-filter-cartridge","7":"product_tag-0-1-micron-filter-cartridge","8":"product_tag-2-5-inch-filter-cartridge","9":"product_tag-5-inch-filter-cartridge","10":"product_tag-absolute-micron-filter","11":"product_tag-pes-filter-cartridge","12":"product_tag-pes-pleated-membrane","14":"first","15":"instock","16":"shipping-taxable","17":"product-type-simple"},"_links":{"self":[{"href":"https:\/\/lyfilter.com\/fr\/wp-json\/wp\/v2\/product\/4028","targetHints":{"allow":["GET"]}}],"collection":[{"href":"https:\/\/lyfilter.com\/fr\/wp-json\/wp\/v2\/product"}],"about":[{"href":"https:\/\/lyfilter.com\/fr\/wp-json\/wp\/v2\/types\/product"}],"replies":[{"embeddable":true,"href":"https:\/\/lyfilter.com\/fr\/wp-json\/wp\/v2\/comments?post=4028"}],"wp:featuredmedia":[{"embeddable":true,"href":"https:\/\/lyfilter.com\/fr\/wp-json\/wp\/v2\/media\/4030"}],"wp:attachment":[{"href":"https:\/\/lyfilter.com\/fr\/wp-json\/wp\/v2\/media?parent=4028"}],"wp:term":[{"taxonomy":"product_brand","embeddable":true,"href":"https:\/\/lyfilter.com\/fr\/wp-json\/wp\/v2\/product_brand?post=4028"},{"taxonomy":"product_cat","embeddable":true,"href":"https:\/\/lyfilter.com\/fr\/wp-json\/wp\/v2\/product_cat?post=4028"},{"taxonomy":"product_tag","embeddable":true,"href":"https:\/\/lyfilter.com\/fr\/wp-json\/wp\/v2\/product_tag?post=4028"}],"curies":[{"name":"wp","href":"https:\/\/api.w.org\/{rel}","templated":true}]}}