{"id":4019,"date":"2026-04-03T07:41:22","date_gmt":"2026-04-03T07:41:22","guid":{"rendered":"https:\/\/lyfilter.com\/"},"modified":"2026-04-03T07:41:22","modified_gmt":"2026-04-03T07:41:22","slug":"5-10-micron-sus304-40-inch-single-cartridge-filter-housing","status":"publish","type":"product","link":"https:\/\/lyfilter.com\/fr\/5-10-micron-sus304-40-inch-single-cartridge-filter-housing\/","title":{"rendered":"5 10 Micron SUS304 40 Inch Single Cartridge Filter Housing"},"content":{"rendered":"<div class=\"icbu-pc-images magic-1\">\n<div class=\"flex-layout-v\">\n<div class=\"flex-layout-h magic-1\">\n<div class=\"magic-2\"><strong>SS acier inoxydable 304 316L 10 20 30 40 pouces bo\u00eetier de filtre \u00e0 cartouche unique<\/strong><\/div>\n<div class=\"magic-2\"><\/div>\n<div class=\"magic-2\">SS acier inoxydable 304 316L 10 20 30 40 pouces bo\u00eetier de filtre simple avec filtre \u00e0 cartouche \u00e0 enroulement filamentaire 5 10 microns<\/div>\n<\/div>\n<\/div>\n<\/div>\n<div class=\"detail-decorate-json-renderer-container\">\n<div class=\"magic-4\">\n<div class=\"magic-8\">\n<div class=\"magic-9\">\n<div class=\"magic-10\">\n<p class=\"magic-11\">Les cartouches filtrantes en acier inoxydable LVYUAN offrent une large gamme de capacit\u00e9s de d\u00e9bit et de r\u00e9tention des contaminants.<\/p>\n<p class=\"magic-11\">Les filtres \u00e0 cartouche sont normalement utilis\u00e9s comme filtres de polissage dans presque toutes les industries de transformation. Le filtre \u00e0 cartouche est constitu\u00e9 d'un bo\u00eetier de filtre,<\/p>\n<p class=\"magic-11\">cartouches filtrantes, plaques tubulaires, \u00e9tanch\u00e9it\u00e9 positive de la cartouche en fonction du type de cartouche et du choix des raccords d'extr\u00e9mit\u00e9. L'\u00e9tanch\u00e9it\u00e9 positive du filtre \u00e0 cartouche garantit l'absence de migration de particules ou de fibres, m\u00eame en cas de pressions diff\u00e9rentielles \u00e9lev\u00e9es.<\/p>\n<\/div>\n<\/div>\n<\/div>\n<\/div>\n<\/div>\n<div class=\"detail-decorate-json-renderer-container\">\n<div class=\"magic-4\">\n<h3 class=\"magic-26\">Caract\u00e9ristiques :<\/h3>\n<div class=\"magic-8\">\n<div class=\"magic-9\">\n<div class=\"magic-10\">\n<p class=\"magic-11\">1. Les dimensions de l'entr\u00e9e et de la sortie sont de 1\/2\u2033, 3\/4\u2033. 1\u2033 pour une installation facile.<\/p>\n<p class=\"magic-11\">2. La pression de travail est de 8kg\/0,8Mpa, 10kg\/1Mpa.<\/p>\n<p class=\"magic-11\">3. La pression de l'eau du robinet est utilis\u00e9e pour fournir de l'\u00e9nergie, sans consommation d'\u00e9nergie.<\/p>\n<p class=\"magic-11\">4. Montage mural, comptoir, installation tr\u00e8s simple.<\/p>\n<p class=\"magic-11\">5. Il convient pour l'interrupteur de mat\u00e9riel d'eau, pour le syst\u00e8me de pr\u00e9-filtration et la protection du syst\u00e8me d'osmose inverse.<\/p>\n<p class=\"magic-11\">6. R\u00e9sistance aux acides forts et aux alcalis.<\/p>\n<p class=\"magic-11\">7. Peu co\u00fbteux, il s'adapte \u00e0 tous les types de\u00a0<a href=\"https:\/\/lyfilter.com\/fr\/products.html\/\">\u00e9l\u00e9ment filtrant<\/a>s.<\/p>\n<\/div>\n<\/div>\n<\/div>\n<\/div>\n<\/div>","protected":false},"excerpt":{"rendered":"<table>\n<thead>\n<tr>\n<th>Objet<\/th>\n<th>Valeur<\/th>\n<th>Objet<\/th>\n<th>Valeur<\/th>\n<\/tr>\n<\/thead>\n<tbody>\n<tr>\n<td>Port de d\u00e9part<\/td>\n<td>Guangzhou<\/td>\n<td>Lieu d'origine<\/td>\n<td>Guangdong, Chine<\/td>\n<\/tr>\n<tr>\n<td>Paiement<\/td>\n<td>T\/T, Assurance commerciale Alibaba<\/td>\n<td>MOQ<\/td>\n<td>1 pi\u00e8ce<\/td>\n<\/tr>\n<tr>\n<td>Mod\u00e8le<\/td>\n<td>LY-HFPL<\/td>\n<td>D\u00e9lai de livraison<\/td>\n<td>Dans les 7 jours ouvrables<\/td>\n<\/tr>\n<tr>\n<td>Certification<\/td>\n<td>ISO 9001<\/td>\n<td>Marque<\/td>\n<td>OEM\/Lvyuan<\/td>\n<\/tr>\n<\/tbody>\n<\/table>","protected":false},"featured_media":4021,"comment_status":"open","ping_status":"closed","template":"","meta":{"_gspb_post_css":""},"product_brand":[],"product_cat":[15],"product_tag":[1372,1374,42,1375,1373,1257],"class_list":{"0":"post-4019","1":"product","2":"type-product","3":"status-publish","4":"has-post-thumbnail","6":"product_cat-stainless-steel-filter-housing","7":"product_tag-50-micron-cartridge-filter","8":"product_tag-glue-liquid-filter","9":"product_tag-industrial-liquid-filtration","10":"product_tag-ss-pneumatic-diaphragm-pump","11":"product_tag-ss304-316l-filter-machine","12":"product_tag-stainless-steel-cartridge-filter","14":"first","15":"instock","16":"shipping-taxable","17":"product-type-simple"},"_links":{"self":[{"href":"https:\/\/lyfilter.com\/fr\/wp-json\/wp\/v2\/product\/4019","targetHints":{"allow":["GET"]}}],"collection":[{"href":"https:\/\/lyfilter.com\/fr\/wp-json\/wp\/v2\/product"}],"about":[{"href":"https:\/\/lyfilter.com\/fr\/wp-json\/wp\/v2\/types\/product"}],"replies":[{"embeddable":true,"href":"https:\/\/lyfilter.com\/fr\/wp-json\/wp\/v2\/comments?post=4019"}],"wp:featuredmedia":[{"embeddable":true,"href":"https:\/\/lyfilter.com\/fr\/wp-json\/wp\/v2\/media\/4021"}],"wp:attachment":[{"href":"https:\/\/lyfilter.com\/fr\/wp-json\/wp\/v2\/media?parent=4019"}],"wp:term":[{"taxonomy":"product_brand","embeddable":true,"href":"https:\/\/lyfilter.com\/fr\/wp-json\/wp\/v2\/product_brand?post=4019"},{"taxonomy":"product_cat","embeddable":true,"href":"https:\/\/lyfilter.com\/fr\/wp-json\/wp\/v2\/product_cat?post=4019"},{"taxonomy":"product_tag","embeddable":true,"href":"https:\/\/lyfilter.com\/fr\/wp-json\/wp\/v2\/product_tag?post=4019"}],"curies":[{"name":"wp","href":"https:\/\/api.w.org\/{rel}","templated":true}]}}