{"id":4013,"date":"2026-04-03T07:38:19","date_gmt":"2026-04-03T07:38:19","guid":{"rendered":"https:\/\/lyfilter.com\/"},"modified":"2026-04-03T07:38:19","modified_gmt":"2026-04-03T07:38:19","slug":"50-microns-ss304-316l-industrial-glue-liquid-filter-stainless-steel-cartridge-filter-machine-with-ss-pneumatic-diaphragm-pump","status":"publish","type":"product","link":"https:\/\/lyfilter.com\/fr\/50-microns-ss304-316l-industrial-glue-liquid-filter-stainless-steel-cartridge-filter-machine-with-ss-pneumatic-diaphragm-pump\/","title":{"rendered":"50 Microns SS304 316L Filtre industriel pour colle liquide Machine \u00e0 filtre \u00e0 cartouche en acier inoxydable avec pompe \u00e0 membrane pneumatique Ss"},"content":{"rendered":"<p>Con\u00e7ue pour la filtration des colles et des liquides, cette machine \u00e0 filtre \u00e0 cartouche de 50 microns utilise des mat\u00e9riaux SS304 et 316L et une pompe pneumatique \u00e0 diaphragme en acier inoxydable pour assurer un d\u00e9bit r\u00e9gulier, un traitement plus propre et des performances industrielles fiables \u00e0 chaque poste de travail.<\/p>","protected":false},"excerpt":{"rendered":"<table>\n<thead>\n<tr>\n<th>Objet<\/th>\n<th>Valeur<\/th>\n<th>Objet<\/th>\n<th>Valeur<\/th>\n<\/tr>\n<\/thead>\n<tbody>\n<tr>\n<td>Industries concern\u00e9es<\/td>\n<td>H\u00f4tels ; magasins de v\u00eatements ; magasins de mat\u00e9riaux de construction ; usines de fabrication ; ateliers de r\u00e9paration de machines ; usines de produits alimentaires et de boissons ; fermes ; restaurants ; usage domestique ; commerce de d\u00e9tail ; magasins d'alimentation ; imprimeries ; travaux de construction ; \u00e9nergie et mines ; magasins de produits alimentaires et de boissons ; soci\u00e9t\u00e9s de publicit\u00e9.<\/td>\n<td>Lieu d'origine<\/td>\n<td>Guangdong, Chine<\/td>\n<\/tr>\n<tr>\n<td>Nom de la marque<\/td>\n<td>LVYUAN\/OEM<\/td>\n<td>Garantie<\/td>\n<td>1 an<\/td>\n<\/tr>\n<tr>\n<td>Service apr\u00e8s-vente<\/td>\n<td>Soutien en ligne<\/td>\n<td>Nom de l'article<\/td>\n<td>Traitement industriel par cartouche filtrante \u00e0 1 2 3 4 5 \u00e9tages<\/td>\n<\/tr>\n<tr>\n<td>Mat\u00e9riau<\/td>\n<td>SS304 \/ SS316L<\/td>\n<td>Mat\u00e9riau de la poche filtrante<\/td>\n<td>SAC PE\/PP BAG<\/td>\n<\/tr>\n<tr>\n<td>Quantit\u00e9 de filtres \u00e0 manches<\/td>\n<td>Bo\u00eetier de filtre \u00e0 poche unique<\/td>\n<td>Traitement de surface<\/td>\n<td>Polissage et sablage<\/td>\n<\/tr>\n<tr>\n<td>Joint torique d'\u00e9tanch\u00e9it\u00e9<\/td>\n<td>Silastic\/NBR\/EPDM\/Viton<\/td>\n<td>Type d'installation du bouchon sup\u00e9rieur<\/td>\n<td>Type de pince\/type de boulon<\/td>\n<\/tr>\n<tr>\n<td>Type d'entr\u00e9e et de sortie<\/td>\n<td>Filetage int\u00e9rieur\/bride<\/td>\n<td>Type de connecteur<\/td>\n<td>222\/226\/DOE<\/td>\n<\/tr>\n<tr>\n<td>M\u00e9thode d'emballage<\/td>\n<td>Bo\u00eete standard pour l'exportation<\/td>\n<td>Unit\u00e9s de vente<\/td>\n<td>Article unique<\/td>\n<\/tr>\n<tr>\n<td>Taille de l'emballage unique<\/td>\n<td>75X50X75 cm<\/td>\n<td>Poids brut unique<\/td>\n<td>30.000 kg<\/td>\n<\/tr>\n<tr>\n<td>Type d'emballage<\/td>\n<td>Filtre \u00e0 cartouche en acier inoxydable SS304 316L 50 microns avec pompe \u00e0 diaphragme pneumatique SS : Emballage : Bo\u00eete standard pour l'exportation\/Selon les besoins<\/td>\n<td>D\u00e9lai d'ex\u00e9cution<\/td>\n<td>1 - 10 : 5 jours ; 11 - 100 : 10 jours ; &gt;100 : \u00e0 n\u00e9gocier<\/td>\n<\/tr>\n<\/tbody>\n<\/table>","protected":false},"featured_media":4016,"comment_status":"open","ping_status":"closed","template":"","meta":{"_gspb_post_css":""},"product_brand":[],"product_cat":[1205],"product_tag":[1372,1374,42,1375,1373,1257],"class_list":{"0":"post-4013","1":"product","2":"type-product","3":"status-publish","4":"has-post-thumbnail","6":"product_cat-stainless-steel-sintered-filter-cartridge","7":"product_tag-50-micron-cartridge-filter","8":"product_tag-glue-liquid-filter","9":"product_tag-industrial-liquid-filtration","10":"product_tag-ss-pneumatic-diaphragm-pump","11":"product_tag-ss304-316l-filter-machine","12":"product_tag-stainless-steel-cartridge-filter","14":"first","15":"instock","16":"shipping-taxable","17":"product-type-simple"},"_links":{"self":[{"href":"https:\/\/lyfilter.com\/fr\/wp-json\/wp\/v2\/product\/4013","targetHints":{"allow":["GET"]}}],"collection":[{"href":"https:\/\/lyfilter.com\/fr\/wp-json\/wp\/v2\/product"}],"about":[{"href":"https:\/\/lyfilter.com\/fr\/wp-json\/wp\/v2\/types\/product"}],"replies":[{"embeddable":true,"href":"https:\/\/lyfilter.com\/fr\/wp-json\/wp\/v2\/comments?post=4013"}],"wp:featuredmedia":[{"embeddable":true,"href":"https:\/\/lyfilter.com\/fr\/wp-json\/wp\/v2\/media\/4016"}],"wp:attachment":[{"href":"https:\/\/lyfilter.com\/fr\/wp-json\/wp\/v2\/media?parent=4013"}],"wp:term":[{"taxonomy":"product_brand","embeddable":true,"href":"https:\/\/lyfilter.com\/fr\/wp-json\/wp\/v2\/product_brand?post=4013"},{"taxonomy":"product_cat","embeddable":true,"href":"https:\/\/lyfilter.com\/fr\/wp-json\/wp\/v2\/product_cat?post=4013"},{"taxonomy":"product_tag","embeddable":true,"href":"https:\/\/lyfilter.com\/fr\/wp-json\/wp\/v2\/product_tag?post=4013"}],"curies":[{"name":"wp","href":"https:\/\/api.w.org\/{rel}","templated":true}]}}