{"id":4011,"date":"2026-04-03T07:34:57","date_gmt":"2026-04-03T07:34:57","guid":{"rendered":"https:\/\/lyfilter.com\/"},"modified":"2026-04-03T07:34:57","modified_gmt":"2026-04-03T07:34:57","slug":"lvyuan-wound-filter-cartridge-wholesaler-for-industry","status":"publish","type":"product","link":"https:\/\/lyfilter.com\/fr\/lvyuan-wound-filter-cartridge-wholesaler-for-industry\/","title":{"rendered":"Lvyuan Wound Filter Cartridge Wholesaler For Industry (cartouche filtrante bobin\u00e9e en gros pour l'industrie)"},"content":{"rendered":"<p>Con\u00e7ue pour la filtration industrielle, la cartouche filtrante bobin\u00e9e de Lvyuan capture les s\u00e9diments et les particules fines tout en assurant un d\u00e9bit stable. C'est un choix de gros pratique pour les usines qui ont besoin de performances fiables jour apr\u00e8s jour.<\/p>","protected":false},"excerpt":{"rendered":"<table>\n<thead>\n<tr>\n<th>Objet<\/th>\n<th>Valeur<\/th>\n<th>Objet<\/th>\n<th>Valeur<\/th>\n<\/tr>\n<\/thead>\n<tbody>\n<tr>\n<td>Condition<\/td>\n<td>Nouveau<\/td>\n<td>Industries concern\u00e9es<\/td>\n<td>H\u00f4tels ; magasins de v\u00eatements ; magasins de mat\u00e9riaux de construction ; usines de fabrication ; ateliers de r\u00e9paration de machines ; usines de produits alimentaires et de boissons ; fermes ; restaurants ; usage domestique ; commerce de d\u00e9tail ; magasins d'alimentation ; imprimeries ; travaux de construction ; \u00e9nergie et mines ; magasins de produits alimentaires et de boissons ; soci\u00e9t\u00e9s de publicit\u00e9.<\/td>\n<\/tr>\n<tr>\n<td>Lieu d'origine<\/td>\n<td>Guangdong, Chine<\/td>\n<td>Nom de la marque<\/td>\n<td>Sur mesure<\/td>\n<\/tr>\n<tr>\n<td>Mat\u00e9riau<\/td>\n<td>Sur mesure ; fibre de polypropyl\u00e8ne ; coton absorbant ; fibre de verre<\/td>\n<td>Poids<\/td>\n<td>Sur mesure<\/td>\n<\/tr>\n<tr>\n<td>Taille<\/td>\n<td>Sur mesure<\/td>\n<td>Puissance<\/td>\n<td>0<\/td>\n<\/tr>\n<tr>\n<td>Garantie<\/td>\n<td>Indisponible<\/td>\n<td>Objet<\/td>\n<td>Cartouche filtrante en pp 10 microns pour \u00e9quipements \u00e9lectroniques<\/td>\n<\/tr>\n<tr>\n<td>C\u0153ur de m\u00e9tier<\/td>\n<td>PP\/SS<\/td>\n<td>Micron<\/td>\n<td>1\/5\/10\/20\/30\/50\/75\/100<\/td>\n<\/tr>\n<tr>\n<td>Diam\u00e8tre int\u00e9rieur<\/td>\n<td>28mm \/ 30mm \/ OEM<\/td>\n<td>Longueur<\/td>\n<td>5\u2033 \/ 10\u2033 \/ 20\u2033 \/ 30\u2033 \/ 40\u2033 \/ 50\u2033 \/ 60\u2033<\/td>\n<\/tr>\n<tr>\n<td>Filtre enroul\u00e9 en PP+noyau en PP<\/td>\n<td>60\u2103<\/td>\n<td>Filtre enroul\u00e9 en PP+SS<\/td>\n<td>100\u2103<\/td>\n<\/tr>\n<tr>\n<td>Filtre en coton+SS<\/td>\n<td>120\u2103<\/td>\n<td>Fibre de verre+SS<\/td>\n<td>180 - 300\u2103<\/td>\n<\/tr>\n<tr>\n<td>Service apr\u00e8s-vente<\/td>\n<td>Soutien en ligne<\/td>\n<td>Unit\u00e9s de vente<\/td>\n<td>Article unique<\/td>\n<\/tr>\n<tr>\n<td>Taille de l'emballage unique<\/td>\n<td>104X5X5 cm<\/td>\n<td>Poids brut unique<\/td>\n<td>0,200 kg<\/td>\n<\/tr>\n<tr>\n<td>Type d'emballage<\/td>\n<td>Filtre en fil de polypropyl\u00e8ne pur de Chine 10 micron pp fil enroul\u00e9 cartouche de filtre pour l'usine d'\u00e9quipement \u00e9lectronique : 51x31x33cm- 10\u2033 25pcs\/20\u2033 25pcs<\/td>\n<td>D\u00e9lai d'ex\u00e9cution<\/td>\n<td>1 - 500 : 2 jours ; 501 - 1000 : 5 jours ; 1001 - 5000 : 7 jours ; &gt;5000 : \u00e0 n\u00e9gocier<\/td>\n<\/tr>\n<\/tbody>\n<\/table>","protected":false},"featured_media":4012,"comment_status":"open","ping_status":"closed","template":"","meta":{"_gspb_post_css":""},"product_brand":[],"product_cat":[1095],"product_tag":[1371,743,1370,1369,325,1098],"class_list":{"0":"post-4011","1":"product","2":"type-product","3":"status-publish","4":"has-post-thumbnail","6":"product_cat-string-wound-filter-cartridge","7":"product_tag-filter-cartridge-wholesaler","8":"product_tag-industrial-water-filter-cartridge","9":"product_tag-industrial-wound-filter","10":"product_tag-lvyuan-wound-filter-cartridge","11":"product_tag-sediment-filter-cartridge","12":"product_tag-string-wound-filter-cartridge","14":"first","15":"instock","16":"shipping-taxable","17":"product-type-simple"},"_links":{"self":[{"href":"https:\/\/lyfilter.com\/fr\/wp-json\/wp\/v2\/product\/4011","targetHints":{"allow":["GET"]}}],"collection":[{"href":"https:\/\/lyfilter.com\/fr\/wp-json\/wp\/v2\/product"}],"about":[{"href":"https:\/\/lyfilter.com\/fr\/wp-json\/wp\/v2\/types\/product"}],"replies":[{"embeddable":true,"href":"https:\/\/lyfilter.com\/fr\/wp-json\/wp\/v2\/comments?post=4011"}],"wp:featuredmedia":[{"embeddable":true,"href":"https:\/\/lyfilter.com\/fr\/wp-json\/wp\/v2\/media\/4012"}],"wp:attachment":[{"href":"https:\/\/lyfilter.com\/fr\/wp-json\/wp\/v2\/media?parent=4011"}],"wp:term":[{"taxonomy":"product_brand","embeddable":true,"href":"https:\/\/lyfilter.com\/fr\/wp-json\/wp\/v2\/product_brand?post=4011"},{"taxonomy":"product_cat","embeddable":true,"href":"https:\/\/lyfilter.com\/fr\/wp-json\/wp\/v2\/product_cat?post=4011"},{"taxonomy":"product_tag","embeddable":true,"href":"https:\/\/lyfilter.com\/fr\/wp-json\/wp\/v2\/product_tag?post=4011"}],"curies":[{"name":"wp","href":"https:\/\/api.w.org\/{rel}","templated":true}]}}