{"id":4000,"date":"2026-04-03T07:25:15","date_gmt":"2026-04-03T07:25:15","guid":{"rendered":"https:\/\/lyfilter.com\/"},"modified":"2026-04-03T07:25:15","modified_gmt":"2026-04-03T07:25:15","slug":"standard-carbon-filter-manufacturers-for-purify","status":"publish","type":"product","link":"https:\/\/lyfilter.com\/fr\/standard-carbon-filter-manufacturers-for-purify\/","title":{"rendered":"Fabricants de filtres \u00e0 charbon standard pour la purification"},"content":{"rendered":"<p>Con\u00e7u pour r\u00e9pondre \u00e0 des besoins pratiques de purification, ce filtre \u00e0 charbon standard permet de r\u00e9duire les impuret\u00e9s ind\u00e9sirables tout en maintenant un d\u00e9bit r\u00e9gulier. Sa structure fiable permet un rendement plus propre, un remplacement simple et une performance quotidienne fiable.<\/p>","protected":false},"excerpt":{"rendered":"<table>\n<thead>\n<tr>\n<th>Champ d'application<\/th>\n<th>Valeur<\/th>\n<\/tr>\n<\/thead>\n<tbody>\n<tr>\n<td>Type<\/td>\n<td>Pi\u00e8ces d\u00e9tach\u00e9es pour filtres \u00e0 eau<\/td>\n<\/tr>\n<tr>\n<td>Service apr\u00e8s-vente<\/td>\n<td>Centres d'appel \u00e0 l'\u00e9tranger<\/td>\n<\/tr>\n<tr>\n<td>Garantie<\/td>\n<td>aucun<\/td>\n<\/tr>\n<tr>\n<td>Application<\/td>\n<td>Voiture, VR, Ext\u00e9rieur, H\u00f4tel, Garage, Commercial, M\u00e9nage<\/td>\n<\/tr>\n<tr>\n<td>Source d'\u00e9nergie<\/td>\n<td>Manuel<\/td>\n<\/tr>\n<tr>\n<td>Lieu d'origine<\/td>\n<td>Guangdong, Chine<\/td>\n<\/tr>\n<tr>\n<td>Nom de la marque<\/td>\n<td>Lvyuan \/ OEM<\/td>\n<\/tr>\n<tr>\n<td>Num\u00e9ro de mod\u00e8le<\/td>\n<td>LY-AC-DF<\/td>\n<\/tr>\n<tr>\n<td>Nom du produit<\/td>\n<td>filtre de bouteille \u00e0 disque de carbone<\/td>\n<\/tr>\n<tr>\n<td>Taille<\/td>\n<td>Sur mesure<\/td>\n<\/tr>\n<tr>\n<td>Taux de micron<\/td>\n<td>1, 3, 5, 10, 20, 50, 100um<\/td>\n<\/tr>\n<tr>\n<td>Mat\u00e9riau<\/td>\n<td>charbon actif, coquille de noix de coco<\/td>\n<\/tr>\n<tr>\n<td>Longueur<\/td>\n<td>OEM, 5\u2033, 10\u2033, 20\u2033, 30\u2033, 40\u2033<\/td>\n<\/tr>\n<tr>\n<td>Diam\u00e8tre ext\u00e9rieur<\/td>\n<td>OEM, 50, 60, 70, 80mm<\/td>\n<\/tr>\n<tr>\n<td>Capuchon d'extr\u00e9mit\u00e9<\/td>\n<td>DOE, SOE, 222, 226, 215, M36, M24, M22, M20 interface filet\u00e9e<\/td>\n<\/tr>\n<tr>\n<td>Certification<\/td>\n<td>SGS\/ISO9001<\/td>\n<\/tr>\n<tr>\n<td>Utilisation<\/td>\n<td>Purification de l'air ou de l'eau<\/td>\n<\/tr>\n<tr>\n<td>Pression de service<\/td>\n<td>0,1 \u00e0 30Mpa<\/td>\n<\/tr>\n<tr>\n<td>Capacit\u00e9 d'approvisionnement<\/td>\n<td>5000 Pi\u00e8ces\/Pi\u00e8ces par jour plaque de filtre \u00e0 charbon<\/td>\n<\/tr>\n<tr>\n<td>Description<\/td>\n<td>Filtre \u00e0 charbon actif de haute qualit\u00e9 pour bouteille d'eau pour la purification de l'eau<\/td>\n<\/tr>\n<\/tbody>\n<\/table>","protected":false},"featured_media":4002,"comment_status":"open","ping_status":"closed","template":"","meta":{"_gspb_post_css":""},"product_brand":[],"product_cat":[1339],"product_tag":[1360,1363,1362,1359,1136,1361],"class_list":{"0":"post-4000","1":"product","2":"type-product","3":"status-publish","4":"has-post-thumbnail","6":"product_cat-carbon-filter","7":"product_tag-carbon-filter-for-purification","8":"product_tag-filtration-carbon-element","9":"product_tag-replacement-carbon-filter","10":"product_tag-standard-carbon-filter","11":"product_tag-water-filter-locks","12":"product_tag-water-treatment-carbon-filter","14":"first","15":"instock","16":"shipping-taxable","17":"product-type-simple"},"_links":{"self":[{"href":"https:\/\/lyfilter.com\/fr\/wp-json\/wp\/v2\/product\/4000","targetHints":{"allow":["GET"]}}],"collection":[{"href":"https:\/\/lyfilter.com\/fr\/wp-json\/wp\/v2\/product"}],"about":[{"href":"https:\/\/lyfilter.com\/fr\/wp-json\/wp\/v2\/types\/product"}],"replies":[{"embeddable":true,"href":"https:\/\/lyfilter.com\/fr\/wp-json\/wp\/v2\/comments?post=4000"}],"wp:featuredmedia":[{"embeddable":true,"href":"https:\/\/lyfilter.com\/fr\/wp-json\/wp\/v2\/media\/4002"}],"wp:attachment":[{"href":"https:\/\/lyfilter.com\/fr\/wp-json\/wp\/v2\/media?parent=4000"}],"wp:term":[{"taxonomy":"product_brand","embeddable":true,"href":"https:\/\/lyfilter.com\/fr\/wp-json\/wp\/v2\/product_brand?post=4000"},{"taxonomy":"product_cat","embeddable":true,"href":"https:\/\/lyfilter.com\/fr\/wp-json\/wp\/v2\/product_cat?post=4000"},{"taxonomy":"product_tag","embeddable":true,"href":"https:\/\/lyfilter.com\/fr\/wp-json\/wp\/v2\/product_tag?post=4000"}],"curies":[{"name":"wp","href":"https:\/\/api.w.org\/{rel}","templated":true}]}}