{"id":3994,"date":"2026-04-03T07:21:05","date_gmt":"2026-04-03T07:21:05","guid":{"rendered":"https:\/\/lyfilter.com\/"},"modified":"2026-05-08T01:28:01","modified_gmt":"2026-05-08T01:28:01","slug":"swing-bolts-single-bag-basket-type-industrial-water-filter-housing-with-stainless-steel-304-316l-material","status":"publish","type":"product","link":"https:\/\/lyfilter.com\/fr\/swing-bolts-single-bag-basket-type-industrial-water-filter-housing-with-stainless-steel-304-316l-material\/","title":{"rendered":"Bo\u00eetier de filtre \u00e0 eau industriel de type panier \u00e0 sac unique avec mat\u00e9riau en acier inoxydable 304 316L"},"content":{"rendered":"<p>Con\u00e7u pour la filtration industrielle des liquides, ce bo\u00eetier de filtre \u00e0 eau \u00e0 panier unique utilise des boulons pivotants et de l'acier inoxydable 304 ou 316L pour assurer la solidit\u00e9, la r\u00e9gularit\u00e9 du d\u00e9bit et la facilit\u00e9 d'entretien. Il permet une utilisation quotidienne fiable dans des syst\u00e8mes exigeants.<\/p>","protected":false},"excerpt":{"rendered":"<table>\n<thead>\n<tr>\n<th>Champ d'application<\/th>\n<th>Valeur<\/th>\n<\/tr>\n<\/thead>\n<tbody>\n<tr>\n<td>Industries concern\u00e9es<\/td>\n<td>H\u00f4tels, magasins de v\u00eatements, magasins de mat\u00e9riaux de construction, usines de fabrication, ateliers de r\u00e9paration de machines, usines de produits alimentaires et de boissons, fermes, restaurants, usage domestique, commerce de d\u00e9tail, magasins d'alimentation, imprimeries, travaux de construction, \u00e9nergie et mines, magasins de produits alimentaires et de boissons, soci\u00e9t\u00e9s de publicit\u00e9.<\/td>\n<\/tr>\n<tr>\n<td>Service apr\u00e8s-vente<\/td>\n<td>Soutien en ligne<\/td>\n<\/tr>\n<tr>\n<td>Lieu de service local<\/td>\n<td>aucun<\/td>\n<\/tr>\n<tr>\n<td>Emplacement de la salle d'exposition<\/td>\n<td>aucun<\/td>\n<\/tr>\n<tr>\n<td>Lieu d'origine<\/td>\n<td>Guangdong, Chine<\/td>\n<\/tr>\n<tr>\n<td>Nom de la marque<\/td>\n<td>Sur mesure<\/td>\n<\/tr>\n<tr>\n<td>Mat\u00e9riau<\/td>\n<td>Sur mesure, SS304 \/ SS316L<\/td>\n<\/tr>\n<tr>\n<td>Poids<\/td>\n<td>Sur mesure<\/td>\n<\/tr>\n<tr>\n<td>Taille<\/td>\n<td>Sur mesure<\/td>\n<\/tr>\n<tr>\n<td>Puissance<\/td>\n<td>0<\/td>\n<\/tr>\n<tr>\n<td>Garantie<\/td>\n<td>1 an<\/td>\n<\/tr>\n<tr>\n<td>Service apr\u00e8s-vente<\/td>\n<td>Soutien en ligne<\/td>\n<\/tr>\n<tr>\n<td>Nom de l'article<\/td>\n<td>Bo\u00eetier de filtre \u00e0 eau industriel \u00e0 panier unique<\/td>\n<\/tr>\n<tr>\n<td>Mat\u00e9riau de la poche filtrante<\/td>\n<td>SAC PE \/ SAC PP<\/td>\n<\/tr>\n<tr>\n<td>Quantit\u00e9 de filtres \u00e0 manches<\/td>\n<td>Bo\u00eetier de filtre \u00e0 poche unique<\/td>\n<\/tr>\n<tr>\n<td>Traitement de surface<\/td>\n<td>Polissage et sablage<\/td>\n<\/tr>\n<tr>\n<td>Joint torique d'\u00e9tanch\u00e9it\u00e9<\/td>\n<td>Silastic \/ NBR \/ EPDM \/ Viton<\/td>\n<\/tr>\n<tr>\n<td>Type d'installation du bouchon sup\u00e9rieur<\/td>\n<td>Type de pince \/ Type de boulon<\/td>\n<\/tr>\n<tr>\n<td>Type d'entr\u00e9e et de sortie<\/td>\n<td>Filet int\u00e9rieur \/ Bride<\/td>\n<\/tr>\n<tr>\n<td>Type de connecteur<\/td>\n<td>222 \/ 226 \/ BICHE<\/td>\n<\/tr>\n<tr>\n<td>M\u00e9thode d'emballage<\/td>\n<td>Bo\u00eete standard pour l'exportation<\/td>\n<\/tr>\n<tr>\n<td>Unit\u00e9s de vente<\/td>\n<td>Article unique<\/td>\n<\/tr>\n<tr>\n<td>Taille de l'emballage unique<\/td>\n<td>88X38X68 cm<\/td>\n<\/tr>\n<tr>\n<td>Poids brut unique<\/td>\n<td>68 000 kg<\/td>\n<\/tr>\n<tr>\n<td>Type d'emballage<\/td>\n<td>Bo\u00eetier de filtre \u00e0 eau industriel \u00e0 panier unique avec boulons pivotants, en acier inoxydable 304 316L : Emballage : Bo\u00eete standard pour l'exportation \/ Selon les besoins<\/td>\n<\/tr>\n<tr>\n<td>D\u00e9lai d'ex\u00e9cution<\/td>\n<td>Quantit\u00e9 (unit\u00e9s) : 1 - 10, D\u00e9lai est. Temps (jours) : 5 ; Quantit\u00e9(Unit\u00e9s) : 11 - 100, D\u00e9lai est. Temps(jours) : 10 ; Quantit\u00e9(Unit\u00e9s) : &gt;100, Temps(jours) est. (jours) : A n\u00e9gocier<\/td>\n<\/tr>\n<\/tbody>\n<\/table>","protected":false},"featured_media":3999,"comment_status":"open","ping_status":"closed","template":"","meta":{"_gspb_post_css":""},"product_brand":[],"product_cat":[15],"product_tag":[1357,1355,1354,1356,1358,1136],"class_list":{"0":"post-3994","1":"product","2":"type-product","3":"status-publish","4":"has-post-thumbnail","6":"product_cat-stainless-steel-filter-housing","7":"product_tag-316l-industrial-water-filter","8":"product_tag-basket-type-filter-housing","9":"product_tag-single-bag-filter-housing","10":"product_tag-stainless-steel-304-filter-housing","11":"product_tag-swing-bolts-filter-housing","12":"product_tag-water-filter-locks","14":"first","15":"instock","16":"shipping-taxable","17":"product-type-simple"},"_links":{"self":[{"href":"https:\/\/lyfilter.com\/fr\/wp-json\/wp\/v2\/product\/3994","targetHints":{"allow":["GET"]}}],"collection":[{"href":"https:\/\/lyfilter.com\/fr\/wp-json\/wp\/v2\/product"}],"about":[{"href":"https:\/\/lyfilter.com\/fr\/wp-json\/wp\/v2\/types\/product"}],"replies":[{"embeddable":true,"href":"https:\/\/lyfilter.com\/fr\/wp-json\/wp\/v2\/comments?post=3994"}],"wp:featuredmedia":[{"embeddable":true,"href":"https:\/\/lyfilter.com\/fr\/wp-json\/wp\/v2\/media\/3999"}],"wp:attachment":[{"href":"https:\/\/lyfilter.com\/fr\/wp-json\/wp\/v2\/media?parent=3994"}],"wp:term":[{"taxonomy":"product_brand","embeddable":true,"href":"https:\/\/lyfilter.com\/fr\/wp-json\/wp\/v2\/product_brand?post=3994"},{"taxonomy":"product_cat","embeddable":true,"href":"https:\/\/lyfilter.com\/fr\/wp-json\/wp\/v2\/product_cat?post=3994"},{"taxonomy":"product_tag","embeddable":true,"href":"https:\/\/lyfilter.com\/fr\/wp-json\/wp\/v2\/product_tag?post=3994"}],"curies":[{"name":"wp","href":"https:\/\/api.w.org\/{rel}","templated":true}]}}