{"id":3960,"date":"2026-04-03T07:06:43","date_gmt":"2026-04-03T07:06:43","guid":{"rendered":"https:\/\/lyfilter.com\/"},"modified":"2026-04-03T07:06:43","modified_gmt":"2026-04-03T07:06:43","slug":"factory-customization-4-5-8-sintered-activated-carbon-filter-for-refrigerator-spare-parts-filter-element","status":"publish","type":"product","link":"https:\/\/lyfilter.com\/fr\/factory-customization-4-5-8-sintered-activated-carbon-filter-for-refrigerator-spare-parts-filter-element\/","title":{"rendered":"Personnalisation en usine 4\u2033 5\u2033 8\u2033 Filtre \u00e0 charbon actif fritt\u00e9 pour pi\u00e8ces d\u00e9tach\u00e9es de r\u00e9frig\u00e9rateur \u00c9l\u00e9ment filtrant"},"content":{"rendered":"<p>Con\u00e7u pour la filtration au r\u00e9frig\u00e9rateur, cet \u00e9l\u00e9ment filtrant en charbon actif fritt\u00e9 permet de r\u00e9duire les odeurs et les impuret\u00e9s tout en conservant la fra\u00eecheur de l'eau. Avec des options de 4 pouces, 5 pouces et 8 pouces, il offre un ajustement pratique pour un remplacement facile.<\/p>","protected":false},"excerpt":{"rendered":"<table>\n<thead>\n<tr>\n<th>Champ d'application<\/th>\n<th>Valeur<\/th>\n<\/tr>\n<\/thead>\n<tbody>\n<tr>\n<td>Lieu d'origine<\/td>\n<td>Guangdong, Chine<\/td>\n<\/tr>\n<tr>\n<td>Nom de la marque<\/td>\n<td>OEM\/LVYUAN<\/td>\n<\/tr>\n<tr>\n<td>Mat\u00e9riau<\/td>\n<td>CARBONE, charbon de coco activ\u00e9 fritt\u00e9<\/td>\n<\/tr>\n<tr>\n<td>Poids<\/td>\n<td>200<\/td>\n<\/tr>\n<tr>\n<td>Taille<\/td>\n<td>68x28x250mm<\/td>\n<\/tr>\n<tr>\n<td>Puissance<\/td>\n<td>0<\/td>\n<\/tr>\n<tr>\n<td>Garantie<\/td>\n<td>Indisponible<\/td>\n<\/tr>\n<tr>\n<td>Nom du produit<\/td>\n<td>Filtre \u00e0 charbon actif fritt\u00e9 personnalis\u00e9 par l'usine<\/td>\n<\/tr>\n<tr>\n<td>Service apr\u00e8s-vente<\/td>\n<td>Support en ligne, Support en ligne<\/td>\n<\/tr>\n<tr>\n<td>Certification<\/td>\n<td>SGS\/ISO<\/td>\n<\/tr>\n<tr>\n<td>Longueur<\/td>\n<td>10-1050mm<\/td>\n<\/tr>\n<tr>\n<td>OD<\/td>\n<td>14-121mm<\/td>\n<\/tr>\n<tr>\n<td>ID<\/td>\n<td>6-50mm<\/td>\n<\/tr>\n<tr>\n<td>Taux de micron<\/td>\n<td>0,5-20um<\/td>\n<\/tr>\n<tr>\n<td>Indice d'iode<\/td>\n<td>jusqu'\u00e0 1000<\/td>\n<\/tr>\n<tr>\n<td>D\u00e9bit<\/td>\n<td>\u2264300L\/h<\/td>\n<\/tr>\n<tr>\n<td>Unit\u00e9s de vente<\/td>\n<td>Article unique<\/td>\n<\/tr>\n<tr>\n<td>Taille de l'emballage unique<\/td>\n<td>6,5X2,8X25 cm<\/td>\n<\/tr>\n<tr>\n<td>Poids brut unique<\/td>\n<td>0,200 kg<\/td>\n<\/tr>\n<tr>\n<td>Type d'emballage<\/td>\n<td>53x33x33cm, 64x33x33cm<\/td>\n<\/tr>\n<tr>\n<td>D\u00e9lai d'ex\u00e9cution<\/td>\n<td>Quantit\u00e9(Pi\u00e8ces) : 1 - 100, Temps est. Temps (jours) : 3 ; Quantit\u00e9(Pi\u00e8ces) : 101 - 500, D\u00e9lai est. Temps(jours) : 5 ; Quantit\u00e9(Pi\u00e8ces) : 501 - 1000, Temps(jours) est. Temps(jours) : 7 ; Quantit\u00e9(Pi\u00e8ces) : &gt;1000, Temps(jours) est. (jours) : 7 ; Quantit\u00e9 (pi\u00e8ces) : &gt;1000, d\u00e9lai est : A n\u00e9gocier<\/td>\n<\/tr>\n<\/tbody>\n<\/table>","protected":false},"featured_media":3965,"comment_status":"open","ping_status":"closed","template":"","meta":{"_gspb_post_css":""},"product_brand":[],"product_cat":[1339],"product_tag":[1343,1342,1341,1162,1340,1136],"class_list":{"0":"post-3960","1":"product","2":"type-product","3":"status-publish","4":"has-post-thumbnail","6":"product_cat-carbon-filter","7":"product_tag-custom-carbon-filter","8":"product_tag-refrigerator-filter-element","9":"product_tag-refrigerator-spare-parts-filter","10":"product_tag-replacement-water-filter","11":"product_tag-sintered-activated-carbon-filter","12":"product_tag-water-filter-locks","14":"first","15":"instock","16":"shipping-taxable","17":"product-type-simple"},"_links":{"self":[{"href":"https:\/\/lyfilter.com\/fr\/wp-json\/wp\/v2\/product\/3960","targetHints":{"allow":["GET"]}}],"collection":[{"href":"https:\/\/lyfilter.com\/fr\/wp-json\/wp\/v2\/product"}],"about":[{"href":"https:\/\/lyfilter.com\/fr\/wp-json\/wp\/v2\/types\/product"}],"replies":[{"embeddable":true,"href":"https:\/\/lyfilter.com\/fr\/wp-json\/wp\/v2\/comments?post=3960"}],"wp:featuredmedia":[{"embeddable":true,"href":"https:\/\/lyfilter.com\/fr\/wp-json\/wp\/v2\/media\/3965"}],"wp:attachment":[{"href":"https:\/\/lyfilter.com\/fr\/wp-json\/wp\/v2\/media?parent=3960"}],"wp:term":[{"taxonomy":"product_brand","embeddable":true,"href":"https:\/\/lyfilter.com\/fr\/wp-json\/wp\/v2\/product_brand?post=3960"},{"taxonomy":"product_cat","embeddable":true,"href":"https:\/\/lyfilter.com\/fr\/wp-json\/wp\/v2\/product_cat?post=3960"},{"taxonomy":"product_tag","embeddable":true,"href":"https:\/\/lyfilter.com\/fr\/wp-json\/wp\/v2\/product_tag?post=3960"}],"curies":[{"name":"wp","href":"https:\/\/api.w.org\/{rel}","templated":true}]}}