{"id":3949,"date":"2026-04-03T07:00:04","date_gmt":"2026-04-03T07:00:04","guid":{"rendered":"https:\/\/lyfilter.com\/"},"modified":"2026-04-03T07:00:04","modified_gmt":"2026-04-03T07:00:04","slug":"20-30-inch-100-polypropylene-pp-yarn-wire-wound-water-filter-for-water-treatment-5-micron-cartridge-filter-replaced","status":"publish","type":"product","link":"https:\/\/lyfilter.com\/fr\/20-30-inch-100-polypropylene-pp-yarn-wire-wound-water-filter-for-water-treatment-5-micron-cartridge-filter-replaced\/","title":{"rendered":"20 30 Inch 100% Polypropylene PP Yarn Wire Wound Water Filter For Water Treatment 5 Micron Cartridge Filter Replaced"},"content":{"rendered":"<p>Con\u00e7u pour le traitement de l'eau, ce filtre 100% en fil polypropyl\u00e8ne PP permet de capturer les s\u00e9diments avec une pr\u00e9cision de 5 microns. Ses options de 20 et 30 pouces permettent un d\u00e9bit r\u00e9gulier, une filtration fiable et un remplacement quotidien pratique.<\/p>","protected":false},"excerpt":{"rendered":"<table>\n<thead>\n<tr>\n<th>Champ d'application<\/th>\n<th>Valeur<\/th>\n<\/tr>\n<\/thead>\n<tbody>\n<tr>\n<td>Industries concern\u00e9es<\/td>\n<td>Usine de produits alimentaires et de boissons, restaurant, usage domestique, magasin d'alimentation, imprimerie, travaux de construction, \u00e9nergie et mines, magasins de produits alimentaires et de boissons, soci\u00e9t\u00e9 de publicit\u00e9<\/td>\n<\/tr>\n<tr>\n<td>Lieu d'origine<\/td>\n<td>Guangdong, Chine<\/td>\n<\/tr>\n<tr>\n<td>Nom de la marque<\/td>\n<td>LVYUAN\/OEM<\/td>\n<\/tr>\n<tr>\n<td>Mat\u00e9riau<\/td>\n<td>Polypropyl\u00e8ne\/Fibre de verre\/Coton, fibre de polypropyl\u00e8ne, coton absorbant, fibre de verre<\/td>\n<\/tr>\n<tr>\n<td>Poids<\/td>\n<td>R\u00e9f\u00e9rence<\/td>\n<\/tr>\n<tr>\n<td>Taille<\/td>\n<td>10\u2033\/20\u2033\/30\u2033\/40\u2033\/50\u2033<\/td>\n<\/tr>\n<tr>\n<td>Puissance<\/td>\n<td>0<\/td>\n<\/tr>\n<tr>\n<td>Garantie<\/td>\n<td>Indisponible<\/td>\n<\/tr>\n<tr>\n<td>Objet<\/td>\n<td>10 20 30 pouces 100% Filtre \u00e0 eau en fil polypropyl\u00e8ne PP<\/td>\n<\/tr>\n<tr>\n<td>C\u0153ur de m\u00e9tier<\/td>\n<td>PP\/SS<\/td>\n<\/tr>\n<tr>\n<td>Micron<\/td>\n<td>1\/5\/10\/20\/30\/50\/75\/100<\/td>\n<\/tr>\n<tr>\n<td>Diam\u00e8tre int\u00e9rieur<\/td>\n<td>28mm \/ 30mm \/ OEM<\/td>\n<\/tr>\n<tr>\n<td>Longueur<\/td>\n<td>5\u2033 \/ 10\u2033 \/ 20\u2033 \/ 30\u2033 \/ 40\u2033 \/ 50\u2033 \/ 60\u2033<\/td>\n<\/tr>\n<tr>\n<td>Filtre enroul\u00e9 en PP+noyau en PP<\/td>\n<td>65\u2103<\/td>\n<\/tr>\n<tr>\n<td>Filtre enroul\u00e9 en PP+SS<\/td>\n<td>120\u2103<\/td>\n<\/tr>\n<tr>\n<td>Filtre en coton+SS<\/td>\n<td>180\u2103<\/td>\n<\/tr>\n<tr>\n<td>Fibre de verre+SS<\/td>\n<td>180 - 300\u2103<\/td>\n<\/tr>\n<tr>\n<td>Service apr\u00e8s-vente<\/td>\n<td>Soutien en ligne<\/td>\n<\/tr>\n<tr>\n<td>Capacit\u00e9 d'approvisionnement<\/td>\n<td>1000 pi\u00e8ces par jour<\/td>\n<\/tr>\n<\/tbody>\n<\/table>","protected":false},"featured_media":3953,"comment_status":"open","ping_status":"closed","template":"","meta":{"_gspb_post_css":""},"product_brand":[],"product_cat":[1095],"product_tag":[1172,1333,1296,1136,878,1334],"class_list":{"0":"post-3949","1":"product","2":"type-product","3":"status-publish","4":"has-post-thumbnail","6":"product_cat-string-wound-filter-cartridge","7":"product_tag-5-micron-cartridge-filter","8":"product_tag-polypropylene-pp-yarn-filter","9":"product_tag-sediment-water-filter","10":"product_tag-water-filter-locks","11":"product_tag-water-treatment-filter-cartridge","12":"product_tag-wire-wound-water-filter","14":"first","15":"instock","16":"shipping-taxable","17":"product-type-simple"},"_links":{"self":[{"href":"https:\/\/lyfilter.com\/fr\/wp-json\/wp\/v2\/product\/3949","targetHints":{"allow":["GET"]}}],"collection":[{"href":"https:\/\/lyfilter.com\/fr\/wp-json\/wp\/v2\/product"}],"about":[{"href":"https:\/\/lyfilter.com\/fr\/wp-json\/wp\/v2\/types\/product"}],"replies":[{"embeddable":true,"href":"https:\/\/lyfilter.com\/fr\/wp-json\/wp\/v2\/comments?post=3949"}],"wp:featuredmedia":[{"embeddable":true,"href":"https:\/\/lyfilter.com\/fr\/wp-json\/wp\/v2\/media\/3953"}],"wp:attachment":[{"href":"https:\/\/lyfilter.com\/fr\/wp-json\/wp\/v2\/media?parent=3949"}],"wp:term":[{"taxonomy":"product_brand","embeddable":true,"href":"https:\/\/lyfilter.com\/fr\/wp-json\/wp\/v2\/product_brand?post=3949"},{"taxonomy":"product_cat","embeddable":true,"href":"https:\/\/lyfilter.com\/fr\/wp-json\/wp\/v2\/product_cat?post=3949"},{"taxonomy":"product_tag","embeddable":true,"href":"https:\/\/lyfilter.com\/fr\/wp-json\/wp\/v2\/product_tag?post=3949"}],"curies":[{"name":"wp","href":"https:\/\/api.w.org\/{rel}","templated":true}]}}