{"id":3920,"date":"2026-04-03T06:36:02","date_gmt":"2026-04-03T06:36:02","guid":{"rendered":"https:\/\/lyfilter.com\/"},"modified":"2026-04-03T06:36:03","modified_gmt":"2026-04-03T06:36:03","slug":"ss-single-bag-filter-housing-316-stainless-steel-filter-strainer-for-industrial-liquid-filtration","status":"publish","type":"product","link":"https:\/\/lyfilter.com\/fr\/ss-single-bag-filter-housing-316-stainless-steel-filter-strainer-for-industrial-liquid-filtration\/","title":{"rendered":"Bo\u00eetier de filtre \u00e0 poche simple en acier inoxydable\/316 Filtre \u00e0 tamis en acier inoxydable pour la filtration des liquides industriels"},"content":{"rendered":"<p>Con\u00e7u pour la filtration de liquides industriels, ce bo\u00eetier de filtre \u00e0 poche unique en acier inoxydable SS utilise de l'acier inoxydable 316 pour assurer un filtrage durable, un d\u00e9bit r\u00e9gulier et une maintenance facile. Sa conception robuste permet d'am\u00e9liorer l'efficacit\u00e9 et la fiabilit\u00e9 des op\u00e9rations quotidiennes.<\/p>","protected":false},"excerpt":{"rendered":"<table>\n<thead>\n<tr>\n<th>Champ d'application<\/th>\n<th>Valeur<\/th>\n<\/tr>\n<\/thead>\n<tbody>\n<tr>\n<td>Industries concern\u00e9es<\/td>\n<td>Usine de fabrication, usine de produits alimentaires et de boissons, traitement de l'eau<\/td>\n<\/tr>\n<tr>\n<td>Lieu d'origine<\/td>\n<td>Guangdong, Chine<\/td>\n<\/tr>\n<tr>\n<td>Nom de la marque<\/td>\n<td>Lvyuan, OEM, ODM<\/td>\n<\/tr>\n<tr>\n<td>Mat\u00e9riau<\/td>\n<td>acier inoxydable 304<\/td>\n<\/tr>\n<tr>\n<td>Poids<\/td>\n<td>personnalis\u00e9<\/td>\n<\/tr>\n<tr>\n<td>Taille<\/td>\n<td>personnalis\u00e9<\/td>\n<\/tr>\n<tr>\n<td>Puissance<\/td>\n<td>0<\/td>\n<\/tr>\n<tr>\n<td>Garantie<\/td>\n<td>1 an<\/td>\n<\/tr>\n<tr>\n<td>Service apr\u00e8s-vente<\/td>\n<td>Soutien en ligne<\/td>\n<\/tr>\n<tr>\n<td>Fonctionnalit\u00e9<\/td>\n<td>Bonne \u00e9tanch\u00e9it\u00e9<\/td>\n<\/tr>\n<tr>\n<td>taille de la poche filtrante<\/td>\n<td>180*810mm<\/td>\n<\/tr>\n<tr>\n<td>Certification<\/td>\n<td>SGS<\/td>\n<\/tr>\n<tr>\n<td>Utilisation<\/td>\n<td>filtration de l'eau<\/td>\n<\/tr>\n<tr>\n<td>Application<\/td>\n<td>l'industrie<\/td>\n<\/tr>\n<tr>\n<td>surface<\/td>\n<td>poli\/miroir<\/td>\n<\/tr>\n<tr>\n<td>Mati\u00e8res premi\u00e8res<\/td>\n<td>acier inoxydable<\/td>\n<\/tr>\n<tr>\n<td>Pression de service<\/td>\n<td>300Psi<\/td>\n<\/tr>\n<tr>\n<td>Mots cl\u00e9s<\/td>\n<td>filtre \u00e0 manches<\/td>\n<\/tr>\n<tr>\n<td>M\u00e9dia filtrant<\/td>\n<td>PP\/PE\/SS<\/td>\n<\/tr>\n<tr>\n<td>Unit\u00e9s de vente<\/td>\n<td>Article unique<\/td>\n<\/tr>\n<tr>\n<td>Taille de l'emballage unique<\/td>\n<td>150X40X45 cm<\/td>\n<\/tr>\n<tr>\n<td>Poids brut unique<\/td>\n<td>26.000 kg<\/td>\n<\/tr>\n<tr>\n<td>D\u00e9lai d'ex\u00e9cution<\/td>\n<td>Quantit\u00e9(Pi\u00e8ces) : 1 - 500, Temps est. Temps (jours) : 7 ; Quantit\u00e9(Pi\u00e8ces) : &gt;500, D\u00e9lai est. (jours) : A n\u00e9gocier<\/td>\n<\/tr>\n<\/tbody>\n<\/table>","protected":false},"featured_media":3926,"comment_status":"open","ping_status":"closed","template":"","meta":{"_gspb_post_css":""},"product_brand":[],"product_cat":[15],"product_tag":[1319,42,68,1318,1320,1136],"class_list":{"0":"post-3920","1":"product","2":"type-product","3":"status-publish","4":"has-post-thumbnail","6":"product_cat-stainless-steel-filter-housing","7":"product_tag-316-stainless-steel-filter-strainer","8":"product_tag-industrial-liquid-filtration","9":"product_tag-liquid-filter-housing","10":"product_tag-ss-single-bag-filter-housing","11":"product_tag-stainless-steel-bag-filter","12":"product_tag-water-filter-locks","14":"first","15":"instock","16":"shipping-taxable","17":"product-type-simple"},"_links":{"self":[{"href":"https:\/\/lyfilter.com\/fr\/wp-json\/wp\/v2\/product\/3920","targetHints":{"allow":["GET"]}}],"collection":[{"href":"https:\/\/lyfilter.com\/fr\/wp-json\/wp\/v2\/product"}],"about":[{"href":"https:\/\/lyfilter.com\/fr\/wp-json\/wp\/v2\/types\/product"}],"replies":[{"embeddable":true,"href":"https:\/\/lyfilter.com\/fr\/wp-json\/wp\/v2\/comments?post=3920"}],"wp:featuredmedia":[{"embeddable":true,"href":"https:\/\/lyfilter.com\/fr\/wp-json\/wp\/v2\/media\/3926"}],"wp:attachment":[{"href":"https:\/\/lyfilter.com\/fr\/wp-json\/wp\/v2\/media?parent=3920"}],"wp:term":[{"taxonomy":"product_brand","embeddable":true,"href":"https:\/\/lyfilter.com\/fr\/wp-json\/wp\/v2\/product_brand?post=3920"},{"taxonomy":"product_cat","embeddable":true,"href":"https:\/\/lyfilter.com\/fr\/wp-json\/wp\/v2\/product_cat?post=3920"},{"taxonomy":"product_tag","embeddable":true,"href":"https:\/\/lyfilter.com\/fr\/wp-json\/wp\/v2\/product_tag?post=3920"}],"curies":[{"name":"wp","href":"https:\/\/api.w.org\/{rel}","templated":true}]}}