{"id":3915,"date":"2026-04-03T06:26:10","date_gmt":"2026-04-03T06:26:10","guid":{"rendered":"https:\/\/lyfilter.com\/"},"modified":"2026-05-08T01:22:03","modified_gmt":"2026-05-08T01:22:03","slug":"lvyuan-hot-sale-commercial-ro-plant-supplier-wholesale-for-industry","status":"publish","type":"product","link":"https:\/\/lyfilter.com\/fr\/lvyuan-hot-sale-commercial-ro-plant-supplier-wholesale-for-industry\/","title":{"rendered":"Lvyuan Hot Sale Commercial RO Plant Supplier Wholesale For Industry (Vente en gros d'une station d'osmose inverse commerciale pour l'industrie)"},"content":{"rendered":"<p>1. textile, industrie chimique, eau de traitement \/ eau recycl\u00e9e chimique, produits chimiques<\/p>\n<p>&nbsp;<\/p>\n<p>la fabrication, la purification et la pr\u00e9paration de l'eau ;<\/p>\n<p>&nbsp;<\/p>\n<p>2. l'eau industrielle des aliments et des boissons, l'eau potable purifi\u00e9e, les boissons, la bi\u00e8re,<\/p>\n<p>&nbsp;<\/p>\n<p>l'alcool, les produits de soins de sant\u00e9 tels que la purification de l'eau et la pr\u00e9paration de l'eau ;<\/p>\n<p>&nbsp;<\/p>\n<p>3. dessalement de l'eau de mer et de l'eau saum\u00e2tre, \u00eeles, navires, plates-formes de forage en mer,<\/p>\n<p>&nbsp;<\/p>\n<p>zones d'eau saum\u00e2tre<\/p>\n<p>&nbsp;<\/p>\n<p>4. la communaut\u00e9 \u00e9largie, les biens immobiliers, les \u00e9coles, les usines, les h\u00f4pitaux et les restaurants,<\/p>\n<p>&nbsp;<\/p>\n<p>h\u00f4tels, salons de beaut\u00e9, cantines et autres types d'entreprises et d'institutions.<\/p>\n<p>&nbsp;<\/p>\n<p>5.circuits int\u00e9gr\u00e9s, plaquettes de silicium, tubes d'affichage et autres composants \u00e9lectroniques de<\/p>\n<p>&nbsp;<\/p>\n<p>eau industrielle \u00e9lectronique eau de rin\u00e7age<\/p>\n<p>&nbsp;<\/p>\n<p>6. peut \u00eatre utilis\u00e9 pour remplir des bouteilles d'eau, de l'eau min\u00e9rale et d'autres pr\u00e9parations<\/p>\n<p>&nbsp;<\/p>","protected":false},"excerpt":{"rendered":"<table>\n<thead>\n<tr>\n<th>Champ d'application<\/th>\n<th>Valeur<\/th>\n<\/tr>\n<\/thead>\n<tbody>\n<tr>\n<td>Industries concern\u00e9es<\/td>\n<td>Fermes, Travaux de construction, Magasins d'alimentation et de boissons<\/td>\n<\/tr>\n<tr>\n<td>Service apr\u00e8s-vente<\/td>\n<td>Soutien en ligne<\/td>\n<\/tr>\n<tr>\n<td>Lieu de service local<\/td>\n<td>aucun<\/td>\n<\/tr>\n<tr>\n<td>Emplacement de la salle d'exposition<\/td>\n<td>aucun<\/td>\n<\/tr>\n<tr>\n<td>Vid\u00e9o de l'inspection de sortie<\/td>\n<td>Fourni<\/td>\n<\/tr>\n<tr>\n<td>Rapport d'essai des machines<\/td>\n<td>Non disponible<\/td>\n<\/tr>\n<tr>\n<td>Type de marketing<\/td>\n<td>Produit ordinaire<\/td>\n<\/tr>\n<tr>\n<td>Garantie des composants de base<\/td>\n<td>1 an<\/td>\n<\/tr>\n<tr>\n<td>Composants essentiels<\/td>\n<td>R\u00e9servoir sous pression, pompe, moteur<\/td>\n<\/tr>\n<tr>\n<td>Lieu d'origine<\/td>\n<td>Guangdong, Chine<\/td>\n<\/tr>\n<tr>\n<td>Nom de la marque<\/td>\n<td>Guangzhou Lvyuan<\/td>\n<\/tr>\n<tr>\n<td>Garantie<\/td>\n<td>1 an<\/td>\n<\/tr>\n<tr>\n<td>Service apr\u00e8s-vente<\/td>\n<td>Soutien en ligne<\/td>\n<\/tr>\n<tr>\n<td>Point 1<\/td>\n<td>syst\u00e8me de traitement de l'eau de mer<\/td>\n<\/tr>\n<tr>\n<td>Point 2<\/td>\n<td>Vanne de r\u00e9gulation automatique ou manuelle<\/td>\n<\/tr>\n<tr>\n<td>Point 3<\/td>\n<td>R\u00e9servoir en FRP ou en acier inoxydable<\/td>\n<\/tr>\n<tr>\n<td>Point 4<\/td>\n<td>Membrane RO de bonne qualit\u00e9<\/td>\n<\/tr>\n<tr>\n<td>Point 5<\/td>\n<td>D\u00e9bit 1000LPH<\/td>\n<\/tr>\n<tr>\n<td>Point 6<\/td>\n<td>usine de traitement de l'eau potable<\/td>\n<\/tr>\n<tr>\n<td>Point 7<\/td>\n<td>Lampe UV<\/td>\n<\/tr>\n<tr>\n<td>Point 8<\/td>\n<td>Syst\u00e8me EDI<\/td>\n<\/tr>\n<tr>\n<td>Point 9<\/td>\n<td>Mat\u00e9riau du tube acier inoxydable<\/td>\n<\/tr>\n<tr>\n<td>paquet<\/td>\n<td>bo\u00eete en bois ou cadre en bois<\/td>\n<\/tr>\n<tr>\n<td>Capacit\u00e9 d'approvisionnement<\/td>\n<td>5 pi\u00e8ces\/pi\u00e8ces par mois<\/td>\n<\/tr>\n<\/tbody>\n<\/table>","protected":false},"featured_media":3916,"comment_status":"open","ping_status":"closed","template":"","meta":{"_gspb_post_css":""},"product_brand":[],"product_cat":[15],"product_tag":[1312,1310,1309,1313,1136,1311],"class_list":{"0":"post-3915","1":"product","2":"type-product","3":"status-publish","4":"has-post-thumbnail","6":"product_cat-stainless-steel-filter-housing","7":"product_tag-commercial-water-purification-plant","8":"product_tag-industrial-ro-water-system","9":"product_tag-lvyuan-commercial-ro-plant","10":"product_tag-reverse-osmosis-treatment-system","11":"product_tag-water-filter-locks","12":"product_tag-wholesale-ro-plant-supplier","14":"first","15":"instock","16":"shipping-taxable","17":"product-type-simple"},"_links":{"self":[{"href":"https:\/\/lyfilter.com\/fr\/wp-json\/wp\/v2\/product\/3915","targetHints":{"allow":["GET"]}}],"collection":[{"href":"https:\/\/lyfilter.com\/fr\/wp-json\/wp\/v2\/product"}],"about":[{"href":"https:\/\/lyfilter.com\/fr\/wp-json\/wp\/v2\/types\/product"}],"replies":[{"embeddable":true,"href":"https:\/\/lyfilter.com\/fr\/wp-json\/wp\/v2\/comments?post=3915"}],"wp:featuredmedia":[{"embeddable":true,"href":"https:\/\/lyfilter.com\/fr\/wp-json\/wp\/v2\/media\/3916"}],"wp:attachment":[{"href":"https:\/\/lyfilter.com\/fr\/wp-json\/wp\/v2\/media?parent=3915"}],"wp:term":[{"taxonomy":"product_brand","embeddable":true,"href":"https:\/\/lyfilter.com\/fr\/wp-json\/wp\/v2\/product_brand?post=3915"},{"taxonomy":"product_cat","embeddable":true,"href":"https:\/\/lyfilter.com\/fr\/wp-json\/wp\/v2\/product_cat?post=3915"},{"taxonomy":"product_tag","embeddable":true,"href":"https:\/\/lyfilter.com\/fr\/wp-json\/wp\/v2\/product_tag?post=3915"}],"curies":[{"name":"wp","href":"https:\/\/api.w.org\/{rel}","templated":true}]}}