{"id":3899,"date":"2026-04-03T06:18:26","date_gmt":"2026-04-03T06:18:26","guid":{"rendered":"https:\/\/lyfilter.com\/"},"modified":"2026-05-08T01:25:10","modified_gmt":"2026-05-08T01:25:10","slug":"sanitary-filter-housing-stainless-for-industry-iso-9001-with-good-price","status":"publish","type":"product","link":"https:\/\/lyfilter.com\/fr\/sanitary-filter-housing-stainless-for-industry-iso-9001-with-good-price\/","title":{"rendered":"Bo\u00eetier de filtre sanitaire en acier inoxydable pour l'industrie ISO 9001 avec un bon prix"},"content":{"rendered":"<p><b>D\u00e9tails du produit du bo\u00eetier de filtre sanitaire en acier inoxydable<\/b><\/p>\n<p>&nbsp;<\/p>\n<p><b>Sp\u00e9cification du produit<\/b><\/p>\n<p>Mat\u00e9riau : Acier inoxydable<\/p>\n<p>&nbsp;<\/p>\n<p><b>Pr\u00e9sentation du produit<\/b><\/p>\n<p><a href=\"https:\/\/lyfilter.com\/fr\/\">Filtre Lvyuan<\/a>\u00a0Le bo\u00eetier de filtre sanitaire en acier inoxydable est fabriqu\u00e9 \u00e0 partir des mat\u00e9riaux les plus r\u00e9cents, car nous suivons toujours les derniers d\u00e9veloppements technologiques. En fonction des demandes des clients, nos techniciens ont r\u00e9ussi \u00e0 am\u00e9liorer le bo\u00eetier de filtre sanitaire inoxydable. Avec une excellente qualit\u00e9 et une bonne r\u00e9putation, l'\u00e9chelle de production de Guangzhou Lvyuan Water Purification Equipment Co., Ltd. se d\u00e9veloppe.<\/p>\n<p><strong>Filtre haute pression en acier inoxydable Filtre \u00e0 gaz<\/strong><\/p>\n<p>Les filtres haute pression sont utilis\u00e9s pour filtrer les impuret\u00e9s solides et liquides dans l'air comprim\u00e9 \u00e0 haute pression. Les filtres haute pression conviennent pour filtrer les impuret\u00e9s solides et liquides dans l'air comprim\u00e9 \u00e0 haute pression. Le filtre haute pression en alliage d'aluminium peut traiter jusqu'\u00e0 50barg d'air comprim\u00e9, et le filtre haute pression en acier inoxydable peut traiter jusqu'\u00e0 350barg d'air comprim\u00e9.<\/p>","protected":false},"excerpt":{"rendered":"<table>\n<thead>\n<tr>\n<th>Champ d'application<\/th>\n<th>Valeur<\/th>\n<\/tr>\n<\/thead>\n<tbody>\n<tr>\n<td>Condition<\/td>\n<td>Nouveau<\/td>\n<\/tr>\n<tr>\n<td>Industries concern\u00e9es<\/td>\n<td>H\u00f4tels, magasins de v\u00eatements, magasins de mat\u00e9riaux de construction, usines de fabrication, ateliers de r\u00e9paration de machines, usines de produits alimentaires et de boissons, fermes, restaurants, usage domestique, commerce de d\u00e9tail, magasins d'alimentation, imprimeries, travaux de construction, \u00e9nergie et mines, magasins de produits alimentaires et de boissons.<\/td>\n<\/tr>\n<tr>\n<td>Service apr\u00e8s-vente<\/td>\n<td>Soutien en ligne<\/td>\n<\/tr>\n<tr>\n<td>Lieu de service local<\/td>\n<td>aucun<\/td>\n<\/tr>\n<tr>\n<td>Emplacement de la salle d'exposition<\/td>\n<td>aucun<\/td>\n<\/tr>\n<tr>\n<td>Vid\u00e9o de l'inspection de sortie<\/td>\n<td>Fourni<\/td>\n<\/tr>\n<tr>\n<td>Rapport d'essai des machines<\/td>\n<td>Fourni<\/td>\n<\/tr>\n<tr>\n<td>Type de marketing<\/td>\n<td>Produit ordinaire<\/td>\n<\/tr>\n<tr>\n<td>Garantie des composants de base<\/td>\n<td>1 an<\/td>\n<\/tr>\n<tr>\n<td>Composants essentiels<\/td>\n<td>R\u00e9servoir sous pression<\/td>\n<\/tr>\n<tr>\n<td>Lieu d'origine<\/td>\n<td>Guangdong, Chine<\/td>\n<\/tr>\n<tr>\n<td>Nom de la marque<\/td>\n<td>Lvyuan\/OEM<\/td>\n<\/tr>\n<tr>\n<td>Garantie<\/td>\n<td>1 an<\/td>\n<\/tr>\n<tr>\n<td>Service apr\u00e8s-vente<\/td>\n<td>Soutien en ligne<\/td>\n<\/tr>\n<tr>\n<td>Nom du produit<\/td>\n<td>Filtre de 0,22 micron<\/td>\n<\/tr>\n<tr>\n<td>Taux de micron<\/td>\n<td>0,1 \u00e0 300 microns<\/td>\n<\/tr>\n<tr>\n<td>Dimension OEM<\/td>\n<td>Disponible<\/td>\n<\/tr>\n<tr>\n<td>Longueur<\/td>\n<td>5\u2033, 10\u2033, 20\u2033, 30\u2033, 40\u2033, 50\u201d, 60\u201d pouces<\/td>\n<\/tr>\n<tr>\n<td>Acier inoxydable Mat\u00e9riau<\/td>\n<td>304, 316, 316L<\/td>\n<\/tr>\n<tr>\n<td>Formulaire d'interface<\/td>\n<td>222, 226, 215, M36, M24, M22, M20 interface filet\u00e9e<\/td>\n<\/tr>\n<tr>\n<td>Couche<\/td>\n<td>filtre \u00e0 cartouche pliss\u00e9\/maill\u00e9<\/td>\n<\/tr>\n<tr>\n<td>Utilisation<\/td>\n<td>filtration des gaz et des liquides<\/td>\n<\/tr>\n<tr>\n<td>R\u00e9sistance \u00e0 la chaleur<\/td>\n<td>-200 - 500 degr\u00e9s<\/td>\n<\/tr>\n<tr>\n<td>Pression de service<\/td>\n<td>0,1 \u00e0 30Mpa<\/td>\n<\/tr>\n<tr>\n<td>Capacit\u00e9 d'approvisionnement<\/td>\n<td>5000 Pi\u00e8ces\/Pi\u00e8ces par jour cartouche de filtre \u00e0 huile<\/td>\n<\/tr>\n<tr>\n<td>Port de d\u00e9part<\/td>\n<td>Guangzhou<\/td>\n<\/tr>\n<tr>\n<td>Paiement<\/td>\n<td>T\/T, Alibaba Trade Assurance, paypal<\/td>\n<\/tr>\n<tr>\n<td>Certification<\/td>\n<td>ISO 9001<\/td>\n<\/tr>\n<tr>\n<td>Marque<\/td>\n<td>OEM\/Lvyuan<\/td>\n<\/tr>\n<\/tbody>\n<\/table>","protected":false},"featured_media":3903,"comment_status":"open","ping_status":"closed","template":"","meta":{"_gspb_post_css":""},"product_brand":[],"product_cat":[15],"product_tag":[1289,1084,1303,1302,34,1136],"class_list":{"0":"post-3899","1":"product","2":"type-product","3":"status-publish","4":"has-post-thumbnail","6":"product_cat-stainless-steel-filter-housing","7":"product_tag-hygienic-filtration-housing","8":"product_tag-industrial-filter-housing","9":"product_tag-iso-9001-filter-housing","10":"product_tag-sanitary-stainless-filter-housing","11":"product_tag-stainless-steel-filter-housing","12":"product_tag-water-filter-locks","14":"first","15":"instock","16":"shipping-taxable","17":"product-type-simple"},"_links":{"self":[{"href":"https:\/\/lyfilter.com\/fr\/wp-json\/wp\/v2\/product\/3899","targetHints":{"allow":["GET"]}}],"collection":[{"href":"https:\/\/lyfilter.com\/fr\/wp-json\/wp\/v2\/product"}],"about":[{"href":"https:\/\/lyfilter.com\/fr\/wp-json\/wp\/v2\/types\/product"}],"replies":[{"embeddable":true,"href":"https:\/\/lyfilter.com\/fr\/wp-json\/wp\/v2\/comments?post=3899"}],"wp:featuredmedia":[{"embeddable":true,"href":"https:\/\/lyfilter.com\/fr\/wp-json\/wp\/v2\/media\/3903"}],"wp:attachment":[{"href":"https:\/\/lyfilter.com\/fr\/wp-json\/wp\/v2\/media?parent=3899"}],"wp:term":[{"taxonomy":"product_brand","embeddable":true,"href":"https:\/\/lyfilter.com\/fr\/wp-json\/wp\/v2\/product_brand?post=3899"},{"taxonomy":"product_cat","embeddable":true,"href":"https:\/\/lyfilter.com\/fr\/wp-json\/wp\/v2\/product_cat?post=3899"},{"taxonomy":"product_tag","embeddable":true,"href":"https:\/\/lyfilter.com\/fr\/wp-json\/wp\/v2\/product_tag?post=3899"}],"curies":[{"name":"wp","href":"https:\/\/api.w.org\/{rel}","templated":true}]}}