{"id":3892,"date":"2026-04-03T06:15:10","date_gmt":"2026-04-03T06:15:10","guid":{"rendered":"https:\/\/lyfilter.com\/"},"modified":"2026-04-03T06:15:10","modified_gmt":"2026-04-03T06:15:10","slug":"doe-m30-m20-washable-sintering-stainless-steel-sus-316l-metal-powder-0-22-micron-filter-cartridge-for-oil-filtration-system","status":"publish","type":"product","link":"https:\/\/lyfilter.com\/fr\/doe-m30-m20-washable-sintering-stainless-steel-sus-316l-metal-powder-0-22-micron-filter-cartridge-for-oil-filtration-system\/","title":{"rendered":"DOE M30 M20 fritt\u00e9 en acier inoxydable Sus 316L poudre m\u00e9tallique 0,22 micron cartouche filtrante pour syst\u00e8me de filtration d'huile"},"content":{"rendered":"<p>Con\u00e7ue pour la filtration, cette cartouche DOE M30 M20 utilise de la poudre m\u00e9tallique fritt\u00e9e lavable en acier inoxydable SUS 316L et une pr\u00e9cision de 0,22 micron pour assurer un d\u00e9bit r\u00e9gulier, une durabilit\u00e9 et des performances fiables \u00e0 long terme dans les syst\u00e8mes exigeants.<\/p>","protected":false},"excerpt":{"rendered":"<table>\n<thead>\n<tr>\n<th>Champ d'application<\/th>\n<th>Valeur<\/th>\n<\/tr>\n<\/thead>\n<tbody>\n<tr>\n<td>Condition<\/td>\n<td>Nouveau<\/td>\n<\/tr>\n<tr>\n<td>Industries concern\u00e9es<\/td>\n<td>H\u00f4tels, magasins de v\u00eatements, magasins de mat\u00e9riaux de construction, usines de fabrication, ateliers de r\u00e9paration de machines, usines de produits alimentaires et de boissons, fermes, restaurants, usage domestique, commerce de d\u00e9tail, magasins d'alimentation, imprimeries, travaux de construction, \u00e9nergie et mines, magasins de produits alimentaires et de boissons.<\/td>\n<\/tr>\n<tr>\n<td>Service apr\u00e8s-vente<\/td>\n<td>Soutien en ligne<\/td>\n<\/tr>\n<tr>\n<td>Lieu de service local<\/td>\n<td>aucun<\/td>\n<\/tr>\n<tr>\n<td>Emplacement de la salle d'exposition<\/td>\n<td>aucun<\/td>\n<\/tr>\n<tr>\n<td>Vid\u00e9o de l'inspection de sortie<\/td>\n<td>Fourni<\/td>\n<\/tr>\n<tr>\n<td>Rapport d'essai des machines<\/td>\n<td>Fourni<\/td>\n<\/tr>\n<tr>\n<td>Type de marketing<\/td>\n<td>Produit ordinaire<\/td>\n<\/tr>\n<tr>\n<td>Garantie des composants de base<\/td>\n<td>1 an<\/td>\n<\/tr>\n<tr>\n<td>Composants essentiels<\/td>\n<td>R\u00e9servoir sous pression<\/td>\n<\/tr>\n<tr>\n<td>Lieu d'origine<\/td>\n<td>Guangdong, Chine<\/td>\n<\/tr>\n<tr>\n<td>Nom de la marque<\/td>\n<td>Lvyuan\/OEM<\/td>\n<\/tr>\n<tr>\n<td>Garantie<\/td>\n<td>1 an<\/td>\n<\/tr>\n<tr>\n<td>Service apr\u00e8s-vente<\/td>\n<td>Soutien en ligne<\/td>\n<\/tr>\n<tr>\n<td>Nom du produit<\/td>\n<td>Filtre de 0,22 micron<\/td>\n<\/tr>\n<tr>\n<td>Taux de micron<\/td>\n<td>0,1 \u00e0 300 microns<\/td>\n<\/tr>\n<tr>\n<td>Dimension OEM<\/td>\n<td>Disponible<\/td>\n<\/tr>\n<tr>\n<td>Longueur<\/td>\n<td>5\u2033, 10\u2033, 20\u2033, 30\u2033, 40\u2033, 50\u201d, 60\u201d pouces<\/td>\n<\/tr>\n<tr>\n<td>Acier inoxydable Mat\u00e9riau<\/td>\n<td>304, 316, 316L<\/td>\n<\/tr>\n<tr>\n<td>Formulaire d'interface<\/td>\n<td>222, 226, 215, M36, M24, M22, M20 interface filet\u00e9e<\/td>\n<\/tr>\n<tr>\n<td>Couche<\/td>\n<td>filtre \u00e0 cartouche pliss\u00e9\/maill\u00e9<\/td>\n<\/tr>\n<tr>\n<td>Utilisation<\/td>\n<td>filtration des gaz et des liquides<\/td>\n<\/tr>\n<tr>\n<td>R\u00e9sistance \u00e0 la chaleur<\/td>\n<td>-200 - 500 degr\u00e9s<\/td>\n<\/tr>\n<tr>\n<td>Pression de service<\/td>\n<td>0,1 \u00e0 30Mpa<\/td>\n<\/tr>\n<tr>\n<td>Capacit\u00e9 d'approvisionnement<\/td>\n<td>5000 Pi\u00e8ces\/Pi\u00e8ces par jour cartouche de filtre \u00e0 huile<\/td>\n<\/tr>\n<\/tbody>\n<\/table>","protected":false},"featured_media":3893,"comment_status":"open","ping_status":"closed","template":"","meta":{"_gspb_post_css":""},"product_brand":[],"product_cat":[18],"product_tag":[1299,1297,1301,1298,1300,1136],"class_list":{"0":"post-3892","1":"product","2":"type-product","3":"status-publish","4":"has-post-thumbnail","6":"product_cat-sintered-metal-filters","7":"product_tag-0-22-micron-oil-filter","8":"product_tag-doe-m30-m20-filter-cartridge","9":"product_tag-stainless-steel-oil-filtration-filter","10":"product_tag-sus-316l-metal-powder-filter","11":"product_tag-washable-sintered-filter-cartridge","12":"product_tag-water-filter-locks","14":"first","15":"instock","16":"shipping-taxable","17":"product-type-simple"},"_links":{"self":[{"href":"https:\/\/lyfilter.com\/fr\/wp-json\/wp\/v2\/product\/3892","targetHints":{"allow":["GET"]}}],"collection":[{"href":"https:\/\/lyfilter.com\/fr\/wp-json\/wp\/v2\/product"}],"about":[{"href":"https:\/\/lyfilter.com\/fr\/wp-json\/wp\/v2\/types\/product"}],"replies":[{"embeddable":true,"href":"https:\/\/lyfilter.com\/fr\/wp-json\/wp\/v2\/comments?post=3892"}],"wp:featuredmedia":[{"embeddable":true,"href":"https:\/\/lyfilter.com\/fr\/wp-json\/wp\/v2\/media\/3893"}],"wp:attachment":[{"href":"https:\/\/lyfilter.com\/fr\/wp-json\/wp\/v2\/media?parent=3892"}],"wp:term":[{"taxonomy":"product_brand","embeddable":true,"href":"https:\/\/lyfilter.com\/fr\/wp-json\/wp\/v2\/product_brand?post=3892"},{"taxonomy":"product_cat","embeddable":true,"href":"https:\/\/lyfilter.com\/fr\/wp-json\/wp\/v2\/product_cat?post=3892"},{"taxonomy":"product_tag","embeddable":true,"href":"https:\/\/lyfilter.com\/fr\/wp-json\/wp\/v2\/product_tag?post=3892"}],"curies":[{"name":"wp","href":"https:\/\/api.w.org\/{rel}","templated":true}]}}