{"id":3882,"date":"2026-04-03T06:03:47","date_gmt":"2026-04-03T06:03:47","guid":{"rendered":"https:\/\/lyfilter.com\/"},"modified":"2026-04-03T06:03:47","modified_gmt":"2026-04-03T06:03:47","slug":"lvyuan-filter-activated-carbon-block-filter-made-in-china-for-sea-water","status":"publish","type":"product","link":"https:\/\/lyfilter.com\/fr\/lvyuan-filter-activated-carbon-block-filter-made-in-china-for-sea-water\/","title":{"rendered":"Lvyuan Filter Filtre \u00e0 charbon actif en bloc fabriqu\u00e9 en Chine pour l'eau de mer"},"content":{"rendered":"<p><b>Avantages pour l'entreprise<\/b><br \/>\n<b>1.<\/b>\u00a0<a href=\"https:\/\/lyfilter.com\/fr\/\">Filtre Lvyuan<\/a>\u00a0est fabriqu\u00e9 \u00e0 partir de mat\u00e9riaux de bonne qualit\u00e9 et est magnifiquement con\u00e7u par des ouvriers qualifi\u00e9s. Il a trouv\u00e9 une vari\u00e9t\u00e9 d'applications dans l'industrie, les processus chimiques, l'alimentation et les boissons, les cosm\u00e9tiques et l'eau.<br \/>\n<b>2.<\/b> La production standardis\u00e9e de Lvyuan est r\u00e9alis\u00e9e en stricte conformit\u00e9 avec les normes nationales, et un syst\u00e8me complet de contr\u00f4le de la qualit\u00e9 a \u00e9t\u00e9 mis en place pour effectuer une supervision stricte de la qualit\u00e9 et des tests sur tous les maillons importants de la production du produit, afin de garantir que le filtre \u00e0 charbon actif final qui quitte l'usine sont tous des produits de haute qualit\u00e9 qui r\u00e9pondent aux normes nationales Produits accessoires.<br \/>\n<b>3.<\/b>\u00a0Le produit pr\u00e9sente l'avantage d'\u00eatre r\u00e9sistant au vieillissement. Les probl\u00e8mes de vieillissement par oxydation thermique ont \u00e9t\u00e9 r\u00e9solus par l'adoption de divers modificateurs et agents de formage. Il peut fournir une analyse et des r\u00e9sultats pr\u00e9cis pour les applications sensibles de chromatographie ionique.<\/p>\n<div class=\"pro_aliData\">\n<div class=\"detail-box\">\n<div class=\"scc-wrapper detail-module module-cspu\" data-module=\"cspu\"><\/div>\n<div class=\"scc-wrapper detail-module module-productPackagingAndQuickDetail\" data-spm=\"prilinga1e\">\n<div class=\"widget-detail-overview\">\n<div class=\"do-title\">Vue d'ensemble<\/div>\n<div id=\"car-parts-model\"><\/div>\n<div class=\"do-content\">\n<div class=\"do-overview\">\n<div class=\"do-entry do-entry-separate\">\n<div class=\"do-entry-title\">D\u00e9tails rapides<\/div>\n<div class=\"do-entry-list\">\n<dl id=\"224439040\" class=\"do-entry-item\">\n<dt class=\"do-entry-item\"><span class=\"attr-name J-attr-name\" title=\"Industries concern\u00e9es\">Industries concern\u00e9es :<\/span><\/dt>\n<dd class=\"do-entry-item-val\">\n<div class=\"ellipsis\" title=\"H\u00f4tels, magasins de v\u00eatements, magasins de mat\u00e9riaux de construction, usines de fabrication, ateliers de r\u00e9paration de machines, usines de produits alimentaires et de boissons, fermes, restaurants, usage domestique, commerce de d\u00e9tail, magasins d&#039;alimentation, imprimeries, travaux de construction, \u00e9nergie et mines, magasins de produits alimentaires et de boissons, soci\u00e9t\u00e9s de publicit\u00e9.\">H\u00f4tels, magasins de v\u00eatements, magasins de mat\u00e9riaux de construction, usines de fabrication, ateliers de r\u00e9paration de machines, usines de produits alimentaires et de boissons, fermes, restaurants, usage domestique, commerce de d\u00e9tail, magasins d'alimentation, imprimeries, travaux de construction, \u00e9nergie et mines, magasins de produits alimentaires et de boissons, soci\u00e9t\u00e9s de publicit\u00e9.<\/div>\n<\/dd>\n<\/dl>\n<\/div>\n<\/div>\n<\/div>\n<\/div>\n<\/div>\n<\/div>\n<\/div>\n<\/div>","protected":false},"excerpt":{"rendered":"<table>\n<thead>\n<tr>\n<th>Lieu d'origine<\/th>\n<th>Guangdong, Chine<\/th>\n<\/tr>\n<\/thead>\n<tbody>\n<tr>\n<td>Nom de la marque<\/td>\n<td>LVYUAN\/OEM<\/td>\n<\/tr>\n<tr>\n<td>Mat\u00e9riau<\/td>\n<td>SINTERED, charbon de coco activ\u00e9 fritt\u00e9<\/td>\n<\/tr>\n<tr>\n<td>Poids<\/td>\n<td>OEM<\/td>\n<\/tr>\n<tr>\n<td>Taille<\/td>\n<td>OEM<\/td>\n<\/tr>\n<tr>\n<td>Puissance<\/td>\n<td>0<\/td>\n<\/tr>\n<tr>\n<td>Garantie<\/td>\n<td>Indisponible<\/td>\n<\/tr>\n<tr>\n<td>Nom du produit<\/td>\n<td>Cartouche de filtre \u00e0 eau en charbon fritt\u00e9 5 microns, meilleur prix<\/td>\n<\/tr>\n<tr>\n<td>Certification<\/td>\n<td>SGS<\/td>\n<\/tr>\n<tr>\n<td>Longueur<\/td>\n<td>10-1050mm<\/td>\n<\/tr>\n<tr>\n<td>OD<\/td>\n<td>14-121mm<\/td>\n<\/tr>\n<tr>\n<td>ID<\/td>\n<td>6-50mm<\/td>\n<\/tr>\n<tr>\n<td>Taux de micron<\/td>\n<td>0,5-20um<\/td>\n<\/tr>\n<tr>\n<td>Indice d'iode<\/td>\n<td>jusqu'\u00e0 1000<\/td>\n<\/tr>\n<tr>\n<td>D\u00e9bit<\/td>\n<td>\u2264300L\/h<\/td>\n<\/tr>\n<tr>\n<td>Service apr\u00e8s-vente<\/td>\n<td>Soutien en ligne<\/td>\n<\/tr>\n<tr>\n<td>Unit\u00e9s de vente<\/td>\n<td>Article unique<\/td>\n<\/tr>\n<tr>\n<td>Taille de l'emballage unique<\/td>\n<td>30X5X5 cm<\/td>\n<\/tr>\n<tr>\n<td>Poids brut unique<\/td>\n<td>2.000 kg<\/td>\n<\/tr>\n<tr>\n<td>Type d'emballage<\/td>\n<td>53x33x33cm, 64x33x33cm<\/td>\n<\/tr>\n<tr>\n<td>D\u00e9lai d'ex\u00e9cution<\/td>\n<td>1 - 100 pi\u00e8ces : 3 jours ; 101 - 500 pi\u00e8ces : 5 jours ; 501 - 1000 pi\u00e8ces : 7 jours ; &gt;1000 pi\u00e8ces : A n\u00e9gocier<\/td>\n<\/tr>\n<\/tbody>\n<\/table>","protected":false},"featured_media":3883,"comment_status":"open","ping_status":"closed","template":"","meta":{"_gspb_post_css":""},"product_brand":[],"product_cat":[17],"product_tag":[1292,1294,1295,1291,1293,1136],"class_list":{"0":"post-3882","1":"product","2":"type-product","3":"status-publish","4":"has-post-thumbnail","6":"product_cat-sediment-filter","7":"product_tag-activated-carbon-water-filter","8":"product_tag-china-made-water-filter","9":"product_tag-desalination-filter-element","10":"product_tag-lvyuan-carbon-block-filter","11":"product_tag-sea-water-filter-cartridge","12":"product_tag-water-filter-locks","14":"first","15":"instock","16":"shipping-taxable","17":"product-type-simple"},"_links":{"self":[{"href":"https:\/\/lyfilter.com\/fr\/wp-json\/wp\/v2\/product\/3882","targetHints":{"allow":["GET"]}}],"collection":[{"href":"https:\/\/lyfilter.com\/fr\/wp-json\/wp\/v2\/product"}],"about":[{"href":"https:\/\/lyfilter.com\/fr\/wp-json\/wp\/v2\/types\/product"}],"replies":[{"embeddable":true,"href":"https:\/\/lyfilter.com\/fr\/wp-json\/wp\/v2\/comments?post=3882"}],"wp:featuredmedia":[{"embeddable":true,"href":"https:\/\/lyfilter.com\/fr\/wp-json\/wp\/v2\/media\/3883"}],"wp:attachment":[{"href":"https:\/\/lyfilter.com\/fr\/wp-json\/wp\/v2\/media?parent=3882"}],"wp:term":[{"taxonomy":"product_brand","embeddable":true,"href":"https:\/\/lyfilter.com\/fr\/wp-json\/wp\/v2\/product_brand?post=3882"},{"taxonomy":"product_cat","embeddable":true,"href":"https:\/\/lyfilter.com\/fr\/wp-json\/wp\/v2\/product_cat?post=3882"},{"taxonomy":"product_tag","embeddable":true,"href":"https:\/\/lyfilter.com\/fr\/wp-json\/wp\/v2\/product_tag?post=3882"}],"curies":[{"name":"wp","href":"https:\/\/api.w.org\/{rel}","templated":true}]}}