{"id":3872,"date":"2026-04-03T04:02:47","date_gmt":"2026-04-03T04:02:47","guid":{"rendered":"https:\/\/lyfilter.com\/"},"modified":"2026-04-03T04:02:47","modified_gmt":"2026-04-03T04:02:47","slug":"safe-ro-water-filtration-plant-wholesale-for-water-purification","status":"publish","type":"product","link":"https:\/\/lyfilter.com\/fr\/safe-ro-water-filtration-plant-wholesale-for-water-purification\/","title":{"rendered":"Usine de filtration de l'eau Ro Safe Wholesale For Water Purification (pour la purification de l'eau)"},"content":{"rendered":"<p><b>Avantages pour l'entreprise<\/b><br \/>\n<b>1.<\/b>\u00a0L'usine de filtration d'eau ro est con\u00e7ue par des concepteurs professionnels ayant une grande exp\u00e9rience de l'industrie. Tous ses \u00e9l\u00e9ments sont fabriqu\u00e9s avec des mat\u00e9riaux conformes \u00e0 la FDA pour le contact avec les aliments et les boissons.<br \/>\n<b>2.<\/b>\u00a0Lvyuan s'efforce de maintenir ses prix aussi bas que possible. Il existe une large gamme de longueurs pour les bo\u00eetiers standard et les bo\u00eetiers \u00e0 \u00e9coulement total.<br \/>\n<b>3.<\/b>\u00a0Le produit pr\u00e9sente une \u00e9tanch\u00e9it\u00e9 efficace. Le joint hydraulique et l'autre joint \u00e0 ressort fonctionnent ensemble de mani\u00e8re efficace pour am\u00e9liorer l'\u00e9tanch\u00e9it\u00e9 \u00e0 l'air. Il peut \u00e9galement filtrer les particules, les organismes microbiens, l'oxyde ferrique et d'autres impuret\u00e9s.<br \/>\n<b>4.<\/b>\u00a0Le produit n'est pas susceptible de subir des d\u00e9formations permanentes. Sa structure m\u00e9tallique robuste garantit qu'il ne se d\u00e9formera pas sous l'effet de mouvements m\u00e9caniques tr\u00e8s sensibles. Le m\u00e9dia filtrant est li\u00e9 thermiquement pour emp\u00eacher la lib\u00e9ration des fibres tout en assurant des d\u00e9bits constants.<br \/>\n<b>5.<\/b>\u00a0Le produit peut r\u00e9sister \u00e0 une certaine usure. Son action m\u00e9canique n'entra\u00eenera pas facilement la perte de mat\u00e9riaux de la surface. Des configurations d'embouts personnalis\u00e9es sont disponibles pour r\u00e9pondre \u00e0 des besoins sp\u00e9cifiques.<\/p>\n<div class=\"pro_aliData\">\n<div class=\"detail-box\">\n<div class=\"scc-wrapper detail-module module-cspu\" data-module=\"cspu\"><\/div>\n<\/div>\n<\/div>","protected":false},"excerpt":{"rendered":"<table>\n<thead>\n<tr>\n<th>Type<\/th>\n<th>Machine de remplissage, machine d'emballage de liquides<\/th>\n<\/tr>\n<\/thead>\n<tbody>\n<tr>\n<td>Condition<\/td>\n<td>Nouveau<\/td>\n<\/tr>\n<tr>\n<td>Application<\/td>\n<td>Boisson, Eau<\/td>\n<\/tr>\n<tr>\n<td>Type d'emballage<\/td>\n<td>Sacs, pochettes, sachets<\/td>\n<\/tr>\n<tr>\n<td>Mat\u00e9riau d'emballage<\/td>\n<td>plastique<\/td>\n<\/tr>\n<tr>\n<td>Grade automatique<\/td>\n<td>Automatique<\/td>\n<\/tr>\n<tr>\n<td>Type d'entra\u00eenement<\/td>\n<td>\u00c9lectrique<\/td>\n<\/tr>\n<tr>\n<td>Tension<\/td>\n<td>220V\/50Hz<\/td>\n<\/tr>\n<tr>\n<td>Lieu d'origine<\/td>\n<td>Guangdong, Chine<\/td>\n<\/tr>\n<tr>\n<td>Nom de la marque<\/td>\n<td>OEM\/Lvyuan<\/td>\n<\/tr>\n<tr>\n<td>Dimension (L<em>W<\/em>H)<\/td>\n<td>d\u00e9pend<\/td>\n<\/tr>\n<tr>\n<td>Poids<\/td>\n<td>d\u00e9pend<\/td>\n<\/tr>\n<tr>\n<td>Certification<\/td>\n<td>ISO9001, CE<\/td>\n<\/tr>\n<tr>\n<td>Garantie<\/td>\n<td>1 an<\/td>\n<\/tr>\n<tr>\n<td>Service apr\u00e8s-vente<\/td>\n<td>Soutien en ligne<\/td>\n<\/tr>\n<tr>\n<td>Nom du produit<\/td>\n<td>prix de la machine \u00e0 emballer les sachets d'eau<\/td>\n<\/tr>\n<tr>\n<td>Volume de remplissage<\/td>\n<td>100 - 6000ml, selon la demande<\/td>\n<\/tr>\n<tr>\n<td>Fonction<\/td>\n<td>Remplissage Scellement Formage<\/td>\n<\/tr>\n<tr>\n<td>Syst\u00e8me d'eau pure RO<\/td>\n<td>disponible en option<\/td>\n<\/tr>\n<tr>\n<td>pouvoir<\/td>\n<td>360W<\/td>\n<\/tr>\n<tr>\n<td>Mat\u00e9riau de la machine<\/td>\n<td>Acier inoxydable<\/td>\n<\/tr>\n<tr>\n<td>Capacit\u00e9 de production<\/td>\n<td>300- 2200 sacs par heure<\/td>\n<\/tr>\n<tr>\n<td>Personnalisation<\/td>\n<td>Accepter<\/td>\n<\/tr>\n<tr>\n<td>Mat\u00e9riau du sac en plastique<\/td>\n<td>Film PE<\/td>\n<\/tr>\n<tr>\n<td>Capacit\u00e9 d'approvisionnement<\/td>\n<td>100 pi\u00e8ces par mois machine \u00e0 remplir les sachets d'eau<\/td>\n<\/tr>\n<\/tbody>\n<\/table>","protected":false},"featured_media":3874,"comment_status":"open","ping_status":"closed","template":"","meta":{"_gspb_post_css":""},"product_brand":[],"product_cat":[1284],"product_tag":[636,1288,1285,1136,1286,1287],"class_list":{"0":"post-3872","1":"product","2":"type-product","3":"status-publish","4":"has-post-thumbnail","6":"product_cat-dust-cover-ro-water-purifier","7":"product_tag-industrial-water-treatment","8":"product_tag-reverse-osmosis-filtration","9":"product_tag-ro-water-filtration-plant","10":"product_tag-water-filter-locks","11":"product_tag-water-purification-system","12":"product_tag-wholesale-water-filter-plant","14":"first","15":"instock","16":"shipping-taxable","17":"product-type-simple"},"_links":{"self":[{"href":"https:\/\/lyfilter.com\/fr\/wp-json\/wp\/v2\/product\/3872","targetHints":{"allow":["GET"]}}],"collection":[{"href":"https:\/\/lyfilter.com\/fr\/wp-json\/wp\/v2\/product"}],"about":[{"href":"https:\/\/lyfilter.com\/fr\/wp-json\/wp\/v2\/types\/product"}],"replies":[{"embeddable":true,"href":"https:\/\/lyfilter.com\/fr\/wp-json\/wp\/v2\/comments?post=3872"}],"wp:featuredmedia":[{"embeddable":true,"href":"https:\/\/lyfilter.com\/fr\/wp-json\/wp\/v2\/media\/3874"}],"wp:attachment":[{"href":"https:\/\/lyfilter.com\/fr\/wp-json\/wp\/v2\/media?parent=3872"}],"wp:term":[{"taxonomy":"product_brand","embeddable":true,"href":"https:\/\/lyfilter.com\/fr\/wp-json\/wp\/v2\/product_brand?post=3872"},{"taxonomy":"product_cat","embeddable":true,"href":"https:\/\/lyfilter.com\/fr\/wp-json\/wp\/v2\/product_cat?post=3872"},{"taxonomy":"product_tag","embeddable":true,"href":"https:\/\/lyfilter.com\/fr\/wp-json\/wp\/v2\/product_tag?post=3872"}],"curies":[{"name":"wp","href":"https:\/\/api.w.org\/{rel}","templated":true}]}}