{"id":3845,"date":"2026-04-03T03:44:29","date_gmt":"2026-04-03T03:44:29","guid":{"rendered":"https:\/\/lyfilter.com\/"},"modified":"2026-04-03T03:44:29","modified_gmt":"2026-04-03T03:44:29","slug":"lvyuan-filter-fine-quality-seawater-reverse-osmosis-plant-manufacturers-for-desalination","status":"publish","type":"product","link":"https:\/\/lyfilter.com\/fr\/lvyuan-filter-fine-quality-seawater-reverse-osmosis-plant-manufacturers-for-desalination\/","title":{"rendered":"Lvyuan Filter Fine Quality Seawater Reverse Osmosis Plant Manufacturers For Desalination (Usine d'osmose inverse pour eau de mer de qualit\u00e9 sup\u00e9rieure)"},"content":{"rendered":"<p>Con\u00e7ue pour le dessalement de l'eau de mer, cette installation d'osmose inverse de Lvyuan permet de r\u00e9duire le sel et les impuret\u00e9s tout en augmentant le rendement. Il s'agit d'un choix pratique pour les op\u00e9rations qui n\u00e9cessitent une filtration fiable, une efficacit\u00e9 et une longue dur\u00e9e d'utilisation.<\/p>","protected":false},"excerpt":{"rendered":"<table>\n<thead>\n<tr>\n<th>Lieu d'origine<\/th>\n<th>Guangdong, Chine<\/th>\n<\/tr>\n<\/thead>\n<tbody>\n<tr>\n<td>Nom de la marque<\/td>\n<td>Lvyuan \/ Kang Yang KYsearo<\/td>\n<\/tr>\n<tr>\n<td>Mat\u00e9riau<\/td>\n<td>d\u00e9pend<\/td>\n<\/tr>\n<tr>\n<td>Poids<\/td>\n<td>d\u00e9pend<\/td>\n<\/tr>\n<tr>\n<td>Taille<\/td>\n<td>d\u00e9pend<\/td>\n<\/tr>\n<tr>\n<td>Puissance<\/td>\n<td>d\u00e9pend<\/td>\n<\/tr>\n<tr>\n<td>Garantie<\/td>\n<td>1 an<\/td>\n<\/tr>\n<tr>\n<td>Service apr\u00e8s-vente<\/td>\n<td>Soutien en ligne<\/td>\n<\/tr>\n<tr>\n<td>Nom<\/td>\n<td>petite station de dessalement<\/td>\n<\/tr>\n<tr>\n<td>tension<\/td>\n<td>220V\/50Hz<\/td>\n<\/tr>\n<tr>\n<td>Capacit\u00e9<\/td>\n<td>1000, 2000, 3000 litres par jour<\/td>\n<\/tr>\n<tr>\n<td>Marque de la membrane RO<\/td>\n<td>DOW<\/td>\n<\/tr>\n<tr>\n<td>Pompe HP<\/td>\n<td>Italie AR, CNP, Danfoss<\/td>\n<\/tr>\n<tr>\n<td>Eau d'alimentation TDS<\/td>\n<td>&lt;45000ppm<\/td>\n<\/tr>\n<tr>\n<td>Eau douce TDS<\/td>\n<td>&lt;600ppm<\/td>\n<\/tr>\n<tr>\n<td>Cadre<\/td>\n<td>Acier inoxydable<\/td>\n<\/tr>\n<tr>\n<td>Roue mobile<\/td>\n<td>oui<\/td>\n<\/tr>\n<tr>\n<td>Application<\/td>\n<td>dessalement de l'eau de mer<\/td>\n<\/tr>\n<tr>\n<td>Unit\u00e9s de vente<\/td>\n<td>Article unique<\/td>\n<\/tr>\n<tr>\n<td>Taille de l'emballage unique<\/td>\n<td>75X65X75 cm<\/td>\n<\/tr>\n<tr>\n<td>Poids brut unique<\/td>\n<td>82 000 kg<\/td>\n<\/tr>\n<tr>\n<td>Type d'emballage<\/td>\n<td>1000 liter per day ro seawater desalination plant. export wooden box<\/td>\n<\/tr>\n<tr>\n<td>Exemple d'image<\/td>\n<td>paquet-img<\/td>\n<\/tr>\n<tr>\n<td>D\u00e9lai d'ex\u00e9cution<\/td>\n<td>1 - 20 ensembles : 25 jours ; &gt;20 ensembles : A n\u00e9gocier<\/td>\n<\/tr>\n<\/tbody>\n<\/table>","protected":false},"featured_media":3846,"comment_status":"open","ping_status":"closed","template":"","meta":{"_gspb_post_css":""},"product_brand":[],"product_cat":[1202],"product_tag":[1271,1268,1270,1269,1272,1136],"class_list":{"0":"post-3845","1":"product","2":"type-product","3":"status-publish","4":"has-post-thumbnail","6":"product_cat-filter-cartridge","7":"product_tag-industrial-desalination-plant","8":"product_tag-lvyuan-reverse-osmosis-plant","9":"product_tag-reverse-osmosis-water-treatment","10":"product_tag-seawater-desalination-system","11":"product_tag-seawater-filtration-equipment","12":"product_tag-water-filter-locks","14":"first","15":"instock","16":"shipping-taxable","17":"product-type-simple"},"_links":{"self":[{"href":"https:\/\/lyfilter.com\/fr\/wp-json\/wp\/v2\/product\/3845","targetHints":{"allow":["GET"]}}],"collection":[{"href":"https:\/\/lyfilter.com\/fr\/wp-json\/wp\/v2\/product"}],"about":[{"href":"https:\/\/lyfilter.com\/fr\/wp-json\/wp\/v2\/types\/product"}],"replies":[{"embeddable":true,"href":"https:\/\/lyfilter.com\/fr\/wp-json\/wp\/v2\/comments?post=3845"}],"wp:featuredmedia":[{"embeddable":true,"href":"https:\/\/lyfilter.com\/fr\/wp-json\/wp\/v2\/media\/3846"}],"wp:attachment":[{"href":"https:\/\/lyfilter.com\/fr\/wp-json\/wp\/v2\/media?parent=3845"}],"wp:term":[{"taxonomy":"product_brand","embeddable":true,"href":"https:\/\/lyfilter.com\/fr\/wp-json\/wp\/v2\/product_brand?post=3845"},{"taxonomy":"product_cat","embeddable":true,"href":"https:\/\/lyfilter.com\/fr\/wp-json\/wp\/v2\/product_cat?post=3845"},{"taxonomy":"product_tag","embeddable":true,"href":"https:\/\/lyfilter.com\/fr\/wp-json\/wp\/v2\/product_tag?post=3845"}],"curies":[{"name":"wp","href":"https:\/\/api.w.org\/{rel}","templated":true}]}}