{"id":3827,"date":"2026-04-03T03:37:41","date_gmt":"2026-04-03T03:37:41","guid":{"rendered":"https:\/\/lyfilter.com\/"},"modified":"2026-04-03T03:46:09","modified_gmt":"2026-04-03T03:46:09","slug":"pvc-water-filter-housing-for-pre-water-treatment","status":"publish","type":"product","link":"https:\/\/lyfilter.com\/fr\/pvc-water-filter-housing-for-pre-water-treatment\/","title":{"rendered":"Bo\u00eetier de filtre \u00e0 eau en PVC pour le pr\u00e9-traitement de l'eau"},"content":{"rendered":"<p>Con\u00e7u pour un pr\u00e9traitement fiable, ce bo\u00eetier de filtre \u00e0 eau en PVC assure un d\u00e9bit r\u00e9gulier et une filtration stable dans les syst\u00e8mes courants. Son corps r\u00e9sistant \u00e0 la corrosion permet de prot\u00e9ger les performances tout en rendant l'entretien simple et pratique.<\/p>","protected":false},"excerpt":{"rendered":"<table>\n<thead>\n<tr>\n<th>Condition<\/th>\n<th>Nouveau<\/th>\n<\/tr>\n<\/thead>\n<tbody>\n<tr>\n<td>Industries concern\u00e9es<\/td>\n<td>Usine de fabrication, usine de produits alimentaires et de boissons, traitement de l'eau<\/td>\n<\/tr>\n<tr>\n<td>Service apr\u00e8s-vente<\/td>\n<td>Soutien en ligne<\/td>\n<\/tr>\n<tr>\n<td>Lieu de service local<\/td>\n<td>aucun<\/td>\n<\/tr>\n<tr>\n<td>Emplacement de la salle d'exposition<\/td>\n<td>aucun<\/td>\n<\/tr>\n<tr>\n<td>Lieu d'origine<\/td>\n<td>Guangdong, Chine<\/td>\n<\/tr>\n<tr>\n<td>Nom de la marque<\/td>\n<td>Lvyuan,OEM,ODM<\/td>\n<\/tr>\n<tr>\n<td>Mat\u00e9riau<\/td>\n<td>upvc<\/td>\n<\/tr>\n<tr>\n<td>Poids<\/td>\n<td>personnalis\u00e9<\/td>\n<\/tr>\n<tr>\n<td>Taille<\/td>\n<td>personnalis\u00e9, 10\u2032, 20\u2032, \u201930\u201d, 40\u201d<\/td>\n<\/tr>\n<tr>\n<td>Puissance<\/td>\n<td>0<\/td>\n<\/tr>\n<tr>\n<td>Garantie<\/td>\n<td>Indisponible<\/td>\n<\/tr>\n<tr>\n<td>Fonctionnalit\u00e9<\/td>\n<td>\u00c9conomique<\/td>\n<\/tr>\n<tr>\n<td>Certification<\/td>\n<td>ISO9001<\/td>\n<\/tr>\n<tr>\n<td>mat\u00e9riel<\/td>\n<td>UPVC<\/td>\n<\/tr>\n<tr>\n<td>Utilisation<\/td>\n<td>Pr\u00e9filtration de l'eau<\/td>\n<\/tr>\n<tr>\n<td>Application<\/td>\n<td>l'industrie<\/td>\n<\/tr>\n<tr>\n<td>Pression de service<\/td>\n<td>150Psi<\/td>\n<\/tr>\n<tr>\n<td>Couleur<\/td>\n<td>noir et blanc<\/td>\n<\/tr>\n<tr>\n<td>Mots cl\u00e9s<\/td>\n<td>UPVC<\/td>\n<\/tr>\n<tr>\n<td>Capacit\u00e9 d'approvisionnement<\/td>\n<td>200 pi\u00e8ces par mois<\/td>\n<\/tr>\n<\/tbody>\n<\/table>","protected":false},"featured_media":3833,"comment_status":"open","ping_status":"closed","template":"","meta":{"_gspb_post_css":""},"product_brand":[],"product_cat":[15],"product_tag":[1264,1262,1263,1261,93,1136],"class_list":{"0":"post-3827","1":"product","2":"type-product","3":"status-publish","4":"has-post-thumbnail","6":"product_cat-stainless-steel-filter-housing","7":"product_tag-industrial-water-filter-housing","8":"product_tag-pre-water-treatment-filter","9":"product_tag-pvc-filtration-housing","10":"product_tag-pvc-water-filter-housing","11":"product_tag-water-filter-housing","12":"product_tag-water-filter-locks","14":"first","15":"instock","16":"shipping-taxable","17":"product-type-simple"},"_links":{"self":[{"href":"https:\/\/lyfilter.com\/fr\/wp-json\/wp\/v2\/product\/3827","targetHints":{"allow":["GET"]}}],"collection":[{"href":"https:\/\/lyfilter.com\/fr\/wp-json\/wp\/v2\/product"}],"about":[{"href":"https:\/\/lyfilter.com\/fr\/wp-json\/wp\/v2\/types\/product"}],"replies":[{"embeddable":true,"href":"https:\/\/lyfilter.com\/fr\/wp-json\/wp\/v2\/comments?post=3827"}],"wp:featuredmedia":[{"embeddable":true,"href":"https:\/\/lyfilter.com\/fr\/wp-json\/wp\/v2\/media\/3833"}],"wp:attachment":[{"href":"https:\/\/lyfilter.com\/fr\/wp-json\/wp\/v2\/media?parent=3827"}],"wp:term":[{"taxonomy":"product_brand","embeddable":true,"href":"https:\/\/lyfilter.com\/fr\/wp-json\/wp\/v2\/product_brand?post=3827"},{"taxonomy":"product_cat","embeddable":true,"href":"https:\/\/lyfilter.com\/fr\/wp-json\/wp\/v2\/product_cat?post=3827"},{"taxonomy":"product_tag","embeddable":true,"href":"https:\/\/lyfilter.com\/fr\/wp-json\/wp\/v2\/product_tag?post=3827"}],"curies":[{"name":"wp","href":"https:\/\/api.w.org\/{rel}","templated":true}]}}