{"id":3820,"date":"2026-04-03T03:26:35","date_gmt":"2026-04-03T03:26:35","guid":{"rendered":"https:\/\/lyfilter.com\/"},"modified":"2026-04-03T03:26:35","modified_gmt":"2026-04-03T03:26:35","slug":"ss-cartridge-filter-housing-for-industry-oem-lvyuan-factory-direct-supply","status":"publish","type":"product","link":"https:\/\/lyfilter.com\/fr\/ss-cartridge-filter-housing-for-industry-oem-lvyuan-factory-direct-supply\/","title":{"rendered":"Bo\u00eetier de filtre \u00e0 cartouche en acier inoxydable pour l'industrie Oem\/Lvyuan Factory Direct Supply"},"content":{"rendered":"<p><b>D\u00e9tails du produit du bo\u00eetier du filtre \u00e0 cartouche en acier inoxydable<\/b><\/p>\n<p>&nbsp;<\/p>\n<p><b>Sp\u00e9cification du produit<\/b><\/p>\n<p>Disponibilit\u00e9 : OEM<\/p>\n<p>&nbsp;<\/p>\n<p><b>Aper\u00e7u du produit<\/b><\/p>\n<p>Les machines de Lvyuan Water Purification Equipment sont tr\u00e8s appr\u00e9ci\u00e9es par la plupart des clients en raison des avantages suivants : conception raisonnable et novatrice, structure compacte, performances stables et facilit\u00e9 d'utilisation et d'installation. La production de\u00a0<a href=\"https:\/\/lyfilter.com\/fr\/\">Filtre Lvyuan<\/a>\u00a0Le bo\u00eetier du filtre \u00e0 cartouche ss est hautement standardis\u00e9 et efficace. Le produit est test\u00e9 pour \u00eatre de la plus haute qualit\u00e9 encore et encore. Le volume d'exportation r\u00e9el de ce produit a d\u00e9pass\u00e9 les pr\u00e9visions.<\/p>\n<p>&nbsp;<\/p>\n<p><b>Informations sur le produit<\/b><\/p>\n<p>Apr\u00e8s am\u00e9lioration, le bo\u00eetier de filtre \u00e0 cartouche ss produit par Lvyuan Water Purification Equipment est plus brillant dans les aspects suivants.<\/p>\n<p><strong>Bo\u00eetier de filtre \u00e0 cartouche autonettoyant en acier inoxydable<\/strong><\/p>\n<p>Le filtre \u00e0 nettoyage automatique est un \u00e9quipement de filtrage sp\u00e9cial qui utilise la grille du filtre pour intercepter les impuret\u00e9s solides et les particules dans l'eau, r\u00e9duisant ainsi la turbidit\u00e9 de l'eau et am\u00e9liorant la qualit\u00e9 de l'eau. L'eau p\u00e9n\u00e8tre dans le filtre par l'entr\u00e9e d'eau, et la grille du filtre dans la machine intercepte les impuret\u00e9s dans l'eau. Lorsque la salet\u00e9 sur la grille du filtre atteint un certain niveau, le syst\u00e8me ouvre automatiquement la vanne d'\u00e9vacuation des eaux us\u00e9es et le m\u00e9canisme d'\u00e9vacuation des eaux us\u00e9es dans le corps pour nettoyer les impuret\u00e9s sur la grille du filtre et les \u00e9vacuer du corps. Les eaux us\u00e9es s'\u00e9coulent en continu pendant la p\u00e9riode d'\u00e9vacuation.<\/p>","protected":false},"excerpt":{"rendered":"<table>\n<thead>\n<tr>\n<th>Capacit\u00e9 de production<\/th>\n<th>10000 unit\u00e9s\/mois<\/th>\n<\/tr>\n<\/thead>\n<tbody>\n<tr>\n<td>Paiement<\/td>\n<td>T\/T, Alibaba Trade Assurance, paypal<\/td>\n<\/tr>\n<tr>\n<td>Certification<\/td>\n<td>ISO 9001<\/td>\n<\/tr>\n<tr>\n<td>Marque<\/td>\n<td>OEM\/Lvyuan<\/td>\n<\/tr>\n<\/tbody>\n<\/table>","protected":false},"featured_media":3821,"comment_status":"open","ping_status":"closed","template":"","meta":{"_gspb_post_css":""},"product_brand":[],"product_cat":[1135],"product_tag":[1084,1186,1256,1255,1257,1136],"class_list":{"0":"post-3820","1":"product","2":"type-product","3":"status-publish","4":"has-post-thumbnail","6":"product_cat-stainless-steel-bag-filter-housing","7":"product_tag-industrial-filter-housing","8":"product_tag-lvyuan-filter-housing","9":"product_tag-oem-filter-supply","10":"product_tag-ss-cartridge-filter-housing","11":"product_tag-stainless-steel-cartridge-filter","12":"product_tag-water-filter-locks","14":"first","15":"instock","16":"shipping-taxable","17":"product-type-simple"},"_links":{"self":[{"href":"https:\/\/lyfilter.com\/fr\/wp-json\/wp\/v2\/product\/3820","targetHints":{"allow":["GET"]}}],"collection":[{"href":"https:\/\/lyfilter.com\/fr\/wp-json\/wp\/v2\/product"}],"about":[{"href":"https:\/\/lyfilter.com\/fr\/wp-json\/wp\/v2\/types\/product"}],"replies":[{"embeddable":true,"href":"https:\/\/lyfilter.com\/fr\/wp-json\/wp\/v2\/comments?post=3820"}],"wp:featuredmedia":[{"embeddable":true,"href":"https:\/\/lyfilter.com\/fr\/wp-json\/wp\/v2\/media\/3821"}],"wp:attachment":[{"href":"https:\/\/lyfilter.com\/fr\/wp-json\/wp\/v2\/media?parent=3820"}],"wp:term":[{"taxonomy":"product_brand","embeddable":true,"href":"https:\/\/lyfilter.com\/fr\/wp-json\/wp\/v2\/product_brand?post=3820"},{"taxonomy":"product_cat","embeddable":true,"href":"https:\/\/lyfilter.com\/fr\/wp-json\/wp\/v2\/product_cat?post=3820"},{"taxonomy":"product_tag","embeddable":true,"href":"https:\/\/lyfilter.com\/fr\/wp-json\/wp\/v2\/product_tag?post=3820"}],"curies":[{"name":"wp","href":"https:\/\/api.w.org\/{rel}","templated":true}]}}