{"id":3813,"date":"2026-04-03T03:23:25","date_gmt":"2026-04-03T03:23:25","guid":{"rendered":"https:\/\/lyfilter.com\/"},"modified":"2026-04-03T03:23:50","modified_gmt":"2026-04-03T03:23:50","slug":"reusable-and-washable-filter-bag-stainless-steel-304-ss316-bag-filters-housing-to-filter-tea-and-milk","status":"publish","type":"product","link":"https:\/\/lyfilter.com\/fr\/reusable-and-washable-filter-bag-stainless-steel-304-ss316-bag-filters-housing-to-filter-tea-and-milk\/","title":{"rendered":"Sac filtrant r\u00e9utilisable et lavable en acier inoxydable 304 SS316 Sac filtrant pour filtrer le th\u00e9 et le lait"},"content":{"rendered":"<p>Con\u00e7u pour un filtrage quotidien, ce filtre \u00e0 poche r\u00e9utilisable en acier inoxydable filtre le th\u00e9 et le lait avec un d\u00e9bit r\u00e9gulier et un nettoyage facile. Sa conception en acier inoxydable 304 et SS316 garantit la durabilit\u00e9, l'hygi\u00e8ne et l'utilisation r\u00e9p\u00e9t\u00e9e dans des environnements exigeants.<\/p>","protected":false},"excerpt":{"rendered":"<table>\n<thead>\n<tr>\n<th>Industries concern\u00e9es<\/th>\n<th>Usine de fabrication, usine de produits alimentaires et de boissons, traitement de l'eau<\/th>\n<\/tr>\n<\/thead>\n<tbody>\n<tr>\n<td>Lieu d'origine<\/td>\n<td>Guangdong, Chine<\/td>\n<\/tr>\n<tr>\n<td>Nom de la marque<\/td>\n<td>Lvyuan,OEM,ODM<\/td>\n<\/tr>\n<tr>\n<td>Mat\u00e9riau<\/td>\n<td>acier inoxydable 304\/ss304<\/td>\n<\/tr>\n<tr>\n<td>Poids<\/td>\n<td>25 kg<\/td>\n<\/tr>\n<tr>\n<td>Taille<\/td>\n<td>370<em>370<\/em>900mm<\/td>\n<\/tr>\n<tr>\n<td>Puissance<\/td>\n<td>0<\/td>\n<\/tr>\n<tr>\n<td>Garantie<\/td>\n<td>1 an<\/td>\n<\/tr>\n<tr>\n<td>Service apr\u00e8s-vente<\/td>\n<td>Soutien en ligne<\/td>\n<\/tr>\n<tr>\n<td>Certification<\/td>\n<td>ISO9001<\/td>\n<\/tr>\n<tr>\n<td>Mod\u00e8le<\/td>\n<td>BFH-1<\/td>\n<\/tr>\n<tr>\n<td>mat\u00e9riel<\/td>\n<td>sus304<\/td>\n<\/tr>\n<tr>\n<td>taille de la poche filtrante<\/td>\n<td>180*450mm<\/td>\n<\/tr>\n<tr>\n<td>ext\u00e9rieur\/int\u00e9rieur<\/td>\n<td>poli<\/td>\n<\/tr>\n<tr>\n<td>Pression de service<\/td>\n<td>100Psi<\/td>\n<\/tr>\n<tr>\n<td>fermeture<\/td>\n<td>Bride<\/td>\n<\/tr>\n<tr>\n<td>\u00e9tanch\u00e9it\u00e9<\/td>\n<td>Joint torique en EPDM<\/td>\n<\/tr>\n<tr>\n<td>entr\u00e9e\/sortie<\/td>\n<td>Bride<\/td>\n<\/tr>\n<tr>\n<td>Temp\u00e9rature de conception<\/td>\n<td>100\u2103<\/td>\n<\/tr>\n<tr>\n<td>Unit\u00e9s de vente<\/td>\n<td>Article unique<\/td>\n<\/tr>\n<tr>\n<td>Taille de l'emballage unique<\/td>\n<td>45X45X120 cm<\/td>\n<\/tr>\n<tr>\n<td>Poids brut unique<\/td>\n<td>30.000 kg<\/td>\n<\/tr>\n<tr>\n<td>Type d'emballage<\/td>\n<td>bo\u00eete en papier et si la quantit\u00e9 est sup\u00e9rieure \u00e0 10 pi\u00e8ces, caisse en bois.<\/td>\n<\/tr>\n<tr>\n<td>D\u00e9lai d'ex\u00e9cution<\/td>\n<td>1 - 10 pi\u00e8ces : 15 jours ; 11 - 50 pi\u00e8ces : 25 jours ; 51 - 100 pi\u00e8ces : 35 jours ; &gt;100 pi\u00e8ces : A n\u00e9gocier<\/td>\n<\/tr>\n<\/tbody>\n<\/table>","protected":false},"featured_media":3815,"comment_status":"open","ping_status":"closed","template":"","meta":{"_gspb_post_css":""},"product_brand":[],"product_cat":[1135],"product_tag":[1251,1253,1254,1250,1252,1136],"class_list":{"0":"post-3813","1":"product","2":"type-product","3":"status-publish","4":"has-post-thumbnail","6":"product_cat-stainless-steel-bag-filter-housing","7":"product_tag-304-ss316-filter-housing","8":"product_tag-milk-filter-bag-housing","9":"product_tag-reusable-washable-filter","10":"product_tag-stainless-steel-filter-bag","11":"product_tag-tea-filter-housing","12":"product_tag-water-filter-locks","14":"first","15":"instock","16":"shipping-taxable","17":"product-type-simple"},"_links":{"self":[{"href":"https:\/\/lyfilter.com\/fr\/wp-json\/wp\/v2\/product\/3813","targetHints":{"allow":["GET"]}}],"collection":[{"href":"https:\/\/lyfilter.com\/fr\/wp-json\/wp\/v2\/product"}],"about":[{"href":"https:\/\/lyfilter.com\/fr\/wp-json\/wp\/v2\/types\/product"}],"replies":[{"embeddable":true,"href":"https:\/\/lyfilter.com\/fr\/wp-json\/wp\/v2\/comments?post=3813"}],"wp:featuredmedia":[{"embeddable":true,"href":"https:\/\/lyfilter.com\/fr\/wp-json\/wp\/v2\/media\/3815"}],"wp:attachment":[{"href":"https:\/\/lyfilter.com\/fr\/wp-json\/wp\/v2\/media?parent=3813"}],"wp:term":[{"taxonomy":"product_brand","embeddable":true,"href":"https:\/\/lyfilter.com\/fr\/wp-json\/wp\/v2\/product_brand?post=3813"},{"taxonomy":"product_cat","embeddable":true,"href":"https:\/\/lyfilter.com\/fr\/wp-json\/wp\/v2\/product_cat?post=3813"},{"taxonomy":"product_tag","embeddable":true,"href":"https:\/\/lyfilter.com\/fr\/wp-json\/wp\/v2\/product_tag?post=3813"}],"curies":[{"name":"wp","href":"https:\/\/api.w.org\/{rel}","templated":true}]}}