{"id":3808,"date":"2026-04-03T03:20:46","date_gmt":"2026-04-03T03:20:46","guid":{"rendered":"https:\/\/lyfilter.com\/"},"modified":"2026-04-03T03:20:46","modified_gmt":"2026-04-03T03:20:46","slug":"new-pp-melt-blown-filter-cartridge-wholesaler-for-water-purification","status":"publish","type":"product","link":"https:\/\/lyfilter.com\/fr\/new-pp-melt-blown-filter-cartridge-wholesaler-for-water-purification\/","title":{"rendered":"Nouvelle cartouche filtrante PP Melt Blown Wholesaler pour la purification de l'eau"},"content":{"rendered":"<p>Con\u00e7ue pour une eau plus propre et une filtration plus douce, cette cartouche filtrante souffl\u00e9e par fusion en PP permet de r\u00e9duire les s\u00e9diments et les particules fines avec des performances r\u00e9guli\u00e8res. C'est un choix pratique pour les syst\u00e8mes qui ont besoin d'un soutien quotidien fiable.<\/p>","protected":false},"excerpt":{"rendered":"<table>\n<thead>\n<tr>\n<th>Industries concern\u00e9es<\/th>\n<th>Usine de fabrication, usine de produits alimentaires et de boissons, usage domestique, traitement de l'eau<\/th>\n<\/tr>\n<\/thead>\n<tbody>\n<tr>\n<td>Lieu d'origine<\/td>\n<td>Guangdong, Chine<\/td>\n<\/tr>\n<tr>\n<td>Nom de la marque<\/td>\n<td>Lvyuan,OEM,ODM<\/td>\n<\/tr>\n<tr>\n<td>Mat\u00e9riau<\/td>\n<td>pp<\/td>\n<\/tr>\n<tr>\n<td>Poids<\/td>\n<td>personnalis\u00e9<\/td>\n<\/tr>\n<tr>\n<td>Taille<\/td>\n<td>254<em>63<\/em>63mm<\/td>\n<\/tr>\n<tr>\n<td>Puissance<\/td>\n<td>0<\/td>\n<\/tr>\n<tr>\n<td>Garantie<\/td>\n<td>Indisponible<\/td>\n<\/tr>\n<tr>\n<td>Fonctionnalit\u00e9<\/td>\n<td>Haute efficacit\u00e9<\/td>\n<\/tr>\n<tr>\n<td>Longueur<\/td>\n<td>40 pouces<\/td>\n<\/tr>\n<tr>\n<td>Certification<\/td>\n<td>SGS<\/td>\n<\/tr>\n<tr>\n<td>taux d'\u00e9limination<\/td>\n<td>1 micron 5 micron<\/td>\n<\/tr>\n<tr>\n<td>Utilisation<\/td>\n<td>traitement de l'eau<\/td>\n<\/tr>\n<tr>\n<td>Application<\/td>\n<td>l'industrie<\/td>\n<\/tr>\n<tr>\n<td>Couleur<\/td>\n<td>blanc<\/td>\n<\/tr>\n<tr>\n<td>Emballage<\/td>\n<td>bo\u00eete en papier<\/td>\n<\/tr>\n<tr>\n<td>Mati\u00e8res premi\u00e8res<\/td>\n<td>pp fibre<\/td>\n<\/tr>\n<tr>\n<td>Apparence<\/td>\n<td>Brillant<\/td>\n<\/tr>\n<tr>\n<td>Service apr\u00e8s-vente<\/td>\n<td>Soutien en ligne<\/td>\n<\/tr>\n<tr>\n<td>Unit\u00e9s de vente<\/td>\n<td>Article unique<\/td>\n<\/tr>\n<tr>\n<td>Taille de l'emballage unique<\/td>\n<td>53X34X33 cm<\/td>\n<\/tr>\n<tr>\n<td>Poids brut unique<\/td>\n<td>5.800 kg<\/td>\n<\/tr>\n<tr>\n<td>Type d'emballage<\/td>\n<td>bo\u00eete en papier<\/td>\n<\/tr>\n<tr>\n<td>D\u00e9lai d'ex\u00e9cution<\/td>\n<td>1 - 1000 bo\u00eetes : 7 jours ; &gt;1000 bo\u00eetes : A n\u00e9gocier<\/td>\n<\/tr>\n<\/tbody>\n<\/table>","protected":false},"featured_media":3810,"comment_status":"open","ping_status":"closed","template":"","meta":{"_gspb_post_css":""},"product_brand":[],"product_cat":[23],"product_tag":[1249,768,1162,325,1136,1182],"class_list":{"0":"post-3808","1":"product","2":"type-product","3":"status-publish","4":"has-post-thumbnail","6":"product_cat-pp-filter-cartridge","7":"product_tag-melt-blown-water-filter","8":"product_tag-pp-melt-blown-filter-cartridge","9":"product_tag-replacement-water-filter","10":"product_tag-sediment-filter-cartridge","11":"product_tag-water-filter-locks","12":"product_tag-water-purification-filter","14":"first","15":"instock","16":"shipping-taxable","17":"product-type-simple"},"_links":{"self":[{"href":"https:\/\/lyfilter.com\/fr\/wp-json\/wp\/v2\/product\/3808","targetHints":{"allow":["GET"]}}],"collection":[{"href":"https:\/\/lyfilter.com\/fr\/wp-json\/wp\/v2\/product"}],"about":[{"href":"https:\/\/lyfilter.com\/fr\/wp-json\/wp\/v2\/types\/product"}],"replies":[{"embeddable":true,"href":"https:\/\/lyfilter.com\/fr\/wp-json\/wp\/v2\/comments?post=3808"}],"wp:featuredmedia":[{"embeddable":true,"href":"https:\/\/lyfilter.com\/fr\/wp-json\/wp\/v2\/media\/3810"}],"wp:attachment":[{"href":"https:\/\/lyfilter.com\/fr\/wp-json\/wp\/v2\/media?parent=3808"}],"wp:term":[{"taxonomy":"product_brand","embeddable":true,"href":"https:\/\/lyfilter.com\/fr\/wp-json\/wp\/v2\/product_brand?post=3808"},{"taxonomy":"product_cat","embeddable":true,"href":"https:\/\/lyfilter.com\/fr\/wp-json\/wp\/v2\/product_cat?post=3808"},{"taxonomy":"product_tag","embeddable":true,"href":"https:\/\/lyfilter.com\/fr\/wp-json\/wp\/v2\/product_tag?post=3808"}],"curies":[{"name":"wp","href":"https:\/\/api.w.org\/{rel}","templated":true}]}}