{"id":3800,"date":"2026-04-03T03:17:23","date_gmt":"2026-04-03T03:17:23","guid":{"rendered":"https:\/\/lyfilter.com\/"},"modified":"2026-04-03T03:17:23","modified_gmt":"2026-04-03T03:17:23","slug":"factory-supply-7-cartridge-filter-element-stainless-steel-10-inch-sediment-filter-housing-with-pleated-membrane-filter-5-micron","status":"publish","type":"product","link":"https:\/\/lyfilter.com\/fr\/factory-supply-7-cartridge-filter-element-stainless-steel-10-inch-sediment-filter-housing-with-pleated-membrane-filter-5-micron\/","title":{"rendered":"Filtre \u00e0 cartouche en acier inoxydable 10 pouces avec filtre \u00e0 membrane pliss\u00e9e 5 microns."},"content":{"rendered":"<p>Ce filtre \u00e0 s\u00e9diments de 10 pouces en acier inoxydable est con\u00e7u pour capturer efficacement les particules gr\u00e2ce \u00e0 une membrane pliss\u00e9e de 5 microns et \u00e0 un support de 7 \u00e9l\u00e9ments de cartouche. Sa conception robuste permet d'am\u00e9liorer la stabilit\u00e9, la dur\u00e9e de vie et la filtration.<\/p>","protected":false},"excerpt":{"rendered":"<table>\n<thead>\n<tr>\n<th>Industries concern\u00e9es<\/th>\n<th>Usine de fabrication d'aliments et de boissons, fermes, restaurants, usage domestique, magasins d'alimentation, \u00e9nergie et mines, magasins d'alimentation et de boissons<\/th>\n<\/tr>\n<\/thead>\n<tbody>\n<tr>\n<td>Lieu d'origine<\/td>\n<td>Guangdong, Chine<\/td>\n<\/tr>\n<tr>\n<td>Nom de la marque<\/td>\n<td>LVYUAN\/OEM<\/td>\n<\/tr>\n<tr>\n<td>Garantie<\/td>\n<td>1 an<\/td>\n<\/tr>\n<tr>\n<td>Service apr\u00e8s-vente<\/td>\n<td>Soutien en ligne<\/td>\n<\/tr>\n<tr>\n<td>Nom de l'article<\/td>\n<td>Bo\u00eetier de filtre \u00e0 s\u00e9diments de 10 pouces en acier inoxydable<\/td>\n<\/tr>\n<tr>\n<td>Mat\u00e9riau du bo\u00eetier<\/td>\n<td>SS304\/SS316L<\/td>\n<\/tr>\n<tr>\n<td>Longueur de la cartouche filtrante<\/td>\n<td>10\u2033 20\u2033 30\u2033 40\u2033<\/td>\n<\/tr>\n<tr>\n<td>Quantit\u00e9 de filtres \u00e0 cartouche<\/td>\n<td>Noyau unique<\/td>\n<\/tr>\n<tr>\n<td>Traitement de surface<\/td>\n<td>Polissage et sablage<\/td>\n<\/tr>\n<tr>\n<td>Joint torique d'\u00e9tanch\u00e9it\u00e9<\/td>\n<td>Silastic\/NBR\/EPDM\/Viton<\/td>\n<\/tr>\n<tr>\n<td>Type d'installation du bouchon sup\u00e9rieur<\/td>\n<td>Type de pince<\/td>\n<\/tr>\n<tr>\n<td>Type de connecteur<\/td>\n<td>222\/226\/DOE<\/td>\n<\/tr>\n<tr>\n<td>Type d'entr\u00e9e et de sortie<\/td>\n<td>Filetage int\u00e9rieur<\/td>\n<\/tr>\n<tr>\n<td>M\u00e9thode d'emballage<\/td>\n<td>Bo\u00eete standard pour l'exportation<\/td>\n<\/tr>\n<tr>\n<td>Unit\u00e9s de vente<\/td>\n<td>Article unique<\/td>\n<\/tr>\n<tr>\n<td>Taille de l'emballage unique<\/td>\n<td>35X18X25 cm<\/td>\n<\/tr>\n<tr>\n<td>Poids brut unique<\/td>\n<td>3.000 kg<\/td>\n<\/tr>\n<tr>\n<td>Type d'emballage<\/td>\n<td>Micro industrie 10 20 30 40 inch security filter bottle 04 316L SS liquid water housing for liquid\/wine\/beer filter filtration : Emballage : Bo\u00eete standard d'exportation\/Selon les besoins<\/td>\n<\/tr>\n<tr>\n<td>D\u00e9lai d'ex\u00e9cution<\/td>\n<td>1 - 10 pi\u00e8ces : 5 jours ; 11 - 100 pi\u00e8ces : 10 jours ; &gt;100 pi\u00e8ces : A n\u00e9gocier<\/td>\n<\/tr>\n<\/tbody>\n<\/table>","protected":false},"featured_media":3803,"comment_status":"open","ping_status":"closed","template":"","meta":{"_gspb_post_css":""},"product_brand":[],"product_cat":[1245],"product_tag":[1246,635,1248,1247,34,1136],"class_list":{"0":"post-3800","1":"product","2":"type-product","3":"status-publish","4":"has-post-thumbnail","6":"product_cat-stainless-steel-cartridge-filter-housing","7":"product_tag-10-inch-sediment-filter","8":"product_tag-5-micron-water-filter","9":"product_tag-cartridge-filter-element","10":"product_tag-pleated-membrane-filter","11":"product_tag-stainless-steel-filter-housing","12":"product_tag-water-filter-locks","14":"first","15":"instock","16":"shipping-taxable","17":"product-type-simple"},"_links":{"self":[{"href":"https:\/\/lyfilter.com\/fr\/wp-json\/wp\/v2\/product\/3800","targetHints":{"allow":["GET"]}}],"collection":[{"href":"https:\/\/lyfilter.com\/fr\/wp-json\/wp\/v2\/product"}],"about":[{"href":"https:\/\/lyfilter.com\/fr\/wp-json\/wp\/v2\/types\/product"}],"replies":[{"embeddable":true,"href":"https:\/\/lyfilter.com\/fr\/wp-json\/wp\/v2\/comments?post=3800"}],"wp:featuredmedia":[{"embeddable":true,"href":"https:\/\/lyfilter.com\/fr\/wp-json\/wp\/v2\/media\/3803"}],"wp:attachment":[{"href":"https:\/\/lyfilter.com\/fr\/wp-json\/wp\/v2\/media?parent=3800"}],"wp:term":[{"taxonomy":"product_brand","embeddable":true,"href":"https:\/\/lyfilter.com\/fr\/wp-json\/wp\/v2\/product_brand?post=3800"},{"taxonomy":"product_cat","embeddable":true,"href":"https:\/\/lyfilter.com\/fr\/wp-json\/wp\/v2\/product_cat?post=3800"},{"taxonomy":"product_tag","embeddable":true,"href":"https:\/\/lyfilter.com\/fr\/wp-json\/wp\/v2\/product_tag?post=3800"}],"curies":[{"name":"wp","href":"https:\/\/api.w.org\/{rel}","templated":true}]}}