{"id":3793,"date":"2026-04-03T03:09:43","date_gmt":"2026-04-03T03:09:43","guid":{"rendered":"https:\/\/lyfilter.com\/"},"modified":"2026-04-03T03:09:43","modified_gmt":"2026-04-03T03:09:43","slug":"sintered-ss-filter-ly-hfpl-by-lvyuan-filter","status":"publish","type":"product","link":"https:\/\/lyfilter.com\/fr\/sintered-ss-filter-ly-hfpl-by-lvyuan-filter\/","title":{"rendered":"Filtre SS fritt\u00e9 LY-HFPL par Lvyuan Filter"},"content":{"rendered":"<p><b>D\u00e9tails du produit du filtre ss fritt\u00e9<\/b><\/p>\n<p>&nbsp;<\/p>\n<p><b>D\u00e9tail rapide<\/b><\/p>\n<p>Lvyuan Water Purification Equipment \u2018s\u00a0<a href=\"https:\/\/lyfilter.com\/fr\/products.html\/\">cartouches de filtre \u00e0 eau<\/a>,Les filtres \u00e0 cartouche et les bo\u00eetiers \u00e0 cartouche ont une structure raisonnable, une conception nouvelle et une qualit\u00e9 fiable. Peu bruyants, ils sont faciles \u00e0 utiliser et stables pendant le fonctionnement.\u00a0<a href=\"https:\/\/lyfilter.com\/fr\/\">Filtre Lvyuan<\/a>\u00a0Le filtre ss fritt\u00e9 est d\u00e9velopp\u00e9 avec un processus de production efficace. Le temps de production de chaque produit est consid\u00e9rablement optimis\u00e9 et la perte et le gaspillage de mati\u00e8res premi\u00e8res sont efficacement r\u00e9duits. Le produit est soumis \u00e0 un contr\u00f4le de qualit\u00e9 extr\u00eamement rigoureux et \u00e0 une inspection sur la base d'un plan de contr\u00f4le de qualit\u00e9. Ce plan est strictement mis en \u0153uvre pour garantir la haute qualit\u00e9 du produit. Guangzhou Lvyuan Water Purification Equipment Co., Ltd. peut proc\u00e9der \u00e0 une inspection compl\u00e8te de l'ensemble du processus de fabrication afin d'en garantir la qualit\u00e9.<\/p>\n<p>&nbsp;<\/p>\n<p><b>Pr\u00e9sentation du produit<\/b><\/p>\n<p>Compar\u00e9 au filtre ss fritt\u00e9 de ses pairs, le filtre ss fritt\u00e9 de Lvyuan Water Purification Equipment pr\u00e9sente les avantages suivants.<\/p>\n<div>\n<div>\n<div id=\"myybv\">\n<h3>Filtre chimique hospitalier 0,45 5 1 10 microns Filtre fritt\u00e9 en poudre de poly\u00e9thyl\u00e8ne PE<\/h3>\n<\/div>\n<div id=\"moyu5\">\n<p>Notre soci\u00e9t\u00e9 fabrique des filtres fritt\u00e9s en poly\u00e9thyl\u00e8ne ultra-haut mol\u00e9culaire, dont le poids mol\u00e9culaire est sup\u00e9rieur \u00e0 3 millions de particules de frittage.Utiliser un moule pour utiliser la pression dans le four de frittage.Les mat\u00e9riaux microporeux sont largement appliqu\u00e9s pour le traitement des gaz et des eaux us\u00e9es en raison de leur bon rapport qualit\u00e9-prix. En ajoutant des mat\u00e9riaux fonctionnels de diff\u00e9rentes sortes, du carbone actif par exemple, aux mati\u00e8res premi\u00e8res plastiques conventionnelles, nous pouvons \u00e9liminer efficacement les substances nocives pour l'environnement dans les gaz et les liquides, telles que les odeurs particuli\u00e8res et les mati\u00e8res organiques, etc. Les whiskers de titanate de potassium, par exemple, peuvent \u00e9changer les ions de m\u00e9taux lourds contenus dans les eaux us\u00e9es, ce qui leur conf\u00e8re d'excellentes performances dans le traitement des eaux us\u00e9es.<\/p>\n<\/div>\n<\/div>\n<\/div>","protected":false},"excerpt":{"rendered":"<table>\n<thead>\n<tr>\n<th>Port de d\u00e9part<\/th>\n<th>Capacit\u00e9 de production<\/th>\n<th>Mod\u00e8le<\/th>\n<th>D\u00e9lai de livraison<\/th>\n<th>Certification<\/th>\n<\/tr>\n<\/thead>\n<tbody>\n<tr>\n<td>Guangzhou<\/td>\n<td>10000 unit\u00e9s\/mois<\/td>\n<td>LY-HFPL<\/td>\n<td>Dans les 7 jours ouvrables<\/td>\n<td>ISO 9001<\/td>\n<\/tr>\n<\/tbody>\n<\/table>","protected":false},"featured_media":3794,"comment_status":"open","ping_status":"closed","template":"","meta":{"_gspb_post_css":""},"product_brand":[],"product_cat":[22],"product_tag":[38,1242,1241,1240,1243,1136],"class_list":{"0":"post-3793","1":"product","2":"type-product","3":"status-publish","4":"has-post-thumbnail","6":"product_cat-sintered-filter-cartridge","7":"product_tag-industrial-water-filtration","8":"product_tag-lvyuan-filter","9":"product_tag-ly-hfpl-filter","10":"product_tag-sintered-ss-filter","11":"product_tag-stainless-steel-water-filter","12":"product_tag-water-filter-locks","14":"first","15":"instock","16":"shipping-taxable","17":"product-type-simple"},"_links":{"self":[{"href":"https:\/\/lyfilter.com\/fr\/wp-json\/wp\/v2\/product\/3793","targetHints":{"allow":["GET"]}}],"collection":[{"href":"https:\/\/lyfilter.com\/fr\/wp-json\/wp\/v2\/product"}],"about":[{"href":"https:\/\/lyfilter.com\/fr\/wp-json\/wp\/v2\/types\/product"}],"replies":[{"embeddable":true,"href":"https:\/\/lyfilter.com\/fr\/wp-json\/wp\/v2\/comments?post=3793"}],"wp:featuredmedia":[{"embeddable":true,"href":"https:\/\/lyfilter.com\/fr\/wp-json\/wp\/v2\/media\/3794"}],"wp:attachment":[{"href":"https:\/\/lyfilter.com\/fr\/wp-json\/wp\/v2\/media?parent=3793"}],"wp:term":[{"taxonomy":"product_brand","embeddable":true,"href":"https:\/\/lyfilter.com\/fr\/wp-json\/wp\/v2\/product_brand?post=3793"},{"taxonomy":"product_cat","embeddable":true,"href":"https:\/\/lyfilter.com\/fr\/wp-json\/wp\/v2\/product_cat?post=3793"},{"taxonomy":"product_tag","embeddable":true,"href":"https:\/\/lyfilter.com\/fr\/wp-json\/wp\/v2\/product_tag?post=3793"}],"curies":[{"name":"wp","href":"https:\/\/api.w.org\/{rel}","templated":true}]}}