{"id":3784,"date":"2026-04-03T02:57:51","date_gmt":"2026-04-03T02:57:51","guid":{"rendered":"https:\/\/lyfilter.com\/"},"modified":"2026-04-03T02:57:51","modified_gmt":"2026-04-03T02:57:51","slug":"factory-price-pleated-water-filter-cartridge-manufacturing-for-industry","status":"publish","type":"product","link":"https:\/\/lyfilter.com\/fr\/factory-price-pleated-water-filter-cartridge-manufacturing-for-industry\/","title":{"rendered":"Prix d'usine Cartouche de filtre \u00e0 eau pliss\u00e9e pour l'industrie"},"content":{"rendered":"<p>Con\u00e7ue pour la filtration industrielle, cette cartouche filtrante pliss\u00e9e pour l'eau offre un d\u00e9bit stable, une r\u00e9tention efficace des particules et une valeur de remplacement fiable. Sa structure permet un traitement plus propre et des performances constantes dans un syst\u00e8me occup\u00e9.<\/p>","protected":false},"excerpt":{"rendered":"<table>\n<thead>\n<tr>\n<th>Condition<\/th>\n<th>Nouveau<\/th>\n<th>Industries concern\u00e9es<\/th>\n<th>H\u00f4tels, magasins de v\u00eatements, magasins de mat\u00e9riaux de construction, usines de fabrication, ateliers de r\u00e9paration de machines, usines de produits alimentaires et de boissons, fermes, restaurants, usage domestique, commerce de d\u00e9tail, magasins d'alimentation, imprimeries, travaux de construction, \u00e9nergie et mines, magasins de produits alimentaires et de boissons, soci\u00e9t\u00e9s de publicit\u00e9.<\/th>\n<\/tr>\n<\/thead>\n<tbody>\n<tr>\n<td>Service apr\u00e8s-vente<\/td>\n<td>Soutien en ligne<\/td>\n<td>Lieu de service local<\/td>\n<td>aucun<\/td>\n<\/tr>\n<tr>\n<td>Emplacement de la salle d'exposition<\/td>\n<td>aucun<\/td>\n<td>Lieu d'origine<\/td>\n<td>Guangdong, Chine<\/td>\n<\/tr>\n<tr>\n<td>Nom de la marque<\/td>\n<td>Lvyuan\/OEM<\/td>\n<td>Mat\u00e9riau<\/td>\n<td>Polypropyl\u00e8ne<\/td>\n<\/tr>\n<tr>\n<td>Poids<\/td>\n<td>Standard<\/td>\n<td>Taille<\/td>\n<td>Standard<\/td>\n<\/tr>\n<tr>\n<td>Puissance<\/td>\n<td>0<\/td>\n<td>Garantie<\/td>\n<td>Indisponible<\/td>\n<\/tr>\n<tr>\n<td>Nom<\/td>\n<td>Membrane multicouche PP\/PTFE\/PVDF\/PES\/N66 222 filtre pliss\u00e9<\/td>\n<td>Mat\u00e9riau de la membrane filtrante<\/td>\n<td>PP\/PVDF\/PTFE\/PES\/Nylon<\/td>\n<\/tr>\n<tr>\n<td>Longueur<\/td>\n<td>5 \/ 10 \/ 20 \/ 30 \/ 40 \/ 50 \/ 60 pouces<\/td>\n<td>Conecteur<\/td>\n<td>Fin\/222\/226\/215\/DOE\/Thread<\/td>\n<\/tr>\n<tr>\n<td>Micron<\/td>\n<td>0.22\/0.5\/1\/3\/5\/10\/25\/50\/75\/100\/150<\/td>\n<td>Mat\u00e9riau du joint torique<\/td>\n<td>EPDM\/Silicone\/Te flon<\/td>\n<\/tr>\n<tr>\n<td>M\u00e9thode de scellement<\/td>\n<td>Soudage par fusion \u00e0 chaud<\/td>\n<td>Diam\u00e8tre<\/td>\n<td>70mm\/OEM<\/td>\n<\/tr>\n<tr>\n<td>Noyau interne<\/td>\n<td>PP\/SS\/OEM<\/td>\n<td>MOQ<\/td>\n<td>Actuellement pas de limitation<\/td>\n<\/tr>\n<tr>\n<td>Unit\u00e9s de vente<\/td>\n<td>Article unique<\/td>\n<td>Taille de l'emballage unique<\/td>\n<td>68X40X40 cm<\/td>\n<\/tr>\n<tr>\n<td>Poids brut unique<\/td>\n<td>23.000 kg<\/td>\n<td>Type d'emballage<\/td>\n<td>Membrane multicouche PP\/PTFE\/PVDF\/PES\/N66 222 filtre pliss\u00e9 avec membrane pliss\u00e9e de 0,1\/0,2\/0,45 micron : 10\u2033 50PCS\/CTN, 20\u2033 25PCS\/CTN, 30\u2033 25PCS\/CTN, 40\u2033 25PCS\/CTN.<\/td>\n<\/tr>\n<tr>\n<td>D\u00e9lai de livraison (1 - 100 pi\u00e8ces)<\/td>\n<td>2 jours<\/td>\n<td>D\u00e9lai de livraison (101 - 500 pi\u00e8ces)<\/td>\n<td>5 jours<\/td>\n<\/tr>\n<tr>\n<td>D\u00e9lai de livraison (501 - 1000 pi\u00e8ces)<\/td>\n<td>7 jours<\/td>\n<td>D\u00e9lai de livraison (&gt;1000 pi\u00e8ces)<\/td>\n<td>A n\u00e9gocier<\/td>\n<\/tr>\n<tr>\n<td>Description<\/td>\n<td>Filtre pliss\u00e9 multicouche PP\/PTFE\/PVDF\/PES\/N66 222 avec membrane pliss\u00e9e de 0,1\/0,2\/0,45 micron<\/td>\n<td><\/td>\n<td><\/td>\n<\/tr>\n<\/tbody>\n<\/table>","protected":false},"featured_media":3785,"comment_status":"open","ping_status":"closed","template":"","meta":{"_gspb_post_css":""},"product_brand":[],"product_cat":[15],"product_tag":[1235,334,1236,814,1162,340],"class_list":{"0":"post-3784","1":"product","2":"type-product","3":"status-publish","4":"has-post-thumbnail","6":"product_cat-stainless-steel-filter-housing","7":"product_tag-factory-price-filter-cartridge","8":"product_tag-industrial-water-filter","9":"product_tag-pleated-filter-cartridge","10":"product_tag-pleated-water-filter-cartridge","11":"product_tag-replacement-water-filter","12":"product_tag-water-treatment-filter","14":"first","15":"instock","16":"shipping-taxable","17":"product-type-simple"},"_links":{"self":[{"href":"https:\/\/lyfilter.com\/fr\/wp-json\/wp\/v2\/product\/3784","targetHints":{"allow":["GET"]}}],"collection":[{"href":"https:\/\/lyfilter.com\/fr\/wp-json\/wp\/v2\/product"}],"about":[{"href":"https:\/\/lyfilter.com\/fr\/wp-json\/wp\/v2\/types\/product"}],"replies":[{"embeddable":true,"href":"https:\/\/lyfilter.com\/fr\/wp-json\/wp\/v2\/comments?post=3784"}],"wp:featuredmedia":[{"embeddable":true,"href":"https:\/\/lyfilter.com\/fr\/wp-json\/wp\/v2\/media\/3785"}],"wp:attachment":[{"href":"https:\/\/lyfilter.com\/fr\/wp-json\/wp\/v2\/media?parent=3784"}],"wp:term":[{"taxonomy":"product_brand","embeddable":true,"href":"https:\/\/lyfilter.com\/fr\/wp-json\/wp\/v2\/product_brand?post=3784"},{"taxonomy":"product_cat","embeddable":true,"href":"https:\/\/lyfilter.com\/fr\/wp-json\/wp\/v2\/product_cat?post=3784"},{"taxonomy":"product_tag","embeddable":true,"href":"https:\/\/lyfilter.com\/fr\/wp-json\/wp\/v2\/product_tag?post=3784"}],"curies":[{"name":"wp","href":"https:\/\/api.w.org\/{rel}","templated":true}]}}