{"id":3778,"date":"2026-04-03T02:51:52","date_gmt":"2026-04-03T02:51:52","guid":{"rendered":"https:\/\/lyfilter.com\/"},"modified":"2026-04-03T02:51:52","modified_gmt":"2026-04-03T02:51:52","slug":"supply-20-inch-titanium-powder-water-filter-sintered-titanium-replacement-filter","status":"publish","type":"product","link":"https:\/\/lyfilter.com\/fr\/supply-20-inch-titanium-powder-water-filter-sintered-titanium-replacement-filter\/","title":{"rendered":"Filtre \u00e0 eau en poudre de titane de 20 pouces \/ Filtre de remplacement en titane fritt\u00e9"},"content":{"rendered":"<p>con\u00e7u pour une filtration fiable, ce filtre de remplacement en titane fritt\u00e9 de 20 pouces assure un d\u00e9bit propre et une utilisation durable. sa structure en poudre de titane permet de traiter les t\u00e2ches de traitement de l'eau les plus exigeantes avec des performances stables et pratiques.<\/p>","protected":false},"excerpt":{"rendered":"<table>\n<thead>\n<tr>\n<th>Industries concern\u00e9es<\/th>\n<th>Utilisation \u00e0 domicile<\/th>\n<th>Service apr\u00e8s-vente<\/th>\n<th>Soutien en ligne<\/th>\n<\/tr>\n<\/thead>\n<tbody>\n<tr>\n<td>Lieu de service local<\/td>\n<td>aucun<\/td>\n<td>Emplacement de la salle d'exposition<\/td>\n<td>aucun<\/td>\n<\/tr>\n<tr>\n<td>Vid\u00e9o de l'inspection de sortie<\/td>\n<td>Fourni<\/td>\n<td>Rapport d'essai des machines<\/td>\n<td>Fourni<\/td>\n<\/tr>\n<tr>\n<td>Type de marketing<\/td>\n<td>Produit ordinaire<\/td>\n<td>Garantie des composants de base<\/td>\n<td>1 an<\/td>\n<\/tr>\n<tr>\n<td>Composants essentiels<\/td>\n<td>R\u00e9servoir sous pression<\/td>\n<td>Lieu d'origine<\/td>\n<td>Chine<\/td>\n<\/tr>\n<tr>\n<td>Garantie<\/td>\n<td>1 an<\/td>\n<td>Service apr\u00e8s-vente<\/td>\n<td>Soutien en ligne<\/td>\n<\/tr>\n<tr>\n<td>Nom<\/td>\n<td>filtre \u00e0 eau en poudre de titane<\/td>\n<td>Mat\u00e9riau<\/td>\n<td>Titane pur<\/td>\n<\/tr>\n<tr>\n<td>Interface<\/td>\n<td>222,226,215,Flat,M20,M30,M42<\/td>\n<td>Diam\u00e8tre ext\u00e9rieur<\/td>\n<td>60-70mm<\/td>\n<\/tr>\n<tr>\n<td>Longueur<\/td>\n<td>5,10,20,30,40 pouces ou sur mesure<\/td>\n<td>Micron<\/td>\n<td>0,1 ~ 100 microns<\/td>\n<\/tr>\n<tr>\n<td>Porosit\u00e9<\/td>\n<td>28~50%<\/td>\n<td>Tol\u00e9rance de temp\u00e9rature<\/td>\n<td>\u2264300\u2103(humide)<\/td>\n<\/tr>\n<tr>\n<td>Utilisation<\/td>\n<td>R\u00e9sistance \u00e0 l'eau \u00e0 haute temp\u00e9rature, \u00e0 l'acide et \u00e0 l'alcali<\/td>\n<td>Mode de lavage<\/td>\n<td>Rin\u00e7age de puits et contre-rin\u00e7age<\/td>\n<\/tr>\n<\/tbody>\n<\/table>","protected":false},"featured_media":3783,"comment_status":"open","ping_status":"closed","template":"","meta":{"_gspb_post_css":""},"product_brand":[],"product_cat":[1141],"product_tag":[1232,38,1233,1231,1234,1230],"class_list":{"0":"post-3778","1":"product","2":"type-product","3":"status-publish","4":"has-post-thumbnail","6":"product_cat-titanium-filter-cartridge","7":"product_tag-20-inch-replacement-filter","8":"product_tag-industrial-water-filtration","9":"product_tag-reusable-water-filter-cartridge","10":"product_tag-sintered-titanium-filter","11":"product_tag-titanium-filter-element","12":"product_tag-titanium-powder-water-filter","14":"first","15":"instock","16":"shipping-taxable","17":"product-type-simple"},"_links":{"self":[{"href":"https:\/\/lyfilter.com\/fr\/wp-json\/wp\/v2\/product\/3778","targetHints":{"allow":["GET"]}}],"collection":[{"href":"https:\/\/lyfilter.com\/fr\/wp-json\/wp\/v2\/product"}],"about":[{"href":"https:\/\/lyfilter.com\/fr\/wp-json\/wp\/v2\/types\/product"}],"replies":[{"embeddable":true,"href":"https:\/\/lyfilter.com\/fr\/wp-json\/wp\/v2\/comments?post=3778"}],"wp:featuredmedia":[{"embeddable":true,"href":"https:\/\/lyfilter.com\/fr\/wp-json\/wp\/v2\/media\/3783"}],"wp:attachment":[{"href":"https:\/\/lyfilter.com\/fr\/wp-json\/wp\/v2\/media?parent=3778"}],"wp:term":[{"taxonomy":"product_brand","embeddable":true,"href":"https:\/\/lyfilter.com\/fr\/wp-json\/wp\/v2\/product_brand?post=3778"},{"taxonomy":"product_cat","embeddable":true,"href":"https:\/\/lyfilter.com\/fr\/wp-json\/wp\/v2\/product_cat?post=3778"},{"taxonomy":"product_tag","embeddable":true,"href":"https:\/\/lyfilter.com\/fr\/wp-json\/wp\/v2\/product_tag?post=3778"}],"curies":[{"name":"wp","href":"https:\/\/api.w.org\/{rel}","templated":true}]}}