{"id":3767,"date":"2026-04-03T02:47:14","date_gmt":"2026-04-03T02:47:14","guid":{"rendered":"https:\/\/lyfilter.com\/"},"modified":"2026-04-03T02:47:15","modified_gmt":"2026-04-03T02:47:15","slug":"40-inch-60-inch-filter-element-replacement-pleated-glass-fiber-high-flow-filter-cartridge","status":"publish","type":"product","link":"https:\/\/lyfilter.com\/fr\/40-inch-60-inch-filter-element-replacement-pleated-glass-fiber-high-flow-filter-cartridge\/","title":{"rendered":"40 Inch 60 Inch Filter Element Replacement Pleated Glass Fiber High Flow Filter Cartridge (cartouche filtrante pliss\u00e9e \u00e0 haut d\u00e9bit)"},"content":{"rendered":"<p>Con\u00e7ue pour les travaux de filtration, cette cartouche pliss\u00e9e en fibre de verre aide \u00e0 maintenir un d\u00e9bit d'eau plus propre gr\u00e2ce \u00e0 une forte r\u00e9tention des particules et \u00e0 une large surface. C'est un remplacement fiable pour les syst\u00e8mes industriels qui ont besoin de performances stables.<\/p>","protected":false},"excerpt":{"rendered":"<table>\n<thead>\n<tr>\n<th>Industries concern\u00e9es<\/th>\n<th>Usine de fabrication, usine de produits alimentaires et de boissons, traitement de l'eau<\/th>\n<th>Lieu d'origine<\/th>\n<th>Guangdong, Chine<\/th>\n<\/tr>\n<\/thead>\n<tbody>\n<tr>\n<td>Nom de la marque<\/td>\n<td>Lvyuan, OEM, ODM<\/td>\n<td>Mat\u00e9riau<\/td>\n<td>fibre de verre pliss\u00e9e\/pp<\/td>\n<\/tr>\n<tr>\n<td>Poids<\/td>\n<td>personnalis\u00e9<\/td>\n<td>Taille<\/td>\n<td>personnalis\u00e9<\/td>\n<\/tr>\n<tr>\n<td>Puissance<\/td>\n<td>0<\/td>\n<td>Garantie<\/td>\n<td>Indisponible<\/td>\n<\/tr>\n<tr>\n<td>Fonctionnalit\u00e9<\/td>\n<td>augmentation de la surface de filtration<\/td>\n<td>Longueur<\/td>\n<td>20 pouces \/40 pouces \/60 pouces<\/td>\n<\/tr>\n<tr>\n<td>Certification<\/td>\n<td>SGS<\/td>\n<td>Forme<\/td>\n<td>cylindre<\/td>\n<\/tr>\n<tr>\n<td>Utilisation<\/td>\n<td>traitement de l'eau<\/td>\n<td>Application<\/td>\n<td>l'industrie<\/td>\n<\/tr>\n<tr>\n<td>Couleur<\/td>\n<td>blanc<\/td>\n<td>Emballage<\/td>\n<td>bo\u00eete en papier<\/td>\n<\/tr>\n<tr>\n<td>Autre nom<\/td>\n<td>Cartouche filtrante \u00e0 haut d\u00e9bit<\/td>\n<td>M\u00e9dia filtrant<\/td>\n<td>PP\/pp souffl\u00e9 par fusion\/ fibre de verre<\/td>\n<\/tr>\n<tr>\n<td>Service apr\u00e8s-vente<\/td>\n<td>Soutien en ligne<\/td>\n<td>Capacit\u00e9 d'approvisionnement<\/td>\n<td>100 pi\u00e8ces\/pi\u00e8ces par semaine<\/td>\n<\/tr>\n<\/tbody>\n<\/table>","protected":false},"featured_media":3774,"comment_status":"open","ping_status":"closed","template":"","meta":{"_gspb_post_css":""},"product_brand":[],"product_cat":[1202],"product_tag":[1228,1229,1226,1227,1215,340],"class_list":{"0":"post-3767","1":"product","2":"type-product","3":"status-publish","4":"has-post-thumbnail","6":"product_cat-filter-cartridge","7":"product_tag-40-inch-filter-element","8":"product_tag-60-inch-filter-element","9":"product_tag-high-flow-filter-cartridge","10":"product_tag-pleated-glass-fiber-filter","11":"product_tag-replacement-filter-cartridge","12":"product_tag-water-treatment-filter","14":"first","15":"instock","16":"shipping-taxable","17":"product-type-simple"},"_links":{"self":[{"href":"https:\/\/lyfilter.com\/fr\/wp-json\/wp\/v2\/product\/3767","targetHints":{"allow":["GET"]}}],"collection":[{"href":"https:\/\/lyfilter.com\/fr\/wp-json\/wp\/v2\/product"}],"about":[{"href":"https:\/\/lyfilter.com\/fr\/wp-json\/wp\/v2\/types\/product"}],"replies":[{"embeddable":true,"href":"https:\/\/lyfilter.com\/fr\/wp-json\/wp\/v2\/comments?post=3767"}],"wp:featuredmedia":[{"embeddable":true,"href":"https:\/\/lyfilter.com\/fr\/wp-json\/wp\/v2\/media\/3774"}],"wp:attachment":[{"href":"https:\/\/lyfilter.com\/fr\/wp-json\/wp\/v2\/media?parent=3767"}],"wp:term":[{"taxonomy":"product_brand","embeddable":true,"href":"https:\/\/lyfilter.com\/fr\/wp-json\/wp\/v2\/product_brand?post=3767"},{"taxonomy":"product_cat","embeddable":true,"href":"https:\/\/lyfilter.com\/fr\/wp-json\/wp\/v2\/product_cat?post=3767"},{"taxonomy":"product_tag","embeddable":true,"href":"https:\/\/lyfilter.com\/fr\/wp-json\/wp\/v2\/product_tag?post=3767"}],"curies":[{"name":"wp","href":"https:\/\/api.w.org\/{rel}","templated":true}]}}