{"id":3760,"date":"2026-04-03T02:32:44","date_gmt":"2026-04-03T02:32:44","guid":{"rendered":"https:\/\/lyfilter.com\/"},"modified":"2026-04-03T02:32:44","modified_gmt":"2026-04-03T02:32:44","slug":"bag-filter-housing-oem-odm-by-lvyuan-filter","status":"publish","type":"product","link":"https:\/\/lyfilter.com\/fr\/bag-filter-housing-oem-odm-by-lvyuan-filter\/","title":{"rendered":"Bo\u00eetier de filtre \u00e0 manche OEM\/ODM de Lvyuan Filter"},"content":{"rendered":"<div class=\"unit-detail-html-tabs__content-attr\">\n<div class=\"unit-product-attrparam\">\n<div class=\"unit-product-attrparam__items row\">\n<div class=\"col-12 col-md-6\">\n<div class=\"unit-product-attrparam__item\"><\/div>\n<\/div>\n<\/div>\n<\/div>\n<\/div>\n<div class=\"unit-detail-html-tabs__content-featuresAttr\"><b>Sp\u00e9cification du produit<\/b><\/div>\n<div class=\"unit-detail-html-tabs__content-html\">\n<p>Disponibilit\u00e9 : OEM\/ODM<\/p>\n<p>Mat\u00e9riau : Acier inoxydable<\/p>\n<p><b>Informations sur le produit<\/b><\/p>\n<p>En termes de conception, le\u00a0<a href=\"https:\/\/lyfilter.com\/fr\/\">Filtre Lvyuan<\/a>\u00a0Le bo\u00eetier du filtre \u00e0 manches est tr\u00e8s attrayant et comp\u00e9titif. Le produit a pass\u00e9 la certification de qualit\u00e9 internationale pour garantir des produits de haute qualit\u00e9. Guangzhou Lvyuan Water Purification Equipment Co. se fixe des objectifs \u00e9lev\u00e9s en mati\u00e8re de qualit\u00e9 des produits et de service.<\/p>\n<div id=\"module-74E4U0f4f3b0a\">\n<div class=\"ce-d-flex ce-flex-wrap\">\n<div class=\"ce-col-12\">\n<div id=\"unit-zzuNfqHeIMdKBT5\">\n<div class=\"ce-text_item\">\n<div class=\"ce-text\" data-qb-tmp-id=\"lt-270764\" data-gramm=\"false\">\n<div>\n<div class=\"ce-d-flex ce-flex-wrap\">\n<div class=\"ce-col-12\">\n<div id=\"unit-adi8SlZ2NA87g7x\">\n<div class=\"ce-text_item\">\n<div class=\"ce-text\">\n<p><strong>Bo\u00eetiers de filtres sanitaires haute performance en acier inoxydable<\/strong><\/p>\n<p>&nbsp;<\/p>\n<p>Caract\u00e9ristiques des corps de filtres sanitaires en acier inoxydable<\/p>\n<p>&nbsp;<\/p>\n<ul>\n<li>Conception hygi\u00e9nique : Nos corps de filtre sanitaires en acier inoxydable sont con\u00e7us de mani\u00e8re hygi\u00e9nique, ce qui garantit que le processus de filtration pr\u00e9serve la puret\u00e9 de vos produits.<\/li>\n<li>R\u00e9sistance \u00e0 la corrosion : Fabriqu\u00e9s en acier inoxydable de haute qualit\u00e9, ces bo\u00eetiers offrent une r\u00e9sistance exceptionnelle \u00e0 la corrosion, ce qui les rend id\u00e9aux pour une utilisation dans des environnements difficiles.<\/li>\n<li>Facilit\u00e9 de nettoyage : Les surfaces lisses et polies de nos filtres sanitaires facilitent le nettoyage, ce qui permet une maintenance rapide et efficace.<\/li>\n<li>Mat\u00e9riau de qualit\u00e9 alimentaire : Fabriqu\u00e9s en acier inoxydable de qualit\u00e9 alimentaire, nos corps de filtre sont conformes aux normes industrielles, ce qui les rend adapt\u00e9s aux applications dans le secteur de l'alimentation et des boissons.<\/li>\n<li>Options personnalisables : Adaptez ces corps de filtre \u00e0 vos besoins sp\u00e9cifiques. Choisissez parmi diff\u00e9rentes tailles, configurations et types de connexion pour r\u00e9pondre \u00e0 vos besoins de filtration.<\/li>\n<li>Int\u00e9grit\u00e9 du joint : La conception du bo\u00eetier assure une \u00e9tanch\u00e9it\u00e9 parfaite, emp\u00eachant toute fuite ou contamination pendant le processus de filtration.<\/li>\n<li>Conformit\u00e9 aux normes : Nos corps de filtres sanitaires sont conformes aux normes et r\u00e9glementations de l'industrie, ce qui vous permet d'avoir l'esprit tranquille en ce qui concerne la s\u00e9curit\u00e9 et la qualit\u00e9 des produits.<\/li>\n<li>Large \u00e9ventail d'applications : Qu'il s'agisse de produits pharmaceutiques, de cosm\u00e9tiques, de transformation des aliments ou d'autres industries, ces produits peuvent \u00eatre utilis\u00e9s dans de nombreux domaines.\u00a0<a href=\"https:\/\/lyfilter.com\/fr\/stainless-steel-filter-housing.html\/\">bo\u00eetier de filtre en acier inoxydable<\/a>offrent des solutions de filtration polyvalentes et fiables.<\/li>\n<li>Construction durable : Gr\u00e2ce \u00e0 une construction robuste et \u00e0 des mat\u00e9riaux durables, nos corps de filtres sanitaires sont con\u00e7us pour r\u00e9sister aux rigueurs d'un fonctionnement continu dans des environnements exigeants.<\/li>\n<li>Installation facile : Con\u00e7us pour une installation conviviale, ces corps de filtre sont dot\u00e9s de caract\u00e9ristiques qui simplifient le processus d'installation, garantissant un temps d'arr\u00eat minimal pour vos op\u00e9rations.<\/li>\n<\/ul>\n<\/div>\n<\/div>\n<\/div>\n<\/div>\n<\/div>\n<\/div>\n<\/div>\n<\/div>\n<\/div>\n<\/div>\n<\/div>\n<\/div>\n<\/div>","protected":false},"excerpt":{"rendered":"<table>\n<thead>\n<tr>\n<th>Capacit\u00e9 de production<\/th>\n<th>Mod\u00e8le<\/th>\n<th>Marque<\/th>\n<\/tr>\n<\/thead>\n<tbody>\n<tr>\n<td>10000 unit\u00e9s\/mois<\/td>\n<td>LY-FB<\/td>\n<td>OEM\/Lvyuan<\/td>\n<\/tr>\n<\/tbody>\n<\/table>","protected":false},"featured_media":3766,"comment_status":"open","ping_status":"closed","template":"","meta":{"_gspb_post_css":""},"product_brand":[],"product_cat":[15],"product_tag":[],"class_list":{"0":"post-3760","1":"product","2":"type-product","3":"status-publish","4":"has-post-thumbnail","6":"product_cat-stainless-steel-filter-housing","8":"first","9":"instock","10":"shipping-taxable","11":"product-type-simple"},"_links":{"self":[{"href":"https:\/\/lyfilter.com\/fr\/wp-json\/wp\/v2\/product\/3760","targetHints":{"allow":["GET"]}}],"collection":[{"href":"https:\/\/lyfilter.com\/fr\/wp-json\/wp\/v2\/product"}],"about":[{"href":"https:\/\/lyfilter.com\/fr\/wp-json\/wp\/v2\/types\/product"}],"replies":[{"embeddable":true,"href":"https:\/\/lyfilter.com\/fr\/wp-json\/wp\/v2\/comments?post=3760"}],"wp:featuredmedia":[{"embeddable":true,"href":"https:\/\/lyfilter.com\/fr\/wp-json\/wp\/v2\/media\/3766"}],"wp:attachment":[{"href":"https:\/\/lyfilter.com\/fr\/wp-json\/wp\/v2\/media?parent=3760"}],"wp:term":[{"taxonomy":"product_brand","embeddable":true,"href":"https:\/\/lyfilter.com\/fr\/wp-json\/wp\/v2\/product_brand?post=3760"},{"taxonomy":"product_cat","embeddable":true,"href":"https:\/\/lyfilter.com\/fr\/wp-json\/wp\/v2\/product_cat?post=3760"},{"taxonomy":"product_tag","embeddable":true,"href":"https:\/\/lyfilter.com\/fr\/wp-json\/wp\/v2\/product_tag?post=3760"}],"curies":[{"name":"wp","href":"https:\/\/api.w.org\/{rel}","templated":true}]}}