{"id":3743,"date":"2026-04-03T02:18:27","date_gmt":"2026-04-03T02:18:27","guid":{"rendered":"https:\/\/lyfilter.com\/"},"modified":"2026-04-03T02:23:02","modified_gmt":"2026-04-03T02:23:02","slug":"high-quality-water-filter-cartridge-manufacturers-for-water","status":"publish","type":"product","link":"https:\/\/lyfilter.com\/fr\/high-quality-water-filter-cartridge-manufacturers-for-water\/","title":{"rendered":"Fabricant de cartouches de filtre \u00e0 eau de haute qualit\u00e9 pour l'eau"},"content":{"rendered":"<p>Con\u00e7us pour des performances s\u00fbres, ces verrous de filtre \u00e0 eau s'associent \u00e0 des cartouches de qualit\u00e9 pour assurer un flux plus propre et un ajustement plus stable. Ils r\u00e9duisent les mouvements, am\u00e9liorent la fiabilit\u00e9 et conviennent parfaitement \u00e0 la filtration domestique ou commerciale l\u00e9g\u00e8re.<\/p>","protected":false},"excerpt":{"rendered":"<table>\n<thead>\n<tr>\n<th>Lieu d'origine<\/th>\n<th>Chine<\/th>\n<th>Nom de la marque<\/th>\n<th>Lvyuan\/OEM<\/th>\n<\/tr>\n<\/thead>\n<tbody>\n<tr>\n<td>Num\u00e9ro de mod\u00e8le<\/td>\n<td>LY-PLF-01<\/td>\n<td>Puissance (W)<\/td>\n<td>0<\/td>\n<\/tr>\n<tr>\n<td>Tension (V)<\/td>\n<td>0<\/td>\n<td>Service apr\u00e8s-vente<\/td>\n<td>aucun<\/td>\n<\/tr>\n<tr>\n<td>Garantie<\/td>\n<td>aucun<\/td>\n<td>Type<\/td>\n<td>Osmose inverse<\/td>\n<\/tr>\n<tr>\n<td>Certification<\/td>\n<td>GS<\/td>\n<td>Utilisation<\/td>\n<td>Pr\u00e9filtration domestique<\/td>\n<\/tr>\n<tr>\n<td>Application<\/td>\n<td>Voiture, VR, Ext\u00e9rieur, H\u00f4tel, Garage, Commercial, M\u00e9nage<\/td>\n<td>Source d'\u00e9nergie<\/td>\n<td>Manuel<\/td>\n<\/tr>\n<tr>\n<td>Nom<\/td>\n<td>\u00e9l\u00e9ment d'alimentation du filtre<\/td>\n<td>Mat\u00e9riau de la membrane filtrante<\/td>\n<td>PP\/PVDF\/PTFE\/PES\/Nylon<\/td>\n<\/tr>\n<tr>\n<td>Longueur<\/td>\n<td>5 \/ 10 \/ 20 \/ 30 \/ 40 \/ 50 \/ 60 pouces<\/td>\n<td>Conecteur<\/td>\n<td>Fin\/222\/226\/215\/DOE\/Thread<\/td>\n<\/tr>\n<tr>\n<td>Micron<\/td>\n<td>0.22\/0.5\/1\/3\/5\/10\/25\/50\/75\/100\/150<\/td>\n<td>M\u00e9thode de scellement<\/td>\n<td>Soudage par fusion \u00e0 chaud<\/td>\n<\/tr>\n<tr>\n<td>Diam\u00e8tre<\/td>\n<td>70mm\/OEM<\/td>\n<td>Noyau interne<\/td>\n<td>PP\/SS\/OEM<\/td>\n<\/tr>\n<tr>\n<td>MOQ<\/td>\n<td>Actuellement pas de limitation<\/td>\n<td>Capacit\u00e9 d'approvisionnement<\/td>\n<td>5000 pi\u00e8ces par semaine<\/td>\n<\/tr>\n<\/tbody>\n<\/table>\n<p>&nbsp;<\/p>","protected":false},"featured_media":3744,"comment_status":"open","ping_status":"closed","template":"","meta":{"_gspb_post_css":""},"product_brand":[],"product_cat":[1202],"product_tag":[1213,1217,1215,1214,1136,1216],"class_list":{"0":"post-3743","1":"product","2":"type-product","3":"status-publish","4":"has-post-thumbnail","6":"product_cat-filter-cartridge","7":"product_tag-high-quality-water-filter-cartridge","8":"product_tag-household-water-filter-parts","9":"product_tag-replacement-filter-cartridge","10":"product_tag-water-filter-cartridge-manufacturers","11":"product_tag-water-filter-locks","12":"product_tag-water-filtration-supplies","14":"first","15":"instock","16":"shipping-taxable","17":"product-type-simple"},"_links":{"self":[{"href":"https:\/\/lyfilter.com\/fr\/wp-json\/wp\/v2\/product\/3743","targetHints":{"allow":["GET"]}}],"collection":[{"href":"https:\/\/lyfilter.com\/fr\/wp-json\/wp\/v2\/product"}],"about":[{"href":"https:\/\/lyfilter.com\/fr\/wp-json\/wp\/v2\/types\/product"}],"replies":[{"embeddable":true,"href":"https:\/\/lyfilter.com\/fr\/wp-json\/wp\/v2\/comments?post=3743"}],"wp:featuredmedia":[{"embeddable":true,"href":"https:\/\/lyfilter.com\/fr\/wp-json\/wp\/v2\/media\/3744"}],"wp:attachment":[{"href":"https:\/\/lyfilter.com\/fr\/wp-json\/wp\/v2\/media?parent=3743"}],"wp:term":[{"taxonomy":"product_brand","embeddable":true,"href":"https:\/\/lyfilter.com\/fr\/wp-json\/wp\/v2\/product_brand?post=3743"},{"taxonomy":"product_cat","embeddable":true,"href":"https:\/\/lyfilter.com\/fr\/wp-json\/wp\/v2\/product_cat?post=3743"},{"taxonomy":"product_tag","embeddable":true,"href":"https:\/\/lyfilter.com\/fr\/wp-json\/wp\/v2\/product_tag?post=3743"}],"curies":[{"name":"wp","href":"https:\/\/api.w.org\/{rel}","templated":true}]}}