{"id":3724,"date":"2026-04-03T02:06:25","date_gmt":"2026-04-03T02:06:25","guid":{"rendered":"https:\/\/lyfilter.com\/"},"modified":"2026-04-03T02:06:25","modified_gmt":"2026-04-03T02:06:25","slug":"customized-activated-carbon-block-filter-series-for-water-purification","status":"publish","type":"product","link":"https:\/\/lyfilter.com\/fr\/customized-activated-carbon-block-filter-series-for-water-purification\/","title":{"rendered":"Filtre \u00e0 charbon actif personnalis\u00e9 pour la purification de l'eau"},"content":{"rendered":"<p>Con\u00e7ue pour une eau plus propre et des performances plus r\u00e9guli\u00e8res, cette s\u00e9rie de filtres \u00e0 charbon actif personnalis\u00e9s permet de r\u00e9duire les impuret\u00e9s, d'am\u00e9liorer le go\u00fbt et d'assurer une purification quotidienne fiable pour les syst\u00e8mes r\u00e9sidentiels et commerciaux.<\/p>","protected":false},"excerpt":{"rendered":"<table>\n<thead>\n<tr>\n<th>Section<\/th>\n<th>Champ d'application<\/th>\n<th>Valeur<\/th>\n<\/tr>\n<\/thead>\n<tbody>\n<tr>\n<td>Avantages pour l'entreprise<\/td>\n<td>1<\/td>\n<td>Les tests n\u00e9cessaires pour le filtre Lvyuan ont \u00e9t\u00e9 rigoureusement effectu\u00e9s. Il a \u00e9t\u00e9 test\u00e9 en termes de s\u00e9curit\u00e9, de compatibilit\u00e9 \u00e9lectromagn\u00e9tique, de vibrations, de fiabilit\u00e9 et de durabilit\u00e9. Des configurations de capuchons d'extr\u00e9mit\u00e9 personnalis\u00e9es sont disponibles pour r\u00e9pondre \u00e0 des exigences sp\u00e9cifiques.<\/td>\n<\/tr>\n<tr>\n<td>Avantages pour l'entreprise<\/td>\n<td>2<\/td>\n<td>Il existe diff\u00e9rents march\u00e9s pour ce produit destin\u00e9 \u00e0 \u00eatre utilis\u00e9 avec des projecteurs num\u00e9riques, des projecteurs de cin\u00e9ma, des r\u00e9troprojecteurs et des projecteurs de diapositives. Il ne contient pas de liants, d'agents, de solvants, de mat\u00e9riaux antistatiques ou d'agents mouillants.<\/td>\n<\/tr>\n<tr>\n<td>Avantages pour l'entreprise<\/td>\n<td>3<\/td>\n<td>Tests stricts : ses performances actuelles ont \u00e9t\u00e9 test\u00e9es par des tiers. Il est \u00e9galement pr\u00eat \u00e0 \u00eatre test\u00e9 par les utilisateurs et sera continuellement mis \u00e0 jour. Il pi\u00e8ge les plus grosses particules dans les couches ext\u00e9rieures et les plus petites dans les couches profondes.<\/td>\n<\/tr>\n<tr>\n<td>Vue d'ensemble<\/td>\n<td>Industries concern\u00e9es<\/td>\n<td>H\u00f4tels, magasins de v\u00eatements, magasins de mat\u00e9riaux de construction, usines de fabrication, ateliers de r\u00e9paration de machines, usines de produits alimentaires et de boissons, fermes, restaurants, usage domestique, commerce de d\u00e9tail, magasins d'alimentation, imprimeries, travaux de construction, \u00e9nergie et mines, magasins de produits alimentaires et de boissons, soci\u00e9t\u00e9s de publicit\u00e9.<\/td>\n<\/tr>\n<tr>\n<td>Vue d'ensemble<\/td>\n<td>Service apr\u00e8s-vente<\/td>\n<td>Soutien en ligne<\/td>\n<\/tr>\n<tr>\n<td>Vue d'ensemble<\/td>\n<td>Lieu de service local<\/td>\n<td>aucun<\/td>\n<\/tr>\n<tr>\n<td>Vue d'ensemble<\/td>\n<td>Emplacement de la salle d'exposition<\/td>\n<td>aucun<\/td>\n<\/tr>\n<tr>\n<td>Vue d'ensemble<\/td>\n<td>Vid\u00e9o de l'inspection de sortie<\/td>\n<td>Fourni<\/td>\n<\/tr>\n<tr>\n<td>Vue d'ensemble<\/td>\n<td>Rapport d'essai des machines<\/td>\n<td>Fourni<\/td>\n<\/tr>\n<tr>\n<td>Vue d'ensemble<\/td>\n<td>Type de marketing<\/td>\n<td>Produit ordinaire<\/td>\n<\/tr>\n<tr>\n<td>Vue d'ensemble<\/td>\n<td>Garantie des composants de base<\/td>\n<td>1 an<\/td>\n<\/tr>\n<tr>\n<td>Vue d'ensemble<\/td>\n<td>Composants essentiels<\/td>\n<td>R\u00e9servoir sous pression<\/td>\n<\/tr>\n<tr>\n<td>Vue d'ensemble<\/td>\n<td>Condition<\/td>\n<td>Nouveau<\/td>\n<\/tr>\n<tr>\n<td>Vue d'ensemble<\/td>\n<td>Lieu d'origine<\/td>\n<td>Guangdong, Chine<\/td>\n<\/tr>\n<tr>\n<td>Vue d'ensemble<\/td>\n<td>Nom de la marque<\/td>\n<td>LVYUAN\/OEM<\/td>\n<\/tr>\n<tr>\n<td>Vue d'ensemble<\/td>\n<td>Garantie<\/td>\n<td>6 mois<\/td>\n<\/tr>\n<tr>\n<td>Vue d'ensemble<\/td>\n<td>Service apr\u00e8s-vente<\/td>\n<td>Support en ligne, Support en ligne<\/td>\n<\/tr>\n<tr>\n<td>Vue d'ensemble<\/td>\n<td>Nom du produit<\/td>\n<td>cartouche de filtre \u00e0 charbon fritt\u00e9<\/td>\n<\/tr>\n<tr>\n<td>Vue d'ensemble<\/td>\n<td>Certification<\/td>\n<td>ISO<\/td>\n<\/tr>\n<tr>\n<td>Vue d'ensemble<\/td>\n<td>Mat\u00e9riau<\/td>\n<td>Charbon de coco activ\u00e9 fritt\u00e9<\/td>\n<\/tr>\n<tr>\n<td>Vue d'ensemble<\/td>\n<td>Longueur<\/td>\n<td>10-1050mm<\/td>\n<\/tr>\n<tr>\n<td>Vue d'ensemble<\/td>\n<td>OD<\/td>\n<td>14-121mm<\/td>\n<\/tr>\n<tr>\n<td>Vue d'ensemble<\/td>\n<td>ID<\/td>\n<td>6-50mm<\/td>\n<\/tr>\n<tr>\n<td>Vue d'ensemble<\/td>\n<td>Taux de micron<\/td>\n<td>0,5-20um<\/td>\n<\/tr>\n<tr>\n<td>Vue d'ensemble<\/td>\n<td>Indice d'iode<\/td>\n<td>jusqu'\u00e0 1000<\/td>\n<\/tr>\n<tr>\n<td>Vue d'ensemble<\/td>\n<td>D\u00e9bit<\/td>\n<td>\u2264300L\/h<\/td>\n<\/tr>\n<tr>\n<td>Capacit\u00e9 d'approvisionnement<\/td>\n<td>Capacit\u00e9 d'approvisionnement<\/td>\n<td>500 pi\u00e8ces par jour<\/td>\n<\/tr>\n<\/tbody>\n<\/table>","protected":false},"featured_media":3726,"comment_status":"open","ping_status":"closed","template":"","meta":{"_gspb_post_css":""},"product_brand":[],"product_cat":[18],"product_tag":[1073,1204,1203,38,357,1182],"class_list":{"0":"post-3724","1":"product","2":"type-product","3":"status-publish","4":"has-post-thumbnail","6":"product_cat-sintered-metal-filters","7":"product_tag-activated-carbon-block-filter","8":"product_tag-clean-water-filter","9":"product_tag-customized-carbon-filter","10":"product_tag-industrial-water-filtration","11":"product_tag-water-filter-cartridge","12":"product_tag-water-purification-filter","14":"first","15":"instock","16":"shipping-taxable","17":"product-type-simple"},"_links":{"self":[{"href":"https:\/\/lyfilter.com\/fr\/wp-json\/wp\/v2\/product\/3724","targetHints":{"allow":["GET"]}}],"collection":[{"href":"https:\/\/lyfilter.com\/fr\/wp-json\/wp\/v2\/product"}],"about":[{"href":"https:\/\/lyfilter.com\/fr\/wp-json\/wp\/v2\/types\/product"}],"replies":[{"embeddable":true,"href":"https:\/\/lyfilter.com\/fr\/wp-json\/wp\/v2\/comments?post=3724"}],"wp:featuredmedia":[{"embeddable":true,"href":"https:\/\/lyfilter.com\/fr\/wp-json\/wp\/v2\/media\/3726"}],"wp:attachment":[{"href":"https:\/\/lyfilter.com\/fr\/wp-json\/wp\/v2\/media?parent=3724"}],"wp:term":[{"taxonomy":"product_brand","embeddable":true,"href":"https:\/\/lyfilter.com\/fr\/wp-json\/wp\/v2\/product_brand?post=3724"},{"taxonomy":"product_cat","embeddable":true,"href":"https:\/\/lyfilter.com\/fr\/wp-json\/wp\/v2\/product_cat?post=3724"},{"taxonomy":"product_tag","embeddable":true,"href":"https:\/\/lyfilter.com\/fr\/wp-json\/wp\/v2\/product_tag?post=3724"}],"curies":[{"name":"wp","href":"https:\/\/api.w.org\/{rel}","templated":true}]}}