{"id":3717,"date":"2026-04-03T01:53:18","date_gmt":"2026-04-03T01:53:18","guid":{"rendered":"https:\/\/lyfilter.com\/"},"modified":"2026-04-03T01:53:18","modified_gmt":"2026-04-03T01:53:18","slug":"housing-filter-pvc-filter-for-drinking-water-pvc-bag-filter","status":"publish","type":"product","link":"https:\/\/lyfilter.com\/fr\/housing-filter-pvc-filter-for-drinking-water-pvc-bag-filter\/","title":{"rendered":"Filtre pour bo\u00eetier Filtre en pvc pour l'eau potable Filtre \u00e0 poche en pvc"},"content":{"rendered":"<p>Ce bo\u00eetier de filtre \u00e0 poche en PVC offre \u00e0 votre conduite d'eau une premi\u00e8re d\u00e9fense pratique et simple. Il permet d'attraper les s\u00e9diments visibles et les particules ind\u00e9sirables avant qu'ils ne se r\u00e9pandent, favorisant ainsi une eau potable plus propre et une utilisation quotidienne plus ais\u00e9e \u00e0 la maison d\u00e8s aujourd'hui.<\/p>","protected":false},"excerpt":{"rendered":"<table>\n<thead>\n<tr>\n<th>Objet<\/th>\n<th>D\u00e9tails<\/th>\n<\/tr>\n<\/thead>\n<tbody>\n<tr>\n<td>Condition<\/td>\n<td>Nouveau<\/td>\n<\/tr>\n<tr>\n<td>Industries concern\u00e9es<\/td>\n<td>Usine de fabrication, usine de produits alimentaires et de boissons, traitement de l'eau<\/td>\n<\/tr>\n<tr>\n<td>Service apr\u00e8s-vente<\/td>\n<td>Soutien en ligne<\/td>\n<\/tr>\n<tr>\n<td>Lieu de service local<\/td>\n<td>aucun<\/td>\n<\/tr>\n<tr>\n<td>Emplacement de la salle d'exposition<\/td>\n<td>aucun<\/td>\n<\/tr>\n<tr>\n<td>Lieu d'origine<\/td>\n<td>Guangdong, Chine<\/td>\n<\/tr>\n<tr>\n<td>Nom de la marque<\/td>\n<td>Lvyuan,OEM,ODM<\/td>\n<\/tr>\n<tr>\n<td>Mat\u00e9riau<\/td>\n<td>upvc<\/td>\n<\/tr>\n<tr>\n<td>Poids<\/td>\n<td>personnalis\u00e9<\/td>\n<\/tr>\n<tr>\n<td>Taille<\/td>\n<td>personnalis\u00e9, 10\u2032, 20\u2032, 30\u201d, 40\u201d<\/td>\n<\/tr>\n<tr>\n<td>Puissance<\/td>\n<td>0<\/td>\n<\/tr>\n<tr>\n<td>Garantie<\/td>\n<td>Indisponible<\/td>\n<\/tr>\n<tr>\n<td>Fonctionnalit\u00e9<\/td>\n<td>\u00c9conomique<\/td>\n<\/tr>\n<tr>\n<td>Certification<\/td>\n<td>ISO9001<\/td>\n<\/tr>\n<tr>\n<td>mat\u00e9riel<\/td>\n<td>UPVC<\/td>\n<\/tr>\n<tr>\n<td>Utilisation<\/td>\n<td>Pr\u00e9filtration de l'eau<\/td>\n<\/tr>\n<tr>\n<td>Application<\/td>\n<td>l'industrie<\/td>\n<\/tr>\n<tr>\n<td>Pression de service<\/td>\n<td>150Psi<\/td>\n<\/tr>\n<tr>\n<td>Couleur<\/td>\n<td>noir et blanc<\/td>\n<\/tr>\n<tr>\n<td>Mots cl\u00e9s<\/td>\n<td>UPVC<\/td>\n<\/tr>\n<tr>\n<td>Capacit\u00e9 d'approvisionnement<\/td>\n<td>200 pi\u00e8ces par mois<\/td>\n<\/tr>\n<\/tbody>\n<\/table>","protected":false},"featured_media":3719,"comment_status":"open","ping_status":"closed","template":"","meta":{"_gspb_post_css":""},"product_brand":[],"product_cat":[1198],"product_tag":[654,334,1199,1200,1136,1201],"class_list":{"0":"post-3717","1":"product","2":"type-product","3":"status-publish","4":"has-post-thumbnail","6":"product_cat-filter-housings","7":"product_tag-drinking-water-filter","8":"product_tag-industrial-water-filter","9":"product_tag-pvc-bag-filter-housing","10":"product_tag-pvc-housing-filter","11":"product_tag-water-filter-locks","12":"product_tag-water-pre-filtration-filter","14":"first","15":"instock","16":"shipping-taxable","17":"product-type-simple"},"_links":{"self":[{"href":"https:\/\/lyfilter.com\/fr\/wp-json\/wp\/v2\/product\/3717","targetHints":{"allow":["GET"]}}],"collection":[{"href":"https:\/\/lyfilter.com\/fr\/wp-json\/wp\/v2\/product"}],"about":[{"href":"https:\/\/lyfilter.com\/fr\/wp-json\/wp\/v2\/types\/product"}],"replies":[{"embeddable":true,"href":"https:\/\/lyfilter.com\/fr\/wp-json\/wp\/v2\/comments?post=3717"}],"wp:featuredmedia":[{"embeddable":true,"href":"https:\/\/lyfilter.com\/fr\/wp-json\/wp\/v2\/media\/3719"}],"wp:attachment":[{"href":"https:\/\/lyfilter.com\/fr\/wp-json\/wp\/v2\/media?parent=3717"}],"wp:term":[{"taxonomy":"product_brand","embeddable":true,"href":"https:\/\/lyfilter.com\/fr\/wp-json\/wp\/v2\/product_brand?post=3717"},{"taxonomy":"product_cat","embeddable":true,"href":"https:\/\/lyfilter.com\/fr\/wp-json\/wp\/v2\/product_cat?post=3717"},{"taxonomy":"product_tag","embeddable":true,"href":"https:\/\/lyfilter.com\/fr\/wp-json\/wp\/v2\/product_tag?post=3717"}],"curies":[{"name":"wp","href":"https:\/\/api.w.org\/{rel}","templated":true}]}}