{"id":3710,"date":"2026-04-03T01:49:17","date_gmt":"2026-04-03T01:49:17","guid":{"rendered":"https:\/\/lyfilter.com\/"},"modified":"2026-04-03T01:49:17","modified_gmt":"2026-04-03T01:49:17","slug":"wholehouse-small-type-pre-filter-water-sediment-sand-filter-with-nylon-net-filter","status":"publish","type":"product","link":"https:\/\/lyfilter.com\/fr\/wholehouse-small-type-pre-filter-water-sediment-sand-filter-with-nylon-net-filter\/","title":{"rendered":"Filtre \u00e0 sable pour s\u00e9diments d'eau avec filet en nylon"},"content":{"rendered":"<p>Gardez votre eau plus propre chaque jour gr\u00e2ce \u00e0 ce pr\u00e9-filtre compact pour toute la maison. Son bo\u00eetier transparent et sa maille en nylon permettent de pi\u00e9ger le sable, les s\u00e9diments et les particules visibles avant qu'ils n'atteignent les tuyaux et les appareils m\u00e9nagers.<\/p>","protected":false},"excerpt":{"rendered":"<table>\n<thead>\n<tr>\n<th>Objet<\/th>\n<th>D\u00e9tails<\/th>\n<\/tr>\n<\/thead>\n<tbody>\n<tr>\n<td>Industries concern\u00e9es<\/td>\n<td>Usine de produits alimentaires et de boissons, Restaurant, Magasins de produits alimentaires et de boissons<\/td>\n<\/tr>\n<tr>\n<td>Lieu d'origine<\/td>\n<td>Guangdong, Chine<\/td>\n<\/tr>\n<tr>\n<td>Nom de la marque<\/td>\n<td>Lvyuan\/OEM<\/td>\n<\/tr>\n<tr>\n<td>Mat\u00e9riau<\/td>\n<td>Polypropyl\u00e8ne<\/td>\n<\/tr>\n<tr>\n<td>Poids<\/td>\n<td>Sur mesure<\/td>\n<\/tr>\n<tr>\n<td>Taille<\/td>\n<td>Sur mesure<\/td>\n<\/tr>\n<tr>\n<td>Puissance<\/td>\n<td>0<\/td>\n<\/tr>\n<tr>\n<td>Garantie<\/td>\n<td>1 an<\/td>\n<\/tr>\n<tr>\n<td>Service apr\u00e8s-vente<\/td>\n<td>Soutien en ligne<\/td>\n<\/tr>\n<tr>\n<td>Nom de l'article<\/td>\n<td>filtre \u00e0 sable pour s\u00e9diments d'eau avec filtre en nylon<\/td>\n<\/tr>\n<tr>\n<td>Entr\u00e9e et sortie<\/td>\n<td>Laiton 1\/2\u2033 1\u2033 Femelle<\/td>\n<\/tr>\n<tr>\n<td>Logement<\/td>\n<td>Transparent<\/td>\n<\/tr>\n<tr>\n<td>Filtre \u00e0 filet en nylon<\/td>\n<td>5 - 300 microns<\/td>\n<\/tr>\n<tr>\n<td>POWER PHOS<\/td>\n<td>Clients recherch\u00e9s<\/td>\n<\/tr>\n<tr>\n<td>D\u00e9bit<\/td>\n<td>2-4T\/h<\/td>\n<\/tr>\n<tr>\n<td>Pression de service<\/td>\n<td>1,0MPa<\/td>\n<\/tr>\n<tr>\n<td>Temp\u00e9rature de travail<\/td>\n<td>Maximum 80C<\/td>\n<\/tr>\n<tr>\n<td>Connecteur X-over<\/td>\n<td>Avec ou sans<\/td>\n<\/tr>\n<tr>\n<td>Bo\u00eete d'emballage<\/td>\n<td>Bo\u00eete de couleur<\/td>\n<\/tr>\n<\/tbody>\n<\/table>","protected":false},"featured_media":3713,"comment_status":"open","ping_status":"closed","template":"","meta":{"_gspb_post_css":""},"product_brand":[],"product_cat":[17],"product_tag":[1197,1195,1194,1196,1136,1193],"class_list":{"0":"post-3710","1":"product","2":"type-product","3":"status-publish","4":"has-post-thumbnail","6":"product_cat-sediment-filter","7":"product_tag-home-water-purifier","8":"product_tag-nylon-net-water-filter","9":"product_tag-sediment-sand-filter","10":"product_tag-transparent-housing-filter","11":"product_tag-water-filter-locks","12":"product_tag-wholehouse-pre-filter","14":"first","15":"instock","16":"shipping-taxable","17":"product-type-simple"},"_links":{"self":[{"href":"https:\/\/lyfilter.com\/fr\/wp-json\/wp\/v2\/product\/3710","targetHints":{"allow":["GET"]}}],"collection":[{"href":"https:\/\/lyfilter.com\/fr\/wp-json\/wp\/v2\/product"}],"about":[{"href":"https:\/\/lyfilter.com\/fr\/wp-json\/wp\/v2\/types\/product"}],"replies":[{"embeddable":true,"href":"https:\/\/lyfilter.com\/fr\/wp-json\/wp\/v2\/comments?post=3710"}],"wp:featuredmedia":[{"embeddable":true,"href":"https:\/\/lyfilter.com\/fr\/wp-json\/wp\/v2\/media\/3713"}],"wp:attachment":[{"href":"https:\/\/lyfilter.com\/fr\/wp-json\/wp\/v2\/media?parent=3710"}],"wp:term":[{"taxonomy":"product_brand","embeddable":true,"href":"https:\/\/lyfilter.com\/fr\/wp-json\/wp\/v2\/product_brand?post=3710"},{"taxonomy":"product_cat","embeddable":true,"href":"https:\/\/lyfilter.com\/fr\/wp-json\/wp\/v2\/product_cat?post=3710"},{"taxonomy":"product_tag","embeddable":true,"href":"https:\/\/lyfilter.com\/fr\/wp-json\/wp\/v2\/product_tag?post=3710"}],"curies":[{"name":"wp","href":"https:\/\/api.w.org\/{rel}","templated":true}]}}