{"id":3691,"date":"2026-04-02T11:03:42","date_gmt":"2026-04-02T11:03:42","guid":{"rendered":"https:\/\/lyfilter.com\/"},"modified":"2026-04-02T11:03:42","modified_gmt":"2026-04-02T11:03:42","slug":"lvyuan-efficient-activated-carbon-filter-element-factory-for-water","status":"publish","type":"product","link":"https:\/\/lyfilter.com\/fr\/lvyuan-efficient-activated-carbon-filter-element-factory-for-water\/","title":{"rendered":"Lvyuan Efficient Activated Carbon Filter Element Factory for Water (\u00c9l\u00e9ment de filtre \u00e0 charbon actif efficace de Lvyuan pour l'eau)"},"content":{"rendered":"<p><b>1.<\/b>\u00a0La fabrication de la cartouche de filtre \u00e0 s\u00e9diments de Lvyuan est l'application de diverses pi\u00e8ces m\u00e9caniques de base. Il s'agit notamment d'engrenages, de roulements, d'attaches, de ressorts, de joints, d'accouplements, etc. La matrice de fibres autoportante permet une conception sans noyau qui est \u00e0 la fois \u00e9conomique et solide.<br \/>\n<b>2.<\/b>\u00a0L'\u00e9quipement de purification de l'eau de Lvyuan peut r\u00e9pondre \u00e0 la demande du march\u00e9 avec la plus grande efficacit\u00e9. La porosit\u00e9 du milieu filtrant varie en fonction de sa profondeur.<br \/>\n<b>3.<\/b>\u00a0Fabriqu\u00e9 dans notre propre usine \u00e0 la pointe de la technologie, le produit est d'une qualit\u00e9 garantie. Le m\u00e9dia filtrant est thermocoll\u00e9 pour emp\u00eacher la lib\u00e9ration des fibres tout en assurant des d\u00e9bits constants.<\/p>","protected":false},"excerpt":{"rendered":"<table>\n<thead>\n<tr>\n<th>Objet<\/th>\n<th>D\u00e9tails<\/th>\n<\/tr>\n<\/thead>\n<tbody>\n<tr>\n<td>Lieu d'origine<\/td>\n<td>Chine<\/td>\n<\/tr>\n<tr>\n<td>Nom de la marque<\/td>\n<td>Lvyuan\/OEM<\/td>\n<\/tr>\n<tr>\n<td>Num\u00e9ro de mod\u00e8le<\/td>\n<td>LY-PLF-01<\/td>\n<\/tr>\n<tr>\n<td>Puissance (W)<\/td>\n<td>0<\/td>\n<\/tr>\n<tr>\n<td>Tension (V)<\/td>\n<td>0<\/td>\n<\/tr>\n<tr>\n<td>Service apr\u00e8s-vente<\/td>\n<td>aucun<\/td>\n<\/tr>\n<tr>\n<td>Garantie<\/td>\n<td>aucun<\/td>\n<\/tr>\n<tr>\n<td>Type<\/td>\n<td>Osmose inverse<\/td>\n<\/tr>\n<tr>\n<td>Certification<\/td>\n<td>GS<\/td>\n<\/tr>\n<tr>\n<td>Utilisation<\/td>\n<td>Pr\u00e9filtration domestique<\/td>\n<\/tr>\n<tr>\n<td>Application<\/td>\n<td>Voiture, VR, Ext\u00e9rieur, H\u00f4tel, Garage, Commercial, M\u00e9nage<\/td>\n<\/tr>\n<tr>\n<td>Source d'\u00e9nergie<\/td>\n<td>Manuel<\/td>\n<\/tr>\n<tr>\n<td>Nom<\/td>\n<td>\u00e9l\u00e9ment de filtre \u00e0 eau en pp<\/td>\n<\/tr>\n<tr>\n<td>Mat\u00e9riau de la membrane filtrante<\/td>\n<td>PP\/PVDF\/PTFE\/PES\/Nylon<\/td>\n<\/tr>\n<tr>\n<td>Longueur<\/td>\n<td>5 \/ 10 \/ 20 \/ 30 \/ 40 \/ 50 \/ 60 pouces<\/td>\n<\/tr>\n<tr>\n<td>Conecteur<\/td>\n<td>Fin\/222\/226\/215\/DOE\/Thread<\/td>\n<\/tr>\n<tr>\n<td>Micron<\/td>\n<td>0.22\/0.5\/1\/3\/5\/10\/25\/50\/75\/100\/150<\/td>\n<\/tr>\n<tr>\n<td>M\u00e9thode de scellement<\/td>\n<td>Soudage par fusion \u00e0 chaud<\/td>\n<\/tr>\n<tr>\n<td>Diam\u00e8tre<\/td>\n<td>70mm\/OEM<\/td>\n<\/tr>\n<tr>\n<td>Noyau interne<\/td>\n<td>PP\/SS\/OEM<\/td>\n<\/tr>\n<tr>\n<td>MOQ<\/td>\n<td>Actuellement pas de limitation<\/td>\n<\/tr>\n<tr>\n<td>Capacit\u00e9 d'approvisionnement<\/td>\n<td>5000 pi\u00e8ces par semaine<\/td>\n<\/tr>\n<\/tbody>\n<\/table>","protected":false},"featured_media":3693,"comment_status":"open","ping_status":"closed","template":"","meta":{"_gspb_post_css":""},"product_brand":[],"product_cat":[20],"product_tag":[1177,1178,1180,1179,1176,866],"class_list":{"0":"post-3691","1":"product","2":"type-product","3":"status-publish","4":"has-post-thumbnail","6":"product_cat-high-flow-filter-cartridge","7":"product_tag-activated-carbon-filter-element","8":"product_tag-carbon-water-filter-factory","9":"product_tag-efficient-carbon-filter","10":"product_tag-household-water-filter-element","11":"product_tag-lvyuan-water-filter","12":"product_tag-water-filtration-cartridge","14":"first","15":"instock","16":"shipping-taxable","17":"product-type-simple"},"_links":{"self":[{"href":"https:\/\/lyfilter.com\/fr\/wp-json\/wp\/v2\/product\/3691","targetHints":{"allow":["GET"]}}],"collection":[{"href":"https:\/\/lyfilter.com\/fr\/wp-json\/wp\/v2\/product"}],"about":[{"href":"https:\/\/lyfilter.com\/fr\/wp-json\/wp\/v2\/types\/product"}],"replies":[{"embeddable":true,"href":"https:\/\/lyfilter.com\/fr\/wp-json\/wp\/v2\/comments?post=3691"}],"wp:featuredmedia":[{"embeddable":true,"href":"https:\/\/lyfilter.com\/fr\/wp-json\/wp\/v2\/media\/3693"}],"wp:attachment":[{"href":"https:\/\/lyfilter.com\/fr\/wp-json\/wp\/v2\/media?parent=3691"}],"wp:term":[{"taxonomy":"product_brand","embeddable":true,"href":"https:\/\/lyfilter.com\/fr\/wp-json\/wp\/v2\/product_brand?post=3691"},{"taxonomy":"product_cat","embeddable":true,"href":"https:\/\/lyfilter.com\/fr\/wp-json\/wp\/v2\/product_cat?post=3691"},{"taxonomy":"product_tag","embeddable":true,"href":"https:\/\/lyfilter.com\/fr\/wp-json\/wp\/v2\/product_tag?post=3691"}],"curies":[{"name":"wp","href":"https:\/\/api.w.org\/{rel}","templated":true}]}}