{"id":3688,"date":"2026-04-02T10:59:19","date_gmt":"2026-04-02T10:59:19","guid":{"rendered":"https:\/\/lyfilter.com\/"},"modified":"2026-04-02T11:02:01","modified_gmt":"2026-04-02T11:02:01","slug":"string-wound-sediment-water-filter-upplier","status":"publish","type":"product","link":"https:\/\/lyfilter.com\/fr\/string-wound-sediment-water-filter-upplier\/","title":{"rendered":"Filtre \u00e0 s\u00e9diments pour l'eau \u00e0 enroulement de corde"},"content":{"rendered":"<p><b>D\u00e9tails du produit du filtre \u00e0 s\u00e9diments \u00e0 enroulement filamentaire<\/b><\/p>\n<p>&nbsp;<\/p>\n<p><b>D\u00e9tail rapide<\/b><\/p>\n<p>Le filtre \u00e0 s\u00e9diments \u00e0 enroulement filamentaire est stable en termes de performances et fiable en termes de qualit\u00e9. Il se caract\u00e9rise par les avantages suivants : haute pr\u00e9cision, haute efficacit\u00e9, haute flexibilit\u00e9, faible abrasion, etc. Il peut \u00eatre largement utilis\u00e9 dans diff\u00e9rents domaines.\u00a0<a href=\"https:\/\/lyfilter.com\/fr\/\">Filtre Lvyuan<\/a>Le filtre \u00e0 eau \u00e0 s\u00e9diments \u00e0 enroulement filamentaire est fabriqu\u00e9 \u00e0 l'aide d'une technologie de pointe internationale. Le filtre \u00e0 eau \u00e0 s\u00e9diments \u00e0 enroulement filamentaire pr\u00e9sente d'excellentes performances et une qualit\u00e9 stable et fiable. Le filtre \u00e0 eau \u00e0 s\u00e9diments \u00e0 enroulement filamentaire est utilis\u00e9 dans de nombreux domaines, notamment les pi\u00e8ces d\u00e9tach\u00e9es automobiles, les pi\u00e8ces d\u00e9tach\u00e9es m\u00e9talliques, les mat\u00e9riaux de construction, les produits en acier inoxydable, et autres. En raison de sa rentabilit\u00e9, ce produit devient de plus en plus populaire dans ce domaine.<\/p>","protected":false},"excerpt":{"rendered":"<table>\n<thead>\n<tr>\n<th>Objet<\/th>\n<th>D\u00e9tails<\/th>\n<\/tr>\n<\/thead>\n<tbody>\n<tr>\n<td>Lieu d'origine<\/td>\n<td>Guangdong, Chine<\/td>\n<\/tr>\n<tr>\n<td>Nom de la marque<\/td>\n<td>Lvyuan \/ OEM<\/td>\n<\/tr>\n<tr>\n<td>Num\u00e9ro de mod\u00e8le<\/td>\n<td>S\u00e9rie LY-SW<\/td>\n<\/tr>\n<tr>\n<td>Nom du produit<\/td>\n<td>Filtre \u00e0 cartouche de 5 microns<\/td>\n<\/tr>\n<tr>\n<td>Taux de micron<\/td>\n<td>Cartouche de filtres de 1, 3, 5, 10 microns<\/td>\n<\/tr>\n<tr>\n<td>Mat\u00e9riau<\/td>\n<td>PP \/ coton \/ fibre de verre<\/td>\n<\/tr>\n<tr>\n<td>Noyau interne<\/td>\n<td>PP ou acier inoxydable<\/td>\n<\/tr>\n<tr>\n<td>Longueur<\/td>\n<td>5\u2033, 10\u2033, 20\u2033, 30\u2033, 40\u2033, 50\u201d pouces<\/td>\n<\/tr>\n<tr>\n<td>Mat\u00e9riau du joint\/de l'anneau<\/td>\n<td>Silicone \/ EPDM \/ Viton<\/td>\n<\/tr>\n<tr>\n<td>Utilisation<\/td>\n<td>filtre \u00e0 liquide, pi\u00e8ces pour filtre \u00e0 eau<\/td>\n<\/tr>\n<tr>\n<td>Diam\u00e8tre int\u00e9rieur<\/td>\n<td>28, 30mm<\/td>\n<\/tr>\n<tr>\n<td>Diam\u00e8tre ext\u00e9rieur<\/td>\n<td>60~62mm, Jumbo 110~115mm<\/td>\n<\/tr>\n<tr>\n<td>Certification<\/td>\n<td>CE SGS ISO<\/td>\n<\/tr>\n<tr>\n<td>Capacit\u00e9 d'approvisionnement<\/td>\n<td>5000 Pi\u00e8ces\/Pi\u00e8ces par jour Filtre \u00e0 cartouche 5 microns<\/td>\n<\/tr>\n<\/tbody>\n<\/table>","protected":false},"featured_media":3690,"comment_status":"open","ping_status":"closed","template":"","meta":{"_gspb_post_css":""},"product_brand":[],"product_cat":[1095],"product_tag":[1172,1175,1176,1174,1171,1173],"class_list":{"0":"post-3688","1":"product","2":"type-product","3":"status-publish","4":"has-post-thumbnail","6":"product_cat-string-wound-filter-cartridge","7":"product_tag-5-micron-cartridge-filter","8":"product_tag-industrial-water-filter-parts","9":"product_tag-lvyuan-water-filter","10":"product_tag-pp-cotton-filter-cartridge","11":"product_tag-string-wound-sediment-water-filter","12":"product_tag-water-filter-cartridge-supplier","14":"first","15":"instock","16":"shipping-taxable","17":"product-type-simple"},"_links":{"self":[{"href":"https:\/\/lyfilter.com\/fr\/wp-json\/wp\/v2\/product\/3688","targetHints":{"allow":["GET"]}}],"collection":[{"href":"https:\/\/lyfilter.com\/fr\/wp-json\/wp\/v2\/product"}],"about":[{"href":"https:\/\/lyfilter.com\/fr\/wp-json\/wp\/v2\/types\/product"}],"replies":[{"embeddable":true,"href":"https:\/\/lyfilter.com\/fr\/wp-json\/wp\/v2\/comments?post=3688"}],"wp:featuredmedia":[{"embeddable":true,"href":"https:\/\/lyfilter.com\/fr\/wp-json\/wp\/v2\/media\/3690"}],"wp:attachment":[{"href":"https:\/\/lyfilter.com\/fr\/wp-json\/wp\/v2\/media?parent=3688"}],"wp:term":[{"taxonomy":"product_brand","embeddable":true,"href":"https:\/\/lyfilter.com\/fr\/wp-json\/wp\/v2\/product_brand?post=3688"},{"taxonomy":"product_cat","embeddable":true,"href":"https:\/\/lyfilter.com\/fr\/wp-json\/wp\/v2\/product_cat?post=3688"},{"taxonomy":"product_tag","embeddable":true,"href":"https:\/\/lyfilter.com\/fr\/wp-json\/wp\/v2\/product_tag?post=3688"}],"curies":[{"name":"wp","href":"https:\/\/api.w.org\/{rel}","templated":true}]}}