{"id":3680,"date":"2026-04-02T10:05:06","date_gmt":"2026-04-02T10:05:06","guid":{"rendered":"https:\/\/lyfilter.com\/"},"modified":"2026-04-02T10:05:06","modified_gmt":"2026-04-02T10:05:06","slug":"whole-sale-stainless-steel-powder-sinterd-filter-cartridge-for-energy-mining","status":"publish","type":"product","link":"https:\/\/lyfilter.com\/fr\/whole-sale-stainless-steel-powder-sinterd-filter-cartridge-for-energy-mining\/","title":{"rendered":"Cartouche de filtre \u00e0 poudre fritt\u00e9e en acier inoxydable pour l'\u00e9nergie et l'exploitation mini\u00e8re"},"content":{"rendered":"<p>Con\u00e7ue pour les applications exigeantes dans les secteurs de l'\u00e9nergie et de l'exploitation mini\u00e8re, cette cartouche filtrante en acier inoxydable fritt\u00e9e en poudre assure une filtration r\u00e9guli\u00e8re de l'eau gr\u00e2ce \u00e0 une construction durable, des performances r\u00e9utilisables et un d\u00e9bit fiable dans le cadre d'une utilisation industrielle quotidienne.<\/p>","protected":false},"excerpt":{"rendered":"<table>\n<thead>\n<tr>\n<th>Condition<\/th>\n<th>Industries concern\u00e9es<\/th>\n<th>Service apr\u00e8s-vente<\/th>\n<th>Lieu de service local<\/th>\n<th>Emplacement de la salle d'exposition<\/th>\n<th>Vid\u00e9o de l'inspection de sortie<\/th>\n<th>Rapport d'essai des machines<\/th>\n<th>Type de marketing<\/th>\n<th>Garantie des composants de base<\/th>\n<th>Composants essentiels<\/th>\n<th>Lieu d'origine<\/th>\n<th>Nom de la marque<\/th>\n<th>Garantie<\/th>\n<th>Service apr\u00e8s-vente<\/th>\n<th>Mots cl\u00e9s<\/th>\n<th>Diam\u00e8tre<\/th>\n<th>Mat\u00e9riau<\/th>\n<th>Forme<\/th>\n<th>Utilisation<\/th>\n<th>Application<\/th>\n<th>Couleur<\/th>\n<th>Emballage<\/th>\n<th>longueur<\/th>\n<th>Avantage<\/th>\n<\/tr>\n<\/thead>\n<tbody>\n<tr>\n<td>Nouveau<\/td>\n<td>H\u00f4tels, magasins de v\u00eatements, magasins de mat\u00e9riaux de construction, usines de fabrication, ateliers de r\u00e9paration de machines, usines de produits alimentaires et de boissons, fermes, restaurants, usage domestique, commerce de d\u00e9tail, magasins d'alimentation, imprimeries, travaux de construction, \u00e9nergie et mines, magasins de produits alimentaires et de boissons.<\/td>\n<td>Soutien en ligne<\/td>\n<td>aucun<\/td>\n<td>aucun<\/td>\n<td>Fourni<\/td>\n<td>Fourni<\/td>\n<td>Produit ordinaire<\/td>\n<td>1 an<\/td>\n<td>R\u00e9servoir sous pression<\/td>\n<td>Guangdong, Chine<\/td>\n<td>Lvyuan\/OEM<\/td>\n<td>1 an<\/td>\n<td>Soutien en ligne<\/td>\n<td>cartouche filtrante fritt\u00e9e en poudre d'acier inoxydable<\/td>\n<td>Demande du client<\/td>\n<td>acier inoxydable<\/td>\n<td>cylindre<\/td>\n<td>traitement de l'eau<\/td>\n<td>l'industrie<\/td>\n<td>argent liquide<\/td>\n<td>bo\u00eete en papier<\/td>\n<td>10\/20\/30\/40 pouces<\/td>\n<td>r\u00e9utilisation<\/td>\n<\/tr>\n<\/tbody>\n<\/table>","protected":false},"featured_media":3687,"comment_status":"open","ping_status":"closed","template":"","meta":{"_gspb_post_css":""},"product_brand":[],"product_cat":[18],"product_tag":[1169,1170,1168,1160,1167,1136],"class_list":{"0":"post-3680","1":"product","2":"type-product","3":"status-publish","4":"has-post-thumbnail","6":"product_cat-sintered-metal-filters","7":"product_tag-energy-and-mining-filter","8":"product_tag-industrial-filtration-cartridge","9":"product_tag-powder-sinterd-filter","10":"product_tag-reusable-water-filter","11":"product_tag-stainless-steel-filter-cartridge","12":"product_tag-water-filter-locks","14":"first","15":"instock","16":"shipping-taxable","17":"product-type-simple"},"_links":{"self":[{"href":"https:\/\/lyfilter.com\/fr\/wp-json\/wp\/v2\/product\/3680","targetHints":{"allow":["GET"]}}],"collection":[{"href":"https:\/\/lyfilter.com\/fr\/wp-json\/wp\/v2\/product"}],"about":[{"href":"https:\/\/lyfilter.com\/fr\/wp-json\/wp\/v2\/types\/product"}],"replies":[{"embeddable":true,"href":"https:\/\/lyfilter.com\/fr\/wp-json\/wp\/v2\/comments?post=3680"}],"wp:featuredmedia":[{"embeddable":true,"href":"https:\/\/lyfilter.com\/fr\/wp-json\/wp\/v2\/media\/3687"}],"wp:attachment":[{"href":"https:\/\/lyfilter.com\/fr\/wp-json\/wp\/v2\/media?parent=3680"}],"wp:term":[{"taxonomy":"product_brand","embeddable":true,"href":"https:\/\/lyfilter.com\/fr\/wp-json\/wp\/v2\/product_brand?post=3680"},{"taxonomy":"product_cat","embeddable":true,"href":"https:\/\/lyfilter.com\/fr\/wp-json\/wp\/v2\/product_cat?post=3680"},{"taxonomy":"product_tag","embeddable":true,"href":"https:\/\/lyfilter.com\/fr\/wp-json\/wp\/v2\/product_tag?post=3680"}],"curies":[{"name":"wp","href":"https:\/\/api.w.org\/{rel}","templated":true}]}}