{"id":3649,"date":"2026-04-02T09:30:08","date_gmt":"2026-04-02T09:30:08","guid":{"rendered":"https:\/\/lyfilter.com\/"},"modified":"2026-04-02T09:30:08","modified_gmt":"2026-04-02T09:30:08","slug":"moveable-sewage-treatment-plant-car-wash-water-recycle","status":"publish","type":"product","link":"https:\/\/lyfilter.com\/fr\/moveable-sewage-treatment-plant-car-wash-water-recycle\/","title":{"rendered":"Station d'\u00e9puration mobile\/ recyclage de l'eau de lavage des voitures"},"content":{"rendered":"<p>Con\u00e7ue pour r\u00e9pondre aux besoins de r\u00e9utilisation de l'eau, cette station d'\u00e9puration mobile recycle l'eau de lavage des voitures gr\u00e2ce \u00e0 une filtration r\u00e9guli\u00e8re et \u00e0 des performances pratiques. Elle offre un rendement plus propre, un d\u00e9placement plus facile et un fonctionnement fiable pour les sites de travail tr\u00e8s fr\u00e9quent\u00e9s.<\/p>","protected":false},"excerpt":{"rendered":"<table>\n<thead>\n<tr>\n<th>Objet<\/th>\n<th>Valeur<\/th>\n<\/tr>\n<\/thead>\n<tbody>\n<tr>\n<td>Industries concern\u00e9es<\/td>\n<td>Usine de produits alimentaires et de boissons, Travaux de construction, Magasins de produits alimentaires et de boissons<\/td>\n<\/tr>\n<tr>\n<td>Service apr\u00e8s-vente<\/td>\n<td>Soutien en ligne<\/td>\n<\/tr>\n<tr>\n<td>Lieu de service local<\/td>\n<td>aucun<\/td>\n<\/tr>\n<tr>\n<td>Emplacement de la salle d'exposition<\/td>\n<td>aucun<\/td>\n<\/tr>\n<tr>\n<td>Vid\u00e9o de l'inspection de sortie<\/td>\n<td>Fourni<\/td>\n<\/tr>\n<tr>\n<td>Rapport d'essai des machines<\/td>\n<td>Fourni<\/td>\n<\/tr>\n<tr>\n<td>Type de marketing<\/td>\n<td>Produit ordinaire<\/td>\n<\/tr>\n<tr>\n<td>Garantie des composants de base<\/td>\n<td>1 an<\/td>\n<\/tr>\n<tr>\n<td>Composants essentiels<\/td>\n<td>Moteur<\/td>\n<\/tr>\n<tr>\n<td>Lieu d'origine<\/td>\n<td>Guangdong, Chine<\/td>\n<\/tr>\n<tr>\n<td>Nom de la marque<\/td>\n<td>Lvyuan<\/td>\n<\/tr>\n<tr>\n<td>Garantie<\/td>\n<td>1 an<\/td>\n<\/tr>\n<tr>\n<td>Service apr\u00e8s-vente<\/td>\n<td>Soutien en ligne<\/td>\n<\/tr>\n<tr>\n<td>Objet<\/td>\n<td>Station d'\u00e9puration des eaux us\u00e9es MBR<\/td>\n<\/tr>\n<tr>\n<td>Garantie<\/td>\n<td>Un an<\/td>\n<\/tr>\n<tr>\n<td>certification<\/td>\n<td>ISO<\/td>\n<\/tr>\n<tr>\n<td>technoloogie 1<\/td>\n<td>technologie de s\u00e9paration par membrane<\/td>\n<\/tr>\n<tr>\n<td>technoloogie 2<\/td>\n<td>technologie de traitement biologique<\/td>\n<\/tr>\n<tr>\n<td>technoloogie 3<\/td>\n<td>Module de membrane Alpha<\/td>\n<\/tr>\n<tr>\n<td>durable<\/td>\n<td>Longue dur\u00e9e de vie<\/td>\n<\/tr>\n<tr>\n<td>fonctionnement<\/td>\n<td>Simple<\/td>\n<\/tr>\n<tr>\n<td>entretien<\/td>\n<td>pratique<\/td>\n<\/tr>\n<tr>\n<td>qualit\u00e9<\/td>\n<td>niveau \u00e9lev\u00e9<\/td>\n<\/tr>\n<tr>\n<td>Capacit\u00e9 d'approvisionnement<\/td>\n<td>10 ensembles\/ensembles par mois<\/td>\n<\/tr>\n<\/tbody>\n<\/table>","protected":false},"featured_media":3655,"comment_status":"open","ping_status":"closed","template":"","meta":{"_gspb_post_css":""},"product_brand":[],"product_cat":[1147],"product_tag":[1153,38,1155,1152,1154,1136],"class_list":{"0":"post-3649","1":"product","2":"type-product","3":"status-publish","4":"has-post-thumbnail","6":"product_cat-waste-water-treatment-plant","7":"product_tag-car-wash-water-recycle","8":"product_tag-industrial-water-filtration","9":"product_tag-mobile-water-treatment","10":"product_tag-moveable-sewage-treatment-plant","11":"product_tag-wastewater-reuse-system","12":"product_tag-water-filter-locks","14":"first","15":"instock","16":"shipping-taxable","17":"product-type-simple"},"_links":{"self":[{"href":"https:\/\/lyfilter.com\/fr\/wp-json\/wp\/v2\/product\/3649","targetHints":{"allow":["GET"]}}],"collection":[{"href":"https:\/\/lyfilter.com\/fr\/wp-json\/wp\/v2\/product"}],"about":[{"href":"https:\/\/lyfilter.com\/fr\/wp-json\/wp\/v2\/types\/product"}],"replies":[{"embeddable":true,"href":"https:\/\/lyfilter.com\/fr\/wp-json\/wp\/v2\/comments?post=3649"}],"wp:featuredmedia":[{"embeddable":true,"href":"https:\/\/lyfilter.com\/fr\/wp-json\/wp\/v2\/media\/3655"}],"wp:attachment":[{"href":"https:\/\/lyfilter.com\/fr\/wp-json\/wp\/v2\/media?parent=3649"}],"wp:term":[{"taxonomy":"product_brand","embeddable":true,"href":"https:\/\/lyfilter.com\/fr\/wp-json\/wp\/v2\/product_brand?post=3649"},{"taxonomy":"product_cat","embeddable":true,"href":"https:\/\/lyfilter.com\/fr\/wp-json\/wp\/v2\/product_cat?post=3649"},{"taxonomy":"product_tag","embeddable":true,"href":"https:\/\/lyfilter.com\/fr\/wp-json\/wp\/v2\/product_tag?post=3649"}],"curies":[{"name":"wp","href":"https:\/\/api.w.org\/{rel}","templated":true}]}}