{"id":3647,"date":"2026-04-02T09:28:05","date_gmt":"2026-04-02T09:28:05","guid":{"rendered":"https:\/\/lyfilter.com\/"},"modified":"2026-04-02T09:28:06","modified_gmt":"2026-04-02T09:28:06","slug":"sewage-reuse-water-tree-watering-source","status":"publish","type":"product","link":"https:\/\/lyfilter.com\/fr\/sewage-reuse-water-tree-watering-source\/","title":{"rendered":"R\u00e9utilisation des eaux us\u00e9es Eau \/ Source d'arrosage des arbres"},"content":{"rendered":"<div class=\"scc-wrapper detail-module module-productPackagingAndQuickDetail\" data-spm=\"prilinga1e\">\n<div class=\"widget-detail-overview\"><\/div>\n<\/div>\n<div class=\"scc-wrapper detail-module module-productSpecification\" data-spm=\"pronpeci14\">\n<div id=\"J-rich-text-description\" class=\"richtext richtext-detail rich-text-description\">\n<div class=\"table-responsive\">\n<table class=\"aliDataTable\">\n<tbody>\n<tr align=\"left\">\n<td valign=\"bottom\">NON<\/td>\n<td valign=\"bottom\">Objet<\/td>\n<\/tr>\n<tr align=\"left\">\n<td valign=\"center\">1<\/td>\n<td valign=\"center\">Membrane MBR<\/td>\n<\/tr>\n<tr align=\"left\">\n<td valign=\"center\">2<\/td>\n<td valign=\"center\">Support MBR Cadre<\/td>\n<\/tr>\n<tr align=\"left\">\n<td valign=\"center\">3<\/td>\n<td valign=\"center\">Tuyau collecteur MBR<\/td>\n<\/tr>\n<tr align=\"left\">\n<td valign=\"center\">4<\/td>\n<td valign=\"center\">Conduite principale du MBR<\/td>\n<\/tr>\n<tr align=\"left\">\n<td valign=\"center\">6<\/td>\n<td valign=\"center\">Pompe auto-amor\u00e7ante<\/td>\n<\/tr>\n<tr align=\"left\">\n<td valign=\"center\">7<\/td>\n<td valign=\"center\">Pompe \u00e0 boues<\/td>\n<\/tr>\n<tr align=\"left\">\n<td valign=\"center\">8<\/td>\n<td valign=\"center\">Pompe de levage<\/td>\n<\/tr>\n<tr align=\"left\">\n<td valign=\"center\">10<\/td>\n<td valign=\"center\">Pompe doseuse de lavage \u00e0 contre-courant<\/td>\n<\/tr>\n<tr align=\"left\">\n<td valign=\"center\">11<\/td>\n<td valign=\"center\">R\u00e9servoir de dosage de lavage \u00e0 contre-courant<\/td>\n<\/tr>\n<tr align=\"left\">\n<td valign=\"center\">12<\/td>\n<td valign=\"center\">D\u00e9sinfectant<\/p>\n<p>R\u00e9servoir de dosage<\/td>\n<\/tr>\n<tr align=\"left\">\n<td valign=\"center\">13<\/td>\n<td valign=\"center\">Pompe doseuse<\/p>\n<p>&nbsp;<\/td>\n<\/tr>\n<tr align=\"left\">\n<td valign=\"center\">14<\/td>\n<td valign=\"center\">Soufflerie d'air<\/td>\n<\/tr>\n<tr align=\"left\">\n<td valign=\"center\">15<\/td>\n<td valign=\"center\">Bo\u00eete de contr\u00f4le<\/td>\n<\/tr>\n<tr align=\"left\">\n<td valign=\"center\">16<\/td>\n<td valign=\"center\">Diffuseur d'air<\/td>\n<\/tr>\n<tr align=\"left\">\n<td valign=\"center\">17<\/td>\n<td valign=\"center\">Tuyaux et raccords<\/td>\n<\/tr>\n<tr align=\"left\">\n<td valign=\"center\">18<\/td>\n<td valign=\"center\">R\u00e9servoir d'eau de type int\u00e9gral<\/td>\n<\/tr>\n<tr align=\"left\">\n<td valign=\"center\">19<\/td>\n<td valign=\"center\">Autres<\/td>\n<\/tr>\n<\/tbody>\n<\/table>\n<\/div>\n<p><strong>eaux us\u00e9es r\u00e9utilis\u00e9es \/ source d'arrosage des arbres\/ eaux us\u00e9es r\u00e9utilis\u00e9es \/ source d'arrosage des arbres<\/strong><\/p>\n<\/div>\n<\/div>","protected":false},"excerpt":{"rendered":"<table>\n<thead>\n<tr>\n<th>Objet<\/th>\n<th>Valeur<\/th>\n<\/tr>\n<\/thead>\n<tbody>\n<tr>\n<td>Industries concern\u00e9es<\/td>\n<td>Ateliers de r\u00e9paration de machines, usines de produits alimentaires et de boissons, travaux de construction, magasins de produits alimentaires et de boissons<\/td>\n<\/tr>\n<tr>\n<td>Service apr\u00e8s-vente<\/td>\n<td>Soutien en ligne<\/td>\n<\/tr>\n<tr>\n<td>Lieu de service local<\/td>\n<td>aucun<\/td>\n<\/tr>\n<tr>\n<td>Emplacement de la salle d'exposition<\/td>\n<td>aucun<\/td>\n<\/tr>\n<tr>\n<td>Vid\u00e9o de l'inspection de sortie<\/td>\n<td>Fourni<\/td>\n<\/tr>\n<tr>\n<td>Rapport d'essai des machines<\/td>\n<td>Fourni<\/td>\n<\/tr>\n<tr>\n<td>Type de marketing<\/td>\n<td>Produit ordinaire<\/td>\n<\/tr>\n<tr>\n<td>Garantie des composants de base<\/td>\n<td>1 an<\/td>\n<\/tr>\n<tr>\n<td>Composants essentiels<\/td>\n<td>Pompe<\/td>\n<\/tr>\n<tr>\n<td>Lieu d'origine<\/td>\n<td>Guangdong, Chine<\/td>\n<\/tr>\n<tr>\n<td>Nom de la marque<\/td>\n<td>Guangzhou Lvyuan<\/td>\n<\/tr>\n<tr>\n<td>Garantie<\/td>\n<td>1 an<\/td>\n<\/tr>\n<tr>\n<td>Service apr\u00e8s-vente<\/td>\n<td>Soutien en ligne<\/td>\n<\/tr>\n<tr>\n<td>Objet<\/td>\n<td>Station d'\u00e9puration des eaux us\u00e9es MBR<\/td>\n<\/tr>\n<tr>\n<td>Garantie<\/td>\n<td>Partie \u00e9lectrique pour un an<\/td>\n<\/tr>\n<tr>\n<td>certification<\/td>\n<td>BV<\/td>\n<\/tr>\n<tr>\n<td>technoloogie 1<\/td>\n<td>technologie de s\u00e9paration par membrane<\/td>\n<\/tr>\n<tr>\n<td>technoloogie 2<\/td>\n<td>technologie de traitement biologique<\/td>\n<\/tr>\n<tr>\n<td>technoloogie 3<\/td>\n<td>Module de membrane Alpha<\/td>\n<\/tr>\n<tr>\n<td>durable<\/td>\n<td>Longue dur\u00e9e de vie<\/td>\n<\/tr>\n<tr>\n<td>fonctionnement<\/td>\n<td>Simple<\/td>\n<\/tr>\n<tr>\n<td>entretien<\/td>\n<td>pratique<\/td>\n<\/tr>\n<tr>\n<td>qualit\u00e9<\/td>\n<td>niveau \u00e9lev\u00e9<\/td>\n<\/tr>\n<tr>\n<td>Capacit\u00e9 d'approvisionnement<\/td>\n<td>5 pi\u00e8ces\/pi\u00e8ces par mois<\/td>\n<\/tr>\n<tr>\n<td>Description du produit<\/td>\n<td>Station d'\u00e9puration int\u00e9gr\u00e9e MBR<\/td>\n<\/tr>\n<tr>\n<td>Application<\/td>\n<td>eau de r\u00e9utilisation des eaux us\u00e9es \/ source d'arrosage des arbres \/ eau de r\u00e9utilisation des eaux us\u00e9es \/ source d'arrosage des arbres<\/td>\n<\/tr>\n<tr>\n<td>Param\u00e8tres techniques<\/td>\n<td>eau de r\u00e9utilisation des eaux us\u00e9es \/ source d'arrosage des arbres \/ eau de r\u00e9utilisation des eaux us\u00e9es \/ source d'arrosage des arbres<\/td>\n<\/tr>\n<\/tbody>\n<\/table>","protected":false},"featured_media":3651,"comment_status":"open","ping_status":"closed","template":"","meta":{"_gspb_post_css":""},"product_brand":[],"product_cat":[1147],"product_tag":[636,1151,1148,1149,1150,1136],"class_list":{"0":"post-3647","1":"product","2":"type-product","3":"status-publish","4":"has-post-thumbnail","6":"product_cat-waste-water-treatment-plant","7":"product_tag-industrial-water-treatment","8":"product_tag-reuse-water-filtration","9":"product_tag-sewage-reuse-water","10":"product_tag-tree-watering-source","11":"product_tag-wastewater-treatment-system","12":"product_tag-water-filter-locks","14":"first","15":"instock","16":"shipping-taxable","17":"product-type-simple"},"_links":{"self":[{"href":"https:\/\/lyfilter.com\/fr\/wp-json\/wp\/v2\/product\/3647","targetHints":{"allow":["GET"]}}],"collection":[{"href":"https:\/\/lyfilter.com\/fr\/wp-json\/wp\/v2\/product"}],"about":[{"href":"https:\/\/lyfilter.com\/fr\/wp-json\/wp\/v2\/types\/product"}],"replies":[{"embeddable":true,"href":"https:\/\/lyfilter.com\/fr\/wp-json\/wp\/v2\/comments?post=3647"}],"wp:featuredmedia":[{"embeddable":true,"href":"https:\/\/lyfilter.com\/fr\/wp-json\/wp\/v2\/media\/3651"}],"wp:attachment":[{"href":"https:\/\/lyfilter.com\/fr\/wp-json\/wp\/v2\/media?parent=3647"}],"wp:term":[{"taxonomy":"product_brand","embeddable":true,"href":"https:\/\/lyfilter.com\/fr\/wp-json\/wp\/v2\/product_brand?post=3647"},{"taxonomy":"product_cat","embeddable":true,"href":"https:\/\/lyfilter.com\/fr\/wp-json\/wp\/v2\/product_cat?post=3647"},{"taxonomy":"product_tag","embeddable":true,"href":"https:\/\/lyfilter.com\/fr\/wp-json\/wp\/v2\/product_tag?post=3647"}],"curies":[{"name":"wp","href":"https:\/\/api.w.org\/{rel}","templated":true}]}}