{"id":3642,"date":"2026-04-02T09:17:12","date_gmt":"2026-04-02T09:17:12","guid":{"rendered":"https:\/\/lyfilter.com\/"},"modified":"2026-04-02T09:17:12","modified_gmt":"2026-04-02T09:17:12","slug":"efficient-sintered-plastic-filter-exporter-for-factory","status":"publish","type":"product","link":"https:\/\/lyfilter.com\/fr\/efficient-sintered-plastic-filter-exporter-for-factory\/","title":{"rendered":"Filtre en plastique fritt\u00e9 efficace exportateur pour l'usine"},"content":{"rendered":"<p>Con\u00e7u pour la filtration des liquides, ce filtre microporeux en titane offre un d\u00e9bit r\u00e9gulier, une r\u00e9sistance \u00e0 la corrosion et des r\u00e9sultats stables. Il est compatible avec les raccords DOE, 222, 226 et les raccords \u00e0 vis, ce qui en fait un produit pratique pour les lignes de traitement industriel.<\/p>","protected":false},"excerpt":{"rendered":"<table>\n<thead>\n<tr>\n<th>Objet<\/th>\n<th>Valeur<\/th>\n<\/tr>\n<\/thead>\n<tbody>\n<tr>\n<td>Industries concern\u00e9es<\/td>\n<td>H\u00f4tels, magasins de v\u00eatements, magasins de mat\u00e9riaux de construction, usines de fabrication, ateliers de r\u00e9paration de machines, usines de produits alimentaires et de boissons, fermes, restaurants, usage domestique, commerce de d\u00e9tail, magasins d'alimentation, imprimeries, travaux de construction, \u00e9nergie et mines, magasins de produits alimentaires et de boissons, soci\u00e9t\u00e9s de publicit\u00e9.<\/td>\n<\/tr>\n<tr>\n<td>Lieu d'origine<\/td>\n<td>Guangdong, Chine<\/td>\n<\/tr>\n<tr>\n<td>Nom de la marque<\/td>\n<td>Lvyuan \/ OEM<\/td>\n<\/tr>\n<tr>\n<td>Mat\u00e9riau<\/td>\n<td>en tant que demande<\/td>\n<\/tr>\n<tr>\n<td>Poids<\/td>\n<td>d\u00e9pend du produit r\u00e9el<\/td>\n<\/tr>\n<tr>\n<td>Taille<\/td>\n<td>personnalisation<\/td>\n<\/tr>\n<tr>\n<td>Puissance<\/td>\n<td>0<\/td>\n<\/tr>\n<tr>\n<td>Garantie<\/td>\n<td>Indisponible<\/td>\n<\/tr>\n<tr>\n<td>Nom<\/td>\n<td>filtres microporeux en titane<\/td>\n<\/tr>\n<tr>\n<td>Taux de micron<\/td>\n<td>0,1, 0,22, 0,45, 1 \u00e0 60 microns<\/td>\n<\/tr>\n<tr>\n<td>Longueur<\/td>\n<td>5\u2033, 10\u2033, 20\u2033, 30\u2033, 40\u2033, OEM<\/td>\n<\/tr>\n<tr>\n<td>Diam\u00e8tre<\/td>\n<td>50, 60, 70, 80mm<\/td>\n<\/tr>\n<tr>\n<td>Type de connexion<\/td>\n<td>DOE, SOE, Type de vis, 222, 226<\/td>\n<\/tr>\n<tr>\n<td>Utilisation<\/td>\n<td>Filtration des liquides<\/td>\n<\/tr>\n<tr>\n<td>Mati\u00e8res premi\u00e8res<\/td>\n<td>Titane pur 99,6%<\/td>\n<\/tr>\n<tr>\n<td>Mode de lavage<\/td>\n<td>Lavage du dos<\/td>\n<\/tr>\n<tr>\n<td>Certification<\/td>\n<td>SGS, ISO9001<\/td>\n<\/tr>\n<tr>\n<td>Bo\u00eetier du filtre<\/td>\n<td>disponible en option<\/td>\n<\/tr>\n<tr>\n<td>Service apr\u00e8s-vente<\/td>\n<td>Soutien en ligne<\/td>\n<\/tr>\n<tr>\n<td>Capacit\u00e9 d'approvisionnement<\/td>\n<td>5000 Piece\/Pieces par semaine filtre en titane microporeux<\/td>\n<\/tr>\n<\/tbody>\n<\/table>","protected":false},"featured_media":3645,"comment_status":"open","ping_status":"closed","template":"","meta":{"_gspb_post_css":""},"product_brand":[],"product_cat":[24],"product_tag":[1145,1144,1143,1142,1146,1136],"class_list":{"0":"post-3642","1":"product","2":"type-product","3":"status-publish","4":"has-post-thumbnail","6":"product_cat-sintered-porous-plastic","7":"product_tag-222-226-code-filter","8":"product_tag-doe-titanium-filter","9":"product_tag-industrial-liquid-filter","10":"product_tag-micropore-titanium-filter","11":"product_tag-titanium-microporous-cartridge","12":"product_tag-water-filter-locks","14":"first","15":"instock","16":"shipping-taxable","17":"product-type-simple"},"_links":{"self":[{"href":"https:\/\/lyfilter.com\/fr\/wp-json\/wp\/v2\/product\/3642","targetHints":{"allow":["GET"]}}],"collection":[{"href":"https:\/\/lyfilter.com\/fr\/wp-json\/wp\/v2\/product"}],"about":[{"href":"https:\/\/lyfilter.com\/fr\/wp-json\/wp\/v2\/types\/product"}],"replies":[{"embeddable":true,"href":"https:\/\/lyfilter.com\/fr\/wp-json\/wp\/v2\/comments?post=3642"}],"wp:featuredmedia":[{"embeddable":true,"href":"https:\/\/lyfilter.com\/fr\/wp-json\/wp\/v2\/media\/3645"}],"wp:attachment":[{"href":"https:\/\/lyfilter.com\/fr\/wp-json\/wp\/v2\/media?parent=3642"}],"wp:term":[{"taxonomy":"product_brand","embeddable":true,"href":"https:\/\/lyfilter.com\/fr\/wp-json\/wp\/v2\/product_brand?post=3642"},{"taxonomy":"product_cat","embeddable":true,"href":"https:\/\/lyfilter.com\/fr\/wp-json\/wp\/v2\/product_cat?post=3642"},{"taxonomy":"product_tag","embeddable":true,"href":"https:\/\/lyfilter.com\/fr\/wp-json\/wp\/v2\/product_tag?post=3642"}],"curies":[{"name":"wp","href":"https:\/\/api.w.org\/{rel}","templated":true}]}}