{"id":3636,"date":"2026-04-02T08:52:29","date_gmt":"2026-04-02T08:52:29","guid":{"rendered":"https:\/\/lyfilter.com\/"},"modified":"2026-04-02T08:52:30","modified_gmt":"2026-04-02T08:52:30","slug":"manufacturer-industrial-micropore-titanium-microporous-filters-with-doe-m20-m30-m42-222-226-code","status":"publish","type":"product","link":"https:\/\/lyfilter.com\/fr\/manufacturer-industrial-micropore-titanium-microporous-filters-with-doe-m20-m30-m42-222-226-code\/","title":{"rendered":"Fabricant Industriel Micropore Titane filtres microporeux avec DOE M20 M30 M42 222 226 code"},"content":{"rendered":"<p>Fabriqu\u00e9 en titane pur, cet \u00e9l\u00e9ment filtrant assure la s\u00e9paration des liquides avec une r\u00e9sistance durable et un lavage \u00e0 contre-courant facile. Les multiples tailles et options de connexion permettent de l'adapter sans probl\u00e8me aux installations de filtration des aliments, des boissons et de l'industrie.<\/p>","protected":false},"excerpt":{"rendered":"<table>\n<thead>\n<tr>\n<th>Objet<\/th>\n<th>Valeur<\/th>\n<\/tr>\n<\/thead>\n<tbody>\n<tr>\n<td>Industries concern\u00e9es<\/td>\n<td>H\u00f4tels, magasins de v\u00eatements, magasins de mat\u00e9riaux de construction, usines de fabrication, ateliers de r\u00e9paration de machines, usines de produits alimentaires et de boissons, fermes, restaurants, usage domestique, commerce de d\u00e9tail, magasins d'alimentation, imprimeries, travaux de construction, \u00e9nergie et mines, magasins de produits alimentaires et de boissons, soci\u00e9t\u00e9s de publicit\u00e9.<\/td>\n<\/tr>\n<tr>\n<td>Lieu d'origine<\/td>\n<td>Guangdong, Chine<\/td>\n<\/tr>\n<tr>\n<td>Nom de la marque<\/td>\n<td>Lvyuan \/ OEM<\/td>\n<\/tr>\n<tr>\n<td>Mat\u00e9riau<\/td>\n<td>en tant que demande<\/td>\n<\/tr>\n<tr>\n<td>Poids<\/td>\n<td>d\u00e9pend du produit r\u00e9el<\/td>\n<\/tr>\n<tr>\n<td>Taille<\/td>\n<td>personnalisation<\/td>\n<\/tr>\n<tr>\n<td>Puissance<\/td>\n<td>0<\/td>\n<\/tr>\n<tr>\n<td>Garantie<\/td>\n<td>Indisponible<\/td>\n<\/tr>\n<tr>\n<td>Nom<\/td>\n<td>filtres microporeux en titane<\/td>\n<\/tr>\n<tr>\n<td>Taux de micron<\/td>\n<td>0,1, 0,22, 0,45, 1 \u00e0 60 microns<\/td>\n<\/tr>\n<tr>\n<td>Longueur<\/td>\n<td>5\u2033, 10\u2033, 20\u2033, 30\u2033, 40\u2033, OEM<\/td>\n<\/tr>\n<tr>\n<td>Diam\u00e8tre<\/td>\n<td>50, 60, 70, 80mm<\/td>\n<\/tr>\n<tr>\n<td>Type de connexion<\/td>\n<td>DOE, SOE, Type de vis, 222, 226<\/td>\n<\/tr>\n<tr>\n<td>Utilisation<\/td>\n<td>Filtration des liquides<\/td>\n<\/tr>\n<tr>\n<td>Mati\u00e8res premi\u00e8res<\/td>\n<td>Titane pur 99,6%<\/td>\n<\/tr>\n<tr>\n<td>Mode de lavage<\/td>\n<td>Lavage du dos<\/td>\n<\/tr>\n<tr>\n<td>Certification<\/td>\n<td>SGS, ISO9001<\/td>\n<\/tr>\n<tr>\n<td>Bo\u00eetier du filtre<\/td>\n<td>disponible en option<\/td>\n<\/tr>\n<tr>\n<td>Service apr\u00e8s-vente<\/td>\n<td>Soutien en ligne<\/td>\n<\/tr>\n<tr>\n<td>Capacit\u00e9 d'approvisionnement<\/td>\n<td>5000 Piece\/Pieces par semaine filtre en titane microporeux<\/td>\n<\/tr>\n<\/tbody>\n<\/table>","protected":false},"featured_media":3639,"comment_status":"open","ping_status":"closed","template":"","meta":{"_gspb_post_css":""},"product_brand":[],"product_cat":[1141],"product_tag":[1145,1144,1143,1142,1146,1136],"class_list":{"0":"post-3636","1":"product","2":"type-product","3":"status-publish","4":"has-post-thumbnail","6":"product_cat-titanium-filter-cartridge","7":"product_tag-222-226-code-filter","8":"product_tag-doe-titanium-filter","9":"product_tag-industrial-liquid-filter","10":"product_tag-micropore-titanium-filter","11":"product_tag-titanium-microporous-cartridge","12":"product_tag-water-filter-locks","14":"first","15":"instock","16":"shipping-taxable","17":"product-type-simple"},"_links":{"self":[{"href":"https:\/\/lyfilter.com\/fr\/wp-json\/wp\/v2\/product\/3636","targetHints":{"allow":["GET"]}}],"collection":[{"href":"https:\/\/lyfilter.com\/fr\/wp-json\/wp\/v2\/product"}],"about":[{"href":"https:\/\/lyfilter.com\/fr\/wp-json\/wp\/v2\/types\/product"}],"replies":[{"embeddable":true,"href":"https:\/\/lyfilter.com\/fr\/wp-json\/wp\/v2\/comments?post=3636"}],"wp:featuredmedia":[{"embeddable":true,"href":"https:\/\/lyfilter.com\/fr\/wp-json\/wp\/v2\/media\/3639"}],"wp:attachment":[{"href":"https:\/\/lyfilter.com\/fr\/wp-json\/wp\/v2\/media?parent=3636"}],"wp:term":[{"taxonomy":"product_brand","embeddable":true,"href":"https:\/\/lyfilter.com\/fr\/wp-json\/wp\/v2\/product_brand?post=3636"},{"taxonomy":"product_cat","embeddable":true,"href":"https:\/\/lyfilter.com\/fr\/wp-json\/wp\/v2\/product_cat?post=3636"},{"taxonomy":"product_tag","embeddable":true,"href":"https:\/\/lyfilter.com\/fr\/wp-json\/wp\/v2\/product_tag?post=3636"}],"curies":[{"name":"wp","href":"https:\/\/api.w.org\/{rel}","templated":true}]}}